{"id":9599,"date":"2024-06-23T16:01:25","date_gmt":"2024-06-23T15:01:25","guid":{"rendered":"https:\/\/www.ecofirma.ci\/?page_id=9599"},"modified":"2026-04-24T15:15:01","modified_gmt":"2026-04-24T15:15:01","slug":"sistemas-compactos-tratamento-agua","status":"publish","type":"page","link":"https:\/\/www.ecofirma.ci\/fr\/servicos\/sistemas-compactos-tratamento-agua\/","title":{"rendered":"SYST\u00c8MES COMPACTS DE TRAITEMENT DE L\u2019EAU"},"content":{"rendered":"\t\t<div data-elementor-type=\"wp-page\" data-elementor-id=\"9599\" class=\"elementor elementor-9599\" data-elementor-post-type=\"page\">\n\t\t\t\t<div class=\"elementor-element elementor-element-a4f5442 e-con-full e-flex e-con e-parent\" data-id=\"a4f5442\" data-element_type=\"container\" data-e-type=\"container\" data-settings=\"{&quot;background_background&quot;:&quot;classic&quot;}\">\n\t\t<div class=\"elementor-element elementor-element-bfae7e1 e-flex e-con-boxed e-con e-child\" data-id=\"bfae7e1\" data-element_type=\"container\" data-e-type=\"container\">\n\t\t\t\t\t<div class=\"e-con-inner\">\n\t\t\t\t<div class=\"elementor-element elementor-element-39e1ad8 elementor-widget elementor-widget-image\" data-id=\"39e1ad8\" data-element_type=\"widget\" data-e-type=\"widget\" id=\"#icon\" data-settings=\"{&quot;motion_fx_motion_fx_mouse&quot;:&quot;yes&quot;,&quot;motion_fx_mouseTrack_effect&quot;:&quot;yes&quot;,&quot;motion_fx_mouseTrack_speed&quot;:{&quot;unit&quot;:&quot;px&quot;,&quot;size&quot;:0.1000000000000000055511151231257827021181583404541015625,&quot;sizes&quot;:[]},&quot;motion_fx_tilt_effect&quot;:&quot;yes&quot;,&quot;motion_fx_tilt_speed&quot;:{&quot;unit&quot;:&quot;px&quot;,&quot;size&quot;:2,&quot;sizes&quot;:[]}}\" data-widget_type=\"image.default\">\n\t\t\t\t<div class=\"elementor-widget-container\">\n\t\t\t\t\t\t\t\t\t\t\t\t\t\t\t<img fetchpriority=\"high\" decoding=\"async\" width=\"800\" height=\"800\" src=\"https:\/\/www.ecofirma.ci\/wp-content\/uploads\/2024\/06\/ECOFIRMA-ETA-ETAR-modular-contentorizada-icon-1024x1024.png\" class=\"attachment-large size-large wp-image-9606\" alt=\"\" srcset=\"https:\/\/www.ecofirma.ci\/wp-content\/uploads\/2024\/06\/ECOFIRMA-ETA-ETAR-modular-contentorizada-icon-1024x1024.png 1024w, https:\/\/www.ecofirma.ci\/wp-content\/uploads\/2024\/06\/ECOFIRMA-ETA-ETAR-modular-contentorizada-icon-400x400.png 400w, https:\/\/www.ecofirma.ci\/wp-content\/uploads\/2024\/06\/ECOFIRMA-ETA-ETAR-modular-contentorizada-icon-300x300.png 300w, https:\/\/www.ecofirma.ci\/wp-content\/uploads\/2024\/06\/ECOFIRMA-ETA-ETAR-modular-contentorizada-icon-768x768.png 768w, https:\/\/www.ecofirma.ci\/wp-content\/uploads\/2024\/06\/ECOFIRMA-ETA-ETAR-modular-contentorizada-icon-1536x1536.png 1536w, https:\/\/www.ecofirma.ci\/wp-content\/uploads\/2024\/06\/ECOFIRMA-ETA-ETAR-modular-contentorizada-icon-2048x2048.png 2048w, https:\/\/www.ecofirma.ci\/wp-content\/uploads\/2024\/06\/ECOFIRMA-ETA-ETAR-modular-contentorizada-icon-12x12.png 12w\" sizes=\"(max-width: 800px) 100vw, 800px\" \/>\t\t\t\t\t\t\t\t\t\t\t\t\t\t\t<\/div>\n\t\t\t\t<\/div>\n\t\t\t\t<div class=\"elementor-element elementor-element-172bbcb elementor-widget elementor-widget-text-editor\" data-id=\"172bbcb\" data-element_type=\"widget\" data-e-type=\"widget\" data-widget_type=\"text-editor.default\">\n\t\t\t\t<div class=\"elementor-widget-container\">\n\t\t\t\t\t\t\t\t\t<p>SYST\u00c8MES COMPACTS DE TRAITEMENT DE L\u2019EAU<\/p>\t\t\t\t\t\t\t\t<\/div>\n\t\t\t\t<\/div>\n\t\t\t\t\t<\/div>\n\t\t\t\t<\/div>\n\t\t\t\t<\/div>\n\t\t<div class=\"elementor-element elementor-element-45d8ec1 e-flex e-con-boxed e-con e-parent\" data-id=\"45d8ec1\" data-element_type=\"container\" data-e-type=\"container\" data-settings=\"{&quot;background_background&quot;:&quot;classic&quot;}\">\n\t\t\t\t\t<div class=\"e-con-inner\">\n\t\t\t\t<div class=\"elementor-element elementor-element-c813ea0 elementor-widget elementor-widget-text-editor\" data-id=\"c813ea0\" data-element_type=\"widget\" data-e-type=\"widget\" data-widget_type=\"text-editor.default\">\n\t\t\t\t<div class=\"elementor-widget-container\">\n\t\t\t\t\t\t\t\t\t<p>Syst\u00e8mes \u00e0 faible co\u00fbt, fabriqu\u00e9s en Angola, permettant un acc\u00e8s simple \u00e0 l\u2019eau potable pour les petites et moyennes agglom\u00e9rations, institutions publiques, chantiers, entre autres.<\/p><p>Ces syst\u00e8mes, de fabrication locale, sont con\u00e7us et adapt\u00e9s aux besoins sp\u00e9cifiques de chaque client, sur la base d\u2019\u00e9tudes techniques r\u00e9alis\u00e9es en fonction des exigences du projet.<\/p><p>L\u2019utilisation de conteneurs de 20 pieds facilite \u00e0 la fois le transport et l\u2019installation, permettant de cr\u00e9er des solutions modulaires et flexibles, dimensionn\u00e9es en fonction des besoins en eau trait\u00e9e.<\/p>\t\t\t\t\t\t\t\t<\/div>\n\t\t\t\t<\/div>\n\t\t\t\t\t<\/div>\n\t\t\t\t<\/div>\n\t\t<div class=\"elementor-element elementor-element-1318d68 e-flex e-con-boxed e-con e-parent\" data-id=\"1318d68\" data-element_type=\"container\" data-e-type=\"container\">\n\t\t\t\t\t<div class=\"e-con-inner\">\n\t\t<div class=\"elementor-element elementor-element-6d1681d e-con-full e-flex elementor-invisible e-con e-child\" data-id=\"6d1681d\" data-element_type=\"container\" data-e-type=\"container\" data-settings=\"{&quot;background_background&quot;:&quot;classic&quot;,&quot;animation&quot;:&quot;fadeInLeft&quot;}\">\n\t\t\t\t<\/div>\n\t\t<div class=\"elementor-element elementor-element-e5e4ad3 e-con-full animated-slow e-flex elementor-invisible e-con e-child\" data-id=\"e5e4ad3\" data-element_type=\"container\" data-e-type=\"container\" data-settings=\"{&quot;animation&quot;:&quot;fadeIn&quot;}\">\n\t\t\t\t<div class=\"elementor-element elementor-element-750c486 elementor-widget elementor-widget-heading\" data-id=\"750c486\" data-element_type=\"widget\" data-e-type=\"widget\" data-widget_type=\"heading.default\">\n\t\t\t\t<div class=\"elementor-widget-container\">\n\t\t\t\t\t<h2 class=\"elementor-heading-title elementor-size-default\">CARACT\u00c9RISTIQUES<\/h2>\t\t\t\t<\/div>\n\t\t\t\t<\/div>\n\t\t\t\t<div class=\"elementor-element elementor-element-1267223 elementor-widget elementor-widget-text-editor\" data-id=\"1267223\" data-element_type=\"widget\" data-e-type=\"widget\" data-widget_type=\"text-editor.default\">\n\t\t\t\t<div class=\"elementor-widget-container\">\n\t\t\t\t\t\t\t\t\t<ul><li>Syst\u00e8me compact pr\u00e9assembl\u00e9 et adapt\u00e9 au site<\/li><li>Connexions ext\u00e9rieures sans n\u00e9cessit\u00e9 d\u2019intervention \u00e0 l\u2019int\u00e9rieur des conteneurs<\/li><li>Fonctionnement possible en mode 100 % automatique, 100 % manuel ou hybride selon les besoins<\/li><li>Possibilit\u00e9 d\u2019augmentation de capacit\u00e9 par ajout de modules<\/li><li>Fonctionnement avec \u00e9nergie photovolta\u00efque ou r\u00e9seau \u00e9lectrique (possibilit\u00e9 d\u2019int\u00e9gration d\u2019un g\u00e9n\u00e9rateur)<\/li><li>Exploitation et maintenance simples et \u00e0 faible co\u00fbt<\/li><li>Solutions adapt\u00e9es pour captage en barrages, lagunes, rivi\u00e8res ou syst\u00e8mes avec forages et puits.<\/li><\/ul>\t\t\t\t\t\t\t\t<\/div>\n\t\t\t\t<\/div>\n\t\t\t\t<\/div>\n\t\t\t\t\t<\/div>\n\t\t\t\t<\/div>\n\t\t<div class=\"elementor-element elementor-element-0488c0e e-flex e-con-boxed e-con e-parent\" data-id=\"0488c0e\" data-element_type=\"container\" data-e-type=\"container\" data-settings=\"{&quot;background_background&quot;:&quot;classic&quot;}\">\n\t\t\t\t\t<div class=\"e-con-inner\">\n\t\t<div class=\"elementor-element elementor-element-273ed8b e-con-full animated-slow e-flex elementor-invisible e-con e-child\" data-id=\"273ed8b\" data-element_type=\"container\" data-e-type=\"container\" data-settings=\"{&quot;animation&quot;:&quot;fadeIn&quot;}\">\n\t\t\t\t<div class=\"elementor-element elementor-element-3628a8d elementor-widget elementor-widget-heading\" data-id=\"3628a8d\" data-element_type=\"widget\" data-e-type=\"widget\" data-widget_type=\"heading.default\">\n\t\t\t\t<div class=\"elementor-widget-container\">\n\t\t\t\t\t<h2 class=\"elementor-heading-title elementor-size-default\">UNE EAU PROPRE ADAPT\u00c9E \u00c0 VOS BESOINS<\/h2>\t\t\t\t<\/div>\n\t\t\t\t<\/div>\n\t\t\t\t<div class=\"elementor-element elementor-element-6cc16cf elementor-widget elementor-widget-text-editor\" data-id=\"6cc16cf\" data-element_type=\"widget\" data-e-type=\"widget\" data-widget_type=\"text-editor.default\">\n\t\t\t\t<div class=\"elementor-widget-container\">\n\t\t\t\t\t\t\t\t\t<p>Le module est constitu\u00e9 d\u2019un r\u00e9acteur BATCH \u00e0 axe horizontal en acier, construit \u00e0 partir d\u2019un conteneur maritime.<\/p><p>Les syst\u00e8mes compacts de traitement de l\u2019eau existent en deux versions : 200 et 400.<\/p><p>Leur conception repose sur le principe des boues activ\u00e9es, selon un syst\u00e8me d\u2019oxydation totale avec a\u00e9ration prolong\u00e9e.<\/p><p>Ce type de traitement offre un rendement \u00e9lev\u00e9, r\u00e9pondant aux exigences des r\u00e9glementations en vigueur au sein de l\u2019Union Europ\u00e9enne.<\/p>\t\t\t\t\t\t\t\t<\/div>\n\t\t\t\t<\/div>\n\t\t\t\t<\/div>\n\t\t<div class=\"elementor-element elementor-element-79db2c2 e-con-full e-flex elementor-invisible e-con e-child\" data-id=\"79db2c2\" data-element_type=\"container\" data-e-type=\"container\" data-settings=\"{&quot;background_background&quot;:&quot;classic&quot;,&quot;animation&quot;:&quot;fadeInRight&quot;}\">\n\t\t\t\t<\/div>\n\t\t\t\t\t<\/div>\n\t\t\t\t<\/div>\n\t\t<div class=\"elementor-element elementor-element-ede7e4a e-flex e-con-boxed e-con e-parent\" data-id=\"ede7e4a\" data-element_type=\"container\" data-e-type=\"container\">\n\t\t\t\t\t<div class=\"e-con-inner\">\n\t\t<div class=\"elementor-element elementor-element-93dd2f4 e-con-full e-flex elementor-invisible e-con e-child\" data-id=\"93dd2f4\" data-element_type=\"container\" data-e-type=\"container\" data-settings=\"{&quot;background_background&quot;:&quot;classic&quot;,&quot;animation&quot;:&quot;fadeInLeft&quot;}\">\n\t\t\t\t<\/div>\n\t\t<div class=\"elementor-element elementor-element-14b89cd e-con-full animated-slow e-flex elementor-invisible e-con e-child\" data-id=\"14b89cd\" data-element_type=\"container\" data-e-type=\"container\" data-settings=\"{&quot;animation&quot;:&quot;fadeIn&quot;}\">\n\t\t\t\t<div class=\"elementor-element elementor-element-bf8da07 elementor-widget elementor-widget-heading\" data-id=\"bf8da07\" data-element_type=\"widget\" data-e-type=\"widget\" data-widget_type=\"heading.default\">\n\t\t\t\t<div class=\"elementor-widget-container\">\n\t\t\t\t\t<h2 class=\"elementor-heading-title elementor-size-default\">AVANTAGES SUPPL\u00c9MENTAIRES<\/h2>\t\t\t\t<\/div>\n\t\t\t\t<\/div>\n\t\t\t\t<div class=\"elementor-element elementor-element-3a00212 elementor-widget elementor-widget-text-editor\" data-id=\"3a00212\" data-element_type=\"widget\" data-e-type=\"widget\" data-widget_type=\"text-editor.default\">\n\t\t\t\t<div class=\"elementor-widget-container\">\n\t\t\t\t\t\t\t\t\t<ul><li>Syst\u00e8me pr\u00eat \u00e0 fonctionner, n\u00e9cessitant uniquement les raccordements hydrauliques et \u00e9lectriques externes<\/li><li>Conception modulaire permettant une \u00e9volution dans le temps, en fonction des besoins, sans interruption des unit\u00e9s existantes<\/li><li>Grande flexibilit\u00e9 d\u2019installation, avec possibilit\u00e9 de mise en surface ou enterr\u00e9e<\/li><li>Syst\u00e8me enti\u00e8rement autonome gr\u00e2ce \u00e0 son automatisation, n\u00e9cessitant peu de maintenance et peu de personnel sp\u00e9cialis\u00e9.<\/li><\/ul>\t\t\t\t\t\t\t\t<\/div>\n\t\t\t\t<\/div>\n\t\t\t\t<\/div>\n\t\t\t\t\t<\/div>\n\t\t\t\t<\/div>\n\t\t\t\t<\/div>\n\t\t","protected":false},"excerpt":{"rendered":"<p>Nous proposons des syst\u00e8mes compacts de traitement de l\u2019eau, \u00e9conomiques, modulaires et adapt\u00e9s aux besoins sp\u00e9cifiques, garantissant un acc\u00e8s fiable \u00e0 l\u2019eau potable.<\/p>\n","protected":false},"author":4,"featured_media":8632,"parent":1255,"menu_order":0,"comment_status":"closed","ping_status":"closed","template":"elementor_header_footer","meta":{"footnotes":""},"class_list":["post-9599","page","type-page","status-publish","has-post-thumbnail","hentry"],"yoast_head":"<!-- This site is optimized with the Yoast SEO plugin v27.4 - https:\/\/yoast.com\/product\/yoast-seo-wordpress\/ -->\n<title>Sistemas de Abastecimento e Tratamento de \u00c1guas<\/title>\n<meta name=\"description\" content=\"Concep\u00e7\u00e3o, constru\u00e7\u00e3o, diagn\u00f3stico, repara\u00e7\u00e3o e manuten\u00e7\u00e3o de sistemas de abastecimento e tratamento de \u00e1guas.\" \/>\n<meta name=\"robots\" content=\"index, follow, max-snippet:-1, max-image-preview:large, max-video-preview:-1\" \/>\n<link rel=\"canonical\" href=\"https:\/\/www.ecofirma.ci\/fr\/pt\/servicos\/sistemas-compactos-tratamento-agua\/\" \/>\n<meta property=\"og:locale\" content=\"fr_FR\" \/>\n<meta property=\"og:type\" content=\"article\" \/>\n<meta property=\"og:title\" content=\"Sistemas de Abastecimento e Tratamento de \u00c1guas\" \/>\n<meta property=\"og:description\" content=\"Concep\u00e7\u00e3o, constru\u00e7\u00e3o, diagn\u00f3stico, repara\u00e7\u00e3o e manuten\u00e7\u00e3o de sistemas de abastecimento e tratamento de \u00e1guas.\" \/>\n<meta property=\"og:url\" content=\"https:\/\/www.ecofirma.ci\/fr\/pt\/servicos\/sistemas-compactos-tratamento-agua\/\" \/>\n<meta property=\"og:site_name\" content=\"ECOFIRMA C\u00f4te D&#039;Ivoire\" \/>\n<meta property=\"article:publisher\" content=\"https:\/\/www.facebook.com\/EcoEcofirma\" \/>\n<meta property=\"article:modified_time\" content=\"2026-04-24T15:15:01+00:00\" \/>\n<meta property=\"og:image\" content=\"https:\/\/www.ecofirma.ci\/wp-content\/uploads\/2023\/08\/psd1\u00a7.jpg?_t=1777043702\" \/>\n\t<meta property=\"og:image:width\" content=\"2395\" \/>\n\t<meta property=\"og:image:height\" content=\"1596\" \/>\n\t<meta property=\"og:image:type\" content=\"image\/jpeg\" \/>\n<meta name=\"twitter:card\" content=\"summary_large_image\" \/>\n<meta name=\"twitter:label1\" content=\"Dur\u00e9e de lecture estim\u00e9e\" \/>\n\t<meta name=\"twitter:data1\" content=\"2 minutes\" \/>\n<script type=\"application\/ld+json\" class=\"yoast-schema-graph\">{\"@context\":\"https:\\\/\\\/schema.org\",\"@graph\":[{\"@type\":\"WebPage\",\"@id\":\"https:\\\/\\\/www.ecofirma.ci\\\/pt\\\/servicos\\\/sistemas-compactos-tratamento-agua\\\/\",\"url\":\"https:\\\/\\\/www.ecofirma.ci\\\/pt\\\/servicos\\\/sistemas-compactos-tratamento-agua\\\/\",\"name\":\"Sistemas de Abastecimento e Tratamento de \u00c1guas\",\"isPartOf\":{\"@id\":\"https:\\\/\\\/www.ecofirma.ci\\\/#website\"},\"primaryImageOfPage\":{\"@id\":\"https:\\\/\\\/www.ecofirma.ci\\\/pt\\\/servicos\\\/sistemas-compactos-tratamento-agua\\\/#primaryimage\"},\"image\":{\"@id\":\"https:\\\/\\\/www.ecofirma.ci\\\/pt\\\/servicos\\\/sistemas-compactos-tratamento-agua\\\/#primaryimage\"},\"thumbnailUrl\":\"https:\\\/\\\/www.ecofirma.ci\\\/wp-content\\\/uploads\\\/2023\\\/08\\\/psd1\u00a7.jpg\",\"datePublished\":\"2024-06-23T15:01:25+00:00\",\"dateModified\":\"2026-04-24T15:15:01+00:00\",\"description\":\"Concep\u00e7\u00e3o, constru\u00e7\u00e3o, diagn\u00f3stico, repara\u00e7\u00e3o e manuten\u00e7\u00e3o de sistemas de abastecimento e tratamento de \u00e1guas.\",\"breadcrumb\":{\"@id\":\"https:\\\/\\\/www.ecofirma.ci\\\/pt\\\/servicos\\\/sistemas-compactos-tratamento-agua\\\/#breadcrumb\"},\"inLanguage\":\"fr-FR\",\"potentialAction\":[{\"@type\":\"ReadAction\",\"target\":[\"https:\\\/\\\/www.ecofirma.ci\\\/pt\\\/servicos\\\/sistemas-compactos-tratamento-agua\\\/\"]}]},{\"@type\":\"ImageObject\",\"inLanguage\":\"fr-FR\",\"@id\":\"https:\\\/\\\/www.ecofirma.ci\\\/pt\\\/servicos\\\/sistemas-compactos-tratamento-agua\\\/#primaryimage\",\"url\":\"https:\\\/\\\/www.ecofirma.ci\\\/wp-content\\\/uploads\\\/2023\\\/08\\\/psd1\u00a7.jpg\",\"contentUrl\":\"https:\\\/\\\/www.ecofirma.ci\\\/wp-content\\\/uploads\\\/2023\\\/08\\\/psd1\u00a7.jpg\",\"width\":2395,\"height\":1596},{\"@type\":\"BreadcrumbList\",\"@id\":\"https:\\\/\\\/www.ecofirma.ci\\\/pt\\\/servicos\\\/sistemas-compactos-tratamento-agua\\\/#breadcrumb\",\"itemListElement\":[{\"@type\":\"ListItem\",\"position\":1,\"name\":\"In\u00edcio\",\"item\":\"https:\\\/\\\/www.ecofirma.ci\\\/\"},{\"@type\":\"ListItem\",\"position\":2,\"name\":\"Notres services\",\"item\":\"https:\\\/\\\/www.ecofirma.ci\\\/servicos\\\/\"},{\"@type\":\"ListItem\",\"position\":3,\"name\":\"SYST\u00c8MES COMPACTS DE TRAITEMENT DE L\u2019EAU\"}]},{\"@type\":\"WebSite\",\"@id\":\"https:\\\/\\\/www.ecofirma.ci\\\/#website\",\"url\":\"https:\\\/\\\/www.ecofirma.ci\\\/\",\"name\":\"ECOFIRMA C\u00f4te D&#039;Ivoire\",\"description\":\"Avec nous, c&#039;est l&#039;Assurance !\",\"publisher\":{\"@id\":\"https:\\\/\\\/www.ecofirma.ci\\\/#organization\"},\"potentialAction\":[{\"@type\":\"SearchAction\",\"target\":{\"@type\":\"EntryPoint\",\"urlTemplate\":\"https:\\\/\\\/www.ecofirma.ci\\\/?s={search_term_string}\"},\"query-input\":{\"@type\":\"PropertyValueSpecification\",\"valueRequired\":true,\"valueName\":\"search_term_string\"}}],\"inLanguage\":\"fr-FR\"},{\"@type\":\"Organization\",\"@id\":\"https:\\\/\\\/www.ecofirma.ci\\\/#organization\",\"name\":\"ECOFIRMA C\u00f4te D&#039;Ivoire\",\"url\":\"https:\\\/\\\/www.ecofirma.ci\\\/\",\"logo\":{\"@type\":\"ImageObject\",\"inLanguage\":\"fr-FR\",\"@id\":\"https:\\\/\\\/www.ecofirma.ci\\\/#\\\/schema\\\/logo\\\/image\\\/\",\"url\":\"https:\\\/\\\/www.ecofirma.ci\\\/wp-content\\\/uploads\\\/2023\\\/04\\\/ECOFIRMA-Cote-divoire-logo-scaled.png\",\"contentUrl\":\"https:\\\/\\\/www.ecofirma.ci\\\/wp-content\\\/uploads\\\/2023\\\/04\\\/ECOFIRMA-Cote-divoire-logo-scaled.png\",\"width\":2560,\"height\":1079,\"caption\":\"ECOFIRMA C\u00f4te D&#039;Ivoire\"},\"image\":{\"@id\":\"https:\\\/\\\/www.ecofirma.ci\\\/#\\\/schema\\\/logo\\\/image\\\/\"},\"sameAs\":[\"https:\\\/\\\/www.facebook.com\\\/EcoEcofirma\",\"https:\\\/\\\/www.linkedin.com\\\/company\\\/grupoecofirma\"]}]}<\/script>\n<!-- \/ Yoast SEO plugin. -->","yoast_head_json":{"title":"Sistemas de Abastecimento e Tratamento de \u00c1guas","description":"Concep\u00e7\u00e3o, constru\u00e7\u00e3o, diagn\u00f3stico, repara\u00e7\u00e3o e manuten\u00e7\u00e3o de sistemas de abastecimento e tratamento de \u00e1guas.","robots":{"index":"index","follow":"follow","max-snippet":"max-snippet:-1","max-image-preview":"max-image-preview:large","max-video-preview":"max-video-preview:-1"},"canonical":"https:\/\/www.ecofirma.ci\/fr\/pt\/servicos\/sistemas-compactos-tratamento-agua\/","og_locale":"fr_FR","og_type":"article","og_title":"Sistemas de Abastecimento e Tratamento de \u00c1guas","og_description":"Concep\u00e7\u00e3o, constru\u00e7\u00e3o, diagn\u00f3stico, repara\u00e7\u00e3o e manuten\u00e7\u00e3o de sistemas de abastecimento e tratamento de \u00e1guas.","og_url":"https:\/\/www.ecofirma.ci\/fr\/pt\/servicos\/sistemas-compactos-tratamento-agua\/","og_site_name":"ECOFIRMA C\u00f4te D&#039;Ivoire","article_publisher":"https:\/\/www.facebook.com\/EcoEcofirma","article_modified_time":"2026-04-24T15:15:01+00:00","og_image":[{"width":2395,"height":1596,"url":"https:\/\/www.ecofirma.ci\/wp-content\/uploads\/2023\/08\/psd1\u00a7.jpg?_t=1777043702","type":"image\/jpeg"}],"twitter_card":"summary_large_image","twitter_misc":{"Dur\u00e9e de lecture estim\u00e9e":"2 minutes"},"schema":{"@context":"https:\/\/schema.org","@graph":[{"@type":"WebPage","@id":"https:\/\/www.ecofirma.ci\/pt\/servicos\/sistemas-compactos-tratamento-agua\/","url":"https:\/\/www.ecofirma.ci\/pt\/servicos\/sistemas-compactos-tratamento-agua\/","name":"Sistemas de Abastecimento e Tratamento de \u00c1guas","isPartOf":{"@id":"https:\/\/www.ecofirma.ci\/#website"},"primaryImageOfPage":{"@id":"https:\/\/www.ecofirma.ci\/pt\/servicos\/sistemas-compactos-tratamento-agua\/#primaryimage"},"image":{"@id":"https:\/\/www.ecofirma.ci\/pt\/servicos\/sistemas-compactos-tratamento-agua\/#primaryimage"},"thumbnailUrl":"https:\/\/www.ecofirma.ci\/wp-content\/uploads\/2023\/08\/psd1\u00a7.jpg","datePublished":"2024-06-23T15:01:25+00:00","dateModified":"2026-04-24T15:15:01+00:00","description":"Concep\u00e7\u00e3o, constru\u00e7\u00e3o, diagn\u00f3stico, repara\u00e7\u00e3o e manuten\u00e7\u00e3o de sistemas de abastecimento e tratamento de \u00e1guas.","breadcrumb":{"@id":"https:\/\/www.ecofirma.ci\/pt\/servicos\/sistemas-compactos-tratamento-agua\/#breadcrumb"},"inLanguage":"fr-FR","potentialAction":[{"@type":"ReadAction","target":["https:\/\/www.ecofirma.ci\/pt\/servicos\/sistemas-compactos-tratamento-agua\/"]}]},{"@type":"ImageObject","inLanguage":"fr-FR","@id":"https:\/\/www.ecofirma.ci\/pt\/servicos\/sistemas-compactos-tratamento-agua\/#primaryimage","url":"https:\/\/www.ecofirma.ci\/wp-content\/uploads\/2023\/08\/psd1\u00a7.jpg","contentUrl":"https:\/\/www.ecofirma.ci\/wp-content\/uploads\/2023\/08\/psd1\u00a7.jpg","width":2395,"height":1596},{"@type":"BreadcrumbList","@id":"https:\/\/www.ecofirma.ci\/pt\/servicos\/sistemas-compactos-tratamento-agua\/#breadcrumb","itemListElement":[{"@type":"ListItem","position":1,"name":"In\u00edcio","item":"https:\/\/www.ecofirma.ci\/"},{"@type":"ListItem","position":2,"name":"Notres services","item":"https:\/\/www.ecofirma.ci\/servicos\/"},{"@type":"ListItem","position":3,"name":"SYST\u00c8MES COMPACTS DE TRAITEMENT DE L\u2019EAU"}]},{"@type":"WebSite","@id":"https:\/\/www.ecofirma.ci\/#website","url":"https:\/\/www.ecofirma.ci\/","name":"ECOFIRMA C\u00f4te D&#039;Ivoire","description":"Avec nous, c&#039;est l&#039;Assurance !","publisher":{"@id":"https:\/\/www.ecofirma.ci\/#organization"},"potentialAction":[{"@type":"SearchAction","target":{"@type":"EntryPoint","urlTemplate":"https:\/\/www.ecofirma.ci\/?s={search_term_string}"},"query-input":{"@type":"PropertyValueSpecification","valueRequired":true,"valueName":"search_term_string"}}],"inLanguage":"fr-FR"},{"@type":"Organization","@id":"https:\/\/www.ecofirma.ci\/#organization","name":"ECOFIRMA C\u00f4te D&#039;Ivoire","url":"https:\/\/www.ecofirma.ci\/","logo":{"@type":"ImageObject","inLanguage":"fr-FR","@id":"https:\/\/www.ecofirma.ci\/#\/schema\/logo\/image\/","url":"https:\/\/www.ecofirma.ci\/wp-content\/uploads\/2023\/04\/ECOFIRMA-Cote-divoire-logo-scaled.png","contentUrl":"https:\/\/www.ecofirma.ci\/wp-content\/uploads\/2023\/04\/ECOFIRMA-Cote-divoire-logo-scaled.png","width":2560,"height":1079,"caption":"ECOFIRMA C\u00f4te D&#039;Ivoire"},"image":{"@id":"https:\/\/www.ecofirma.ci\/#\/schema\/logo\/image\/"},"sameAs":["https:\/\/www.facebook.com\/EcoEcofirma","https:\/\/www.linkedin.com\/company\/grupoecofirma"]}]}},"_links":{"self":[{"href":"https:\/\/www.ecofirma.ci\/fr\/wp-json\/wp\/v2\/pages\/9599","targetHints":{"allow":["GET"]}}],"collection":[{"href":"https:\/\/www.ecofirma.ci\/fr\/wp-json\/wp\/v2\/pages"}],"about":[{"href":"https:\/\/www.ecofirma.ci\/fr\/wp-json\/wp\/v2\/types\/page"}],"author":[{"embeddable":true,"href":"https:\/\/www.ecofirma.ci\/fr\/wp-json\/wp\/v2\/users\/4"}],"replies":[{"embeddable":true,"href":"https:\/\/www.ecofirma.ci\/fr\/wp-json\/wp\/v2\/comments?post=9599"}],"version-history":[{"count":21,"href":"https:\/\/www.ecofirma.ci\/fr\/wp-json\/wp\/v2\/pages\/9599\/revisions"}],"predecessor-version":[{"id":10081,"href":"https:\/\/www.ecofirma.ci\/fr\/wp-json\/wp\/v2\/pages\/9599\/revisions\/10081"}],"up":[{"embeddable":true,"href":"https:\/\/www.ecofirma.ci\/fr\/wp-json\/wp\/v2\/pages\/1255"}],"wp:featuredmedia":[{"embeddable":true,"href":"https:\/\/www.ecofirma.ci\/fr\/wp-json\/wp\/v2\/media\/8632"}],"wp:attachment":[{"href":"https:\/\/www.ecofirma.ci\/fr\/wp-json\/wp\/v2\/media?parent=9599"}],"curies":[{"name":"wp","href":"https:\/\/api.w.org\/{rel}","templated":true}]}}