{"id":8096,"date":"2023-07-19T18:29:28","date_gmt":"2023-07-19T17:29:28","guid":{"rendered":"https:\/\/www.ecofirma.ci\/?page_id=8096"},"modified":"2026-04-25T09:58:58","modified_gmt":"2026-04-25T09:58:58","slug":"quem-somos","status":"publish","type":"page","link":"https:\/\/www.ecofirma.ci\/fr\/quem-somos\/","title":{"rendered":"Qui sommes-nous"},"content":{"rendered":"\t\t<div data-elementor-type=\"wp-page\" data-elementor-id=\"8096\" class=\"elementor elementor-8096\" data-elementor-post-type=\"page\">\n\t\t\t\t<div class=\"elementor-element elementor-element-a4f5442 e-con-full e-flex e-con e-parent\" data-id=\"a4f5442\" data-element_type=\"container\" data-e-type=\"container\" data-settings=\"{&quot;background_background&quot;:&quot;classic&quot;}\">\n\t\t<div class=\"elementor-element elementor-element-bfae7e1 e-flex e-con-boxed e-con e-child\" data-id=\"bfae7e1\" data-element_type=\"container\" data-e-type=\"container\">\n\t\t\t\t\t<div class=\"e-con-inner\">\n\t\t\t\t<div class=\"elementor-element elementor-element-172bbcb elementor-widget elementor-widget-text-editor\" data-id=\"172bbcb\" data-element_type=\"widget\" data-e-type=\"widget\" data-widget_type=\"text-editor.default\">\n\t\t\t\t<div class=\"elementor-widget-container\">\n\t\t\t\t\t\t\t\t\t<p>Avec nous, c\u2019est l\u2019assurance!<\/p>\t\t\t\t\t\t\t\t<\/div>\n\t\t\t\t<\/div>\n\t\t\t\t\t<\/div>\n\t\t\t\t<\/div>\n\t\t\t\t<\/div>\n\t\t<div class=\"elementor-element elementor-element-45d8ec1 e-flex e-con-boxed e-con e-parent\" data-id=\"45d8ec1\" data-element_type=\"container\" data-e-type=\"container\" data-settings=\"{&quot;background_background&quot;:&quot;classic&quot;}\">\n\t\t\t\t\t<div class=\"e-con-inner\">\n\t\t\t\t<div class=\"elementor-element elementor-element-c813ea0 elementor-widget elementor-widget-text-editor\" data-id=\"c813ea0\" data-element_type=\"widget\" data-e-type=\"widget\" data-widget_type=\"text-editor.default\">\n\t\t\t\t<div class=\"elementor-widget-container\">\n\t\t\t\t\t\t\t\t\t<p>ECOFIRMA est une entreprise sp\u00e9cialis\u00e9e dans les solutions d\u2019approvisionnement, de traitement et de gestion de l\u2019eau.<\/p><p>Notre mission est d\u2019optimiser l\u2019efficacit\u00e9 de l\u2019eau dans toutes les structures, des r\u00e9servoirs, cuves et piscines, jusqu\u2019aux r\u00e9seaux de distribution et d\u2019assainissement. Pour cela, nous disposons d\u2019une \u00e9quipe multidisciplinaire hautement qualifi\u00e9e, utilisant des produits, techniques et \u00e9quipements de pointe.<\/p><p>Nous proposons des solutions adapt\u00e9es \u00e0 chaque projet, en garantissant qualit\u00e9, s\u00e9curit\u00e9 et performance. Nos services couvrent le diagnostic par inspection vid\u00e9o, les r\u00e9habilitations et \u00e9tanch\u00e9it\u00e9s, les syst\u00e8mes de r\u00e9paration, les essais d\u2019\u00e9tanch\u00e9it\u00e9, les d\u00e9sinfections, les renforcements structurels et l\u2019analyse de l\u2019eau.<\/p><p>ECOFIRMA est une entreprise \u00e0 vision internationale, pr\u00e9sente en Europe, en Afrique et en Am\u00e9rique.<\/p><p>Nous pla\u00e7ons la qualit\u00e9, l\u2019innovation, la durabilit\u00e9 et la satisfaction client au c\u0153ur de notre activit\u00e9. ECOFIRMA est votre partenaire de confiance pour garantir la performance et la s\u00e9curit\u00e9 de vos infrastructures hydrauliques.<\/p>\t\t\t\t\t\t\t\t<\/div>\n\t\t\t\t<\/div>\n\t\t\t\t\t<\/div>\n\t\t\t\t<\/div>\n\t\t<div class=\"elementor-element elementor-element-1318d68 e-flex e-con-boxed e-con e-parent\" data-id=\"1318d68\" data-element_type=\"container\" data-e-type=\"container\">\n\t\t\t\t\t<div class=\"e-con-inner\">\n\t\t<div class=\"elementor-element elementor-element-6d1681d e-con-full e-flex elementor-invisible e-con e-child\" data-id=\"6d1681d\" data-element_type=\"container\" data-e-type=\"container\" data-settings=\"{&quot;background_background&quot;:&quot;classic&quot;,&quot;animation&quot;:&quot;fadeInLeft&quot;}\">\n\t\t\t\t<div class=\"elementor-element elementor-element-1d312e1 elementor-widget elementor-widget-image\" data-id=\"1d312e1\" data-element_type=\"widget\" data-e-type=\"widget\" data-widget_type=\"image.default\">\n\t\t\t\t<div class=\"elementor-widget-container\">\n\t\t\t\t\t\t\t\t\t\t\t\t\t\t\t<img fetchpriority=\"high\" decoding=\"async\" width=\"800\" height=\"999\" src=\"https:\/\/www.ecofirma.ci\/wp-content\/uploads\/2026\/04\/6.jpg\" class=\"attachment-large size-large wp-image-10275\" alt=\"\" srcset=\"https:\/\/www.ecofirma.ci\/wp-content\/uploads\/2026\/04\/6.jpg 800w, https:\/\/www.ecofirma.ci\/wp-content\/uploads\/2026\/04\/6-320x400.jpg 320w, https:\/\/www.ecofirma.ci\/wp-content\/uploads\/2026\/04\/6-768x959.jpg 768w, https:\/\/www.ecofirma.ci\/wp-content\/uploads\/2026\/04\/6-10x12.jpg 10w\" sizes=\"(max-width: 800px) 100vw, 800px\" \/>\t\t\t\t\t\t\t\t\t\t\t\t\t\t\t<\/div>\n\t\t\t\t<\/div>\n\t\t\t\t<\/div>\n\t\t<div class=\"elementor-element elementor-element-e5e4ad3 e-con-full animated-slow e-flex elementor-invisible e-con e-child\" data-id=\"e5e4ad3\" data-element_type=\"container\" data-e-type=\"container\" data-settings=\"{&quot;animation&quot;:&quot;fadeIn&quot;}\">\n\t\t\t\t<div class=\"elementor-element elementor-element-750c486 elementor-widget elementor-widget-heading\" data-id=\"750c486\" data-element_type=\"widget\" data-e-type=\"widget\" data-widget_type=\"heading.default\">\n\t\t\t\t<div class=\"elementor-widget-container\">\n\t\t\t\t\t<h2 class=\"elementor-heading-title elementor-size-default\">L\u2019\u00c9QUIPE<\/h2>\t\t\t\t<\/div>\n\t\t\t\t<\/div>\n\t\t\t\t<div class=\"elementor-element elementor-element-1267223 elementor-widget elementor-widget-text-editor\" data-id=\"1267223\" data-element_type=\"widget\" data-e-type=\"widget\" data-widget_type=\"text-editor.default\">\n\t\t\t\t<div class=\"elementor-widget-container\">\n\t\t\t\t\t\t\t\t\t<p>Notre \u00e9quipe hautement qualifi\u00e9e dispose d\u2019un vaste savoir-faire et d\u2019une solide exp\u00e9rience qui font la diff\u00e9rence sur le march\u00e9, mettant ces comp\u00e9tences au service de nos clients.<\/p><p>Nous disposons d\u2019une \u00e9quipe technique polyvalente, capable de r\u00e9pondre \u00e0 tous les d\u00e9fis dans des d\u00e9lais optimis\u00e9s, en garantissant un service sp\u00e9cialis\u00e9 et professionnel.<\/p><p>Notre \u00e9quipe est compos\u00e9e de gestionnaires exp\u00e9riment\u00e9s, ayant une connaissance approfondie des besoins actuels et futurs du march\u00e9, ainsi que d\u2019ing\u00e9nieurs form\u00e9s dans divers domaines, notamment les \u00e9tanch\u00e9it\u00e9s sp\u00e9ciales, la r\u00e9habilitation de structures en b\u00e9ton arm\u00e9, les syst\u00e8mes d\u2019approvisionnement en eau, le traitement des eaux us\u00e9es et les d\u00e9sinfections.<\/p><p>Tous les travaux sont coordonn\u00e9s par un responsable technique qualifi\u00e9 en ing\u00e9nierie et ex\u00e9cut\u00e9s par des \u00e9quipes d\u2019encadrement et op\u00e9rationnelles disposant d\u2019une formation technique sp\u00e9cialis\u00e9e et d\u2019une exp\u00e9rience confirm\u00e9e dans diff\u00e9rents domaines.<\/p>\t\t\t\t\t\t\t\t<\/div>\n\t\t\t\t<\/div>\n\t\t\t\t<\/div>\n\t\t\t\t\t<\/div>\n\t\t\t\t<\/div>\n\t\t<div class=\"elementor-element elementor-element-0488c0e e-flex e-con-boxed e-con e-parent\" data-id=\"0488c0e\" data-element_type=\"container\" data-e-type=\"container\" data-settings=\"{&quot;background_background&quot;:&quot;classic&quot;}\">\n\t\t\t\t\t<div class=\"e-con-inner\">\n\t\t<div class=\"elementor-element elementor-element-273ed8b e-con-full animated-slow e-flex elementor-invisible e-con e-child\" data-id=\"273ed8b\" data-element_type=\"container\" data-e-type=\"container\" data-settings=\"{&quot;animation&quot;:&quot;fadeIn&quot;}\">\n\t\t\t\t<div class=\"elementor-element elementor-element-3628a8d elementor-widget elementor-widget-heading\" data-id=\"3628a8d\" data-element_type=\"widget\" data-e-type=\"widget\" data-widget_type=\"heading.default\">\n\t\t\t\t<div class=\"elementor-widget-container\">\n\t\t\t\t\t<h2 class=\"elementor-heading-title elementor-size-default\">PARTENAIRES ET CLIENTS<\/h2>\t\t\t\t<\/div>\n\t\t\t\t<\/div>\n\t\t\t\t<div class=\"elementor-element elementor-element-6cc16cf elementor-widget elementor-widget-text-editor\" data-id=\"6cc16cf\" data-element_type=\"widget\" data-e-type=\"widget\" data-widget_type=\"text-editor.default\">\n\t\t\t\t<div class=\"elementor-widget-container\">\n\t\t\t\t\t\t\t\t\t<p>Nous disposons d\u2019un r\u00e9seau actif de partenaires et de clients, convaincus que les synergies cr\u00e9\u00e9es avec les fabricants, fournisseurs et bureaux d\u2019\u00e9tudes sont essentielles \u00e0 la r\u00e9ussite des projets.<\/p><p>Nous garantissons \u00e0 nos clients un contr\u00f4le qualit\u00e9 rigoureux dans l\u2019ex\u00e9cution de nos travaux, avec un engagement constant envers la confiance, la performance et la satisfaction.<\/p>\t\t\t\t\t\t\t\t<\/div>\n\t\t\t\t<\/div>\n\t\t\t\t<\/div>\n\t\t<div class=\"elementor-element elementor-element-79db2c2 e-con-full e-flex elementor-invisible e-con e-child\" data-id=\"79db2c2\" data-element_type=\"container\" data-e-type=\"container\" data-settings=\"{&quot;background_background&quot;:&quot;classic&quot;,&quot;animation&quot;:&quot;fadeInRight&quot;}\">\n\t\t\t\t<div class=\"elementor-element elementor-element-3080a6c elementor-widget elementor-widget-image\" data-id=\"3080a6c\" data-element_type=\"widget\" data-e-type=\"widget\" data-widget_type=\"image.default\">\n\t\t\t\t<div class=\"elementor-widget-container\">\n\t\t\t\t\t\t\t\t\t\t\t\t\t\t\t<img decoding=\"async\" width=\"800\" height=\"726\" src=\"https:\/\/www.ecofirma.ci\/wp-content\/uploads\/2026\/04\/5-1024x929.jpg\" class=\"attachment-large size-large wp-image-10274\" alt=\"\" srcset=\"https:\/\/www.ecofirma.ci\/wp-content\/uploads\/2026\/04\/5-1024x929.jpg 1024w, https:\/\/www.ecofirma.ci\/wp-content\/uploads\/2026\/04\/5-400x363.jpg 400w, https:\/\/www.ecofirma.ci\/wp-content\/uploads\/2026\/04\/5-768x697.jpg 768w, https:\/\/www.ecofirma.ci\/wp-content\/uploads\/2026\/04\/5-1536x1393.jpg 1536w, https:\/\/www.ecofirma.ci\/wp-content\/uploads\/2026\/04\/5-13x12.jpg 13w, https:\/\/www.ecofirma.ci\/wp-content\/uploads\/2026\/04\/5.jpg 1667w\" sizes=\"(max-width: 800px) 100vw, 800px\" \/>\t\t\t\t\t\t\t\t\t\t\t\t\t\t\t<\/div>\n\t\t\t\t<\/div>\n\t\t\t\t<\/div>\n\t\t\t\t\t<\/div>\n\t\t\t\t<\/div>\n\t\t<div class=\"elementor-element elementor-element-ede7e4a e-flex e-con-boxed e-con e-parent\" data-id=\"ede7e4a\" data-element_type=\"container\" data-e-type=\"container\">\n\t\t\t\t\t<div class=\"e-con-inner\">\n\t\t<div class=\"elementor-element elementor-element-93dd2f4 e-con-full e-flex elementor-invisible e-con e-child\" data-id=\"93dd2f4\" data-element_type=\"container\" data-e-type=\"container\" data-settings=\"{&quot;background_background&quot;:&quot;classic&quot;,&quot;animation&quot;:&quot;fadeInLeft&quot;}\">\n\t\t\t\t<\/div>\n\t\t<div class=\"elementor-element elementor-element-14b89cd e-con-full animated-slow e-flex elementor-invisible e-con e-child\" data-id=\"14b89cd\" data-element_type=\"container\" data-e-type=\"container\" data-settings=\"{&quot;animation&quot;:&quot;fadeIn&quot;}\">\n\t\t\t\t<div class=\"elementor-element elementor-element-bf8da07 elementor-widget elementor-widget-heading\" data-id=\"bf8da07\" data-element_type=\"widget\" data-e-type=\"widget\" data-widget_type=\"heading.default\">\n\t\t\t\t<div class=\"elementor-widget-container\">\n\t\t\t\t\t<h2 class=\"elementor-heading-title elementor-size-default\">COLLABORATEURS<\/h2>\t\t\t\t<\/div>\n\t\t\t\t<\/div>\n\t\t\t\t<div class=\"elementor-element elementor-element-3a00212 elementor-widget elementor-widget-text-editor\" data-id=\"3a00212\" data-element_type=\"widget\" data-e-type=\"widget\" data-widget_type=\"text-editor.default\">\n\t\t\t\t<div class=\"elementor-widget-container\">\n\t\t\t\t\t\t\t\t\t<p>Nous valorisons nos collaborateurs et investissons dans la qualit\u00e9 de leur environnement de travail ainsi que dans leur formation continue.<\/p><p>Nous suivons en permanence l\u2019\u00e9volution du secteur, en transmettant des techniques et des connaissances innovantes \u00e0 nos \u00e9quipes, car nous sommes convaincus que notre principal atout r\u00e9side dans les personnes.<\/p>\t\t\t\t\t\t\t\t<\/div>\n\t\t\t\t<\/div>\n\t\t\t\t<\/div>\n\t\t\t\t\t<\/div>\n\t\t\t\t<\/div>\n\t\t\t\t<\/div>\n\t\t","protected":false},"excerpt":{"rendered":"<p>ECOFIRMA C\u00f4te d\u2019Ivoire propose des solutions en captation, traitement et gestion de l\u2019eau, avec expertise technique, innovation et engagement envers la qualit\u00e9.<\/p>\n","protected":false},"author":5,"featured_media":9092,"parent":0,"menu_order":0,"comment_status":"closed","ping_status":"closed","template":"elementor_header_footer","meta":{"footnotes":""},"class_list":["post-8096","page","type-page","status-publish","has-post-thumbnail","hentry"],"yoast_head":"<!-- This site is optimized with the Yoast SEO plugin v27.4 - https:\/\/yoast.com\/product\/yoast-seo-wordpress\/ -->\n<title>ECOFIRMA | Connosco Acontece!<\/title>\n<meta name=\"description\" content=\"A ECOFIRMA \u00e9 uma empresa especializada em solu\u00e7\u00f5es de abastecimento, tratamento e reten\u00e7\u00e3o de \u00e1gua, que opera em Angola desde 2011.\" \/>\n<meta name=\"robots\" content=\"index, follow, max-snippet:-1, max-image-preview:large, max-video-preview:-1\" \/>\n<link rel=\"canonical\" href=\"https:\/\/www.ecofirma.ci\/fr\/quem-somos\/\" \/>\n<meta property=\"og:locale\" content=\"fr_FR\" \/>\n<meta property=\"og:type\" content=\"article\" \/>\n<meta property=\"og:title\" content=\"ECOFIRMA | Connosco Acontece!\" \/>\n<meta property=\"og:description\" content=\"A ECOFIRMA \u00e9 uma empresa especializada em solu\u00e7\u00f5es de abastecimento, tratamento e reten\u00e7\u00e3o de \u00e1gua, que opera em Angola desde 2011.\" \/>\n<meta property=\"og:url\" content=\"https:\/\/www.ecofirma.ci\/fr\/quem-somos\/\" \/>\n<meta property=\"og:site_name\" content=\"ECOFIRMA C\u00f4te D&#039;Ivoire\" \/>\n<meta property=\"article:publisher\" content=\"https:\/\/www.facebook.com\/EcoEcofirma\" \/>\n<meta property=\"article:modified_time\" content=\"2026-04-25T09:58:58+00:00\" \/>\n<meta property=\"og:image\" content=\"https:\/\/www.ecofirma.ci\/wp-content\/uploads\/2024\/01\/ls_ECOFIRMA-Angola-banner-site-1.jpg?_t=1777111139\" \/>\n\t<meta property=\"og:image:width\" content=\"1257\" \/>\n\t<meta property=\"og:image:height\" content=\"817\" \/>\n\t<meta property=\"og:image:type\" content=\"image\/jpeg\" \/>\n<meta name=\"twitter:card\" content=\"summary_large_image\" \/>\n<meta name=\"twitter:label1\" content=\"Dur\u00e9e de lecture estim\u00e9e\" \/>\n\t<meta name=\"twitter:data1\" content=\"3 minutes\" \/>\n<script type=\"application\/ld+json\" class=\"yoast-schema-graph\">{\"@context\":\"https:\\\/\\\/schema.org\",\"@graph\":[{\"@type\":\"WebPage\",\"@id\":\"https:\\\/\\\/www.ecofirma.ci\\\/fr\\\/quem-somos\\\/\",\"url\":\"https:\\\/\\\/www.ecofirma.ci\\\/fr\\\/quem-somos\\\/\",\"name\":\"ECOFIRMA | Connosco Acontece!\",\"isPartOf\":{\"@id\":\"https:\\\/\\\/www.ecofirma.ci\\\/#website\"},\"primaryImageOfPage\":{\"@id\":\"https:\\\/\\\/www.ecofirma.ci\\\/fr\\\/quem-somos\\\/#primaryimage\"},\"image\":{\"@id\":\"https:\\\/\\\/www.ecofirma.ci\\\/fr\\\/quem-somos\\\/#primaryimage\"},\"thumbnailUrl\":\"https:\\\/\\\/www.ecofirma.ci\\\/wp-content\\\/uploads\\\/2024\\\/01\\\/ls_ECOFIRMA-Angola-banner-site-1.jpg\",\"datePublished\":\"2023-07-19T17:29:28+00:00\",\"dateModified\":\"2026-04-25T09:58:58+00:00\",\"description\":\"A ECOFIRMA \u00e9 uma empresa especializada em solu\u00e7\u00f5es de abastecimento, tratamento e reten\u00e7\u00e3o de \u00e1gua, que opera em Angola desde 2011.\",\"breadcrumb\":{\"@id\":\"https:\\\/\\\/www.ecofirma.ci\\\/fr\\\/quem-somos\\\/#breadcrumb\"},\"inLanguage\":\"fr-FR\",\"potentialAction\":[{\"@type\":\"ReadAction\",\"target\":[\"https:\\\/\\\/www.ecofirma.ci\\\/fr\\\/quem-somos\\\/\"]}]},{\"@type\":\"ImageObject\",\"inLanguage\":\"fr-FR\",\"@id\":\"https:\\\/\\\/www.ecofirma.ci\\\/fr\\\/quem-somos\\\/#primaryimage\",\"url\":\"https:\\\/\\\/www.ecofirma.ci\\\/wp-content\\\/uploads\\\/2024\\\/01\\\/ls_ECOFIRMA-Angola-banner-site-1.jpg\",\"contentUrl\":\"https:\\\/\\\/www.ecofirma.ci\\\/wp-content\\\/uploads\\\/2024\\\/01\\\/ls_ECOFIRMA-Angola-banner-site-1.jpg\",\"width\":1257,\"height\":817},{\"@type\":\"BreadcrumbList\",\"@id\":\"https:\\\/\\\/www.ecofirma.ci\\\/fr\\\/quem-somos\\\/#breadcrumb\",\"itemListElement\":[{\"@type\":\"ListItem\",\"position\":1,\"name\":\"In\u00edcio\",\"item\":\"https:\\\/\\\/www.ecofirma.ci\\\/\"},{\"@type\":\"ListItem\",\"position\":2,\"name\":\"Qui sommes-nous\"}]},{\"@type\":\"WebSite\",\"@id\":\"https:\\\/\\\/www.ecofirma.ci\\\/#website\",\"url\":\"https:\\\/\\\/www.ecofirma.ci\\\/\",\"name\":\"ECOFIRMA C\u00f4te D&#039;Ivoire\",\"description\":\"Avec nous, c&#039;est l&#039;Assurance !\",\"publisher\":{\"@id\":\"https:\\\/\\\/www.ecofirma.ci\\\/#organization\"},\"potentialAction\":[{\"@type\":\"SearchAction\",\"target\":{\"@type\":\"EntryPoint\",\"urlTemplate\":\"https:\\\/\\\/www.ecofirma.ci\\\/?s={search_term_string}\"},\"query-input\":{\"@type\":\"PropertyValueSpecification\",\"valueRequired\":true,\"valueName\":\"search_term_string\"}}],\"inLanguage\":\"fr-FR\"},{\"@type\":\"Organization\",\"@id\":\"https:\\\/\\\/www.ecofirma.ci\\\/#organization\",\"name\":\"ECOFIRMA C\u00f4te D&#039;Ivoire\",\"url\":\"https:\\\/\\\/www.ecofirma.ci\\\/\",\"logo\":{\"@type\":\"ImageObject\",\"inLanguage\":\"fr-FR\",\"@id\":\"https:\\\/\\\/www.ecofirma.ci\\\/#\\\/schema\\\/logo\\\/image\\\/\",\"url\":\"https:\\\/\\\/www.ecofirma.ci\\\/wp-content\\\/uploads\\\/2023\\\/04\\\/ECOFIRMA-Cote-divoire-logo-scaled.png\",\"contentUrl\":\"https:\\\/\\\/www.ecofirma.ci\\\/wp-content\\\/uploads\\\/2023\\\/04\\\/ECOFIRMA-Cote-divoire-logo-scaled.png\",\"width\":2560,\"height\":1079,\"caption\":\"ECOFIRMA C\u00f4te D&#039;Ivoire\"},\"image\":{\"@id\":\"https:\\\/\\\/www.ecofirma.ci\\\/#\\\/schema\\\/logo\\\/image\\\/\"},\"sameAs\":[\"https:\\\/\\\/www.facebook.com\\\/EcoEcofirma\",\"https:\\\/\\\/www.linkedin.com\\\/company\\\/grupoecofirma\"]}]}<\/script>\n<!-- \/ Yoast SEO plugin. -->","yoast_head_json":{"title":"ECOFIRMA | Connosco Acontece!","description":"A ECOFIRMA \u00e9 uma empresa especializada em solu\u00e7\u00f5es de abastecimento, tratamento e reten\u00e7\u00e3o de \u00e1gua, que opera em Angola desde 2011.","robots":{"index":"index","follow":"follow","max-snippet":"max-snippet:-1","max-image-preview":"max-image-preview:large","max-video-preview":"max-video-preview:-1"},"canonical":"https:\/\/www.ecofirma.ci\/fr\/quem-somos\/","og_locale":"fr_FR","og_type":"article","og_title":"ECOFIRMA | Connosco Acontece!","og_description":"A ECOFIRMA \u00e9 uma empresa especializada em solu\u00e7\u00f5es de abastecimento, tratamento e reten\u00e7\u00e3o de \u00e1gua, que opera em Angola desde 2011.","og_url":"https:\/\/www.ecofirma.ci\/fr\/quem-somos\/","og_site_name":"ECOFIRMA C\u00f4te D&#039;Ivoire","article_publisher":"https:\/\/www.facebook.com\/EcoEcofirma","article_modified_time":"2026-04-25T09:58:58+00:00","og_image":[{"width":1257,"height":817,"url":"https:\/\/www.ecofirma.ci\/wp-content\/uploads\/2024\/01\/ls_ECOFIRMA-Angola-banner-site-1.jpg?_t=1777111139","type":"image\/jpeg"}],"twitter_card":"summary_large_image","twitter_misc":{"Dur\u00e9e de lecture estim\u00e9e":"3 minutes"},"schema":{"@context":"https:\/\/schema.org","@graph":[{"@type":"WebPage","@id":"https:\/\/www.ecofirma.ci\/fr\/quem-somos\/","url":"https:\/\/www.ecofirma.ci\/fr\/quem-somos\/","name":"ECOFIRMA | Connosco Acontece!","isPartOf":{"@id":"https:\/\/www.ecofirma.ci\/#website"},"primaryImageOfPage":{"@id":"https:\/\/www.ecofirma.ci\/fr\/quem-somos\/#primaryimage"},"image":{"@id":"https:\/\/www.ecofirma.ci\/fr\/quem-somos\/#primaryimage"},"thumbnailUrl":"https:\/\/www.ecofirma.ci\/wp-content\/uploads\/2024\/01\/ls_ECOFIRMA-Angola-banner-site-1.jpg","datePublished":"2023-07-19T17:29:28+00:00","dateModified":"2026-04-25T09:58:58+00:00","description":"A ECOFIRMA \u00e9 uma empresa especializada em solu\u00e7\u00f5es de abastecimento, tratamento e reten\u00e7\u00e3o de \u00e1gua, que opera em Angola desde 2011.","breadcrumb":{"@id":"https:\/\/www.ecofirma.ci\/fr\/quem-somos\/#breadcrumb"},"inLanguage":"fr-FR","potentialAction":[{"@type":"ReadAction","target":["https:\/\/www.ecofirma.ci\/fr\/quem-somos\/"]}]},{"@type":"ImageObject","inLanguage":"fr-FR","@id":"https:\/\/www.ecofirma.ci\/fr\/quem-somos\/#primaryimage","url":"https:\/\/www.ecofirma.ci\/wp-content\/uploads\/2024\/01\/ls_ECOFIRMA-Angola-banner-site-1.jpg","contentUrl":"https:\/\/www.ecofirma.ci\/wp-content\/uploads\/2024\/01\/ls_ECOFIRMA-Angola-banner-site-1.jpg","width":1257,"height":817},{"@type":"BreadcrumbList","@id":"https:\/\/www.ecofirma.ci\/fr\/quem-somos\/#breadcrumb","itemListElement":[{"@type":"ListItem","position":1,"name":"In\u00edcio","item":"https:\/\/www.ecofirma.ci\/"},{"@type":"ListItem","position":2,"name":"Qui sommes-nous"}]},{"@type":"WebSite","@id":"https:\/\/www.ecofirma.ci\/#website","url":"https:\/\/www.ecofirma.ci\/","name":"ECOFIRMA C\u00f4te D&#039;Ivoire","description":"Avec nous, c&#039;est l&#039;Assurance !","publisher":{"@id":"https:\/\/www.ecofirma.ci\/#organization"},"potentialAction":[{"@type":"SearchAction","target":{"@type":"EntryPoint","urlTemplate":"https:\/\/www.ecofirma.ci\/?s={search_term_string}"},"query-input":{"@type":"PropertyValueSpecification","valueRequired":true,"valueName":"search_term_string"}}],"inLanguage":"fr-FR"},{"@type":"Organization","@id":"https:\/\/www.ecofirma.ci\/#organization","name":"ECOFIRMA C\u00f4te D&#039;Ivoire","url":"https:\/\/www.ecofirma.ci\/","logo":{"@type":"ImageObject","inLanguage":"fr-FR","@id":"https:\/\/www.ecofirma.ci\/#\/schema\/logo\/image\/","url":"https:\/\/www.ecofirma.ci\/wp-content\/uploads\/2023\/04\/ECOFIRMA-Cote-divoire-logo-scaled.png","contentUrl":"https:\/\/www.ecofirma.ci\/wp-content\/uploads\/2023\/04\/ECOFIRMA-Cote-divoire-logo-scaled.png","width":2560,"height":1079,"caption":"ECOFIRMA C\u00f4te D&#039;Ivoire"},"image":{"@id":"https:\/\/www.ecofirma.ci\/#\/schema\/logo\/image\/"},"sameAs":["https:\/\/www.facebook.com\/EcoEcofirma","https:\/\/www.linkedin.com\/company\/grupoecofirma"]}]}},"_links":{"self":[{"href":"https:\/\/www.ecofirma.ci\/fr\/wp-json\/wp\/v2\/pages\/8096","targetHints":{"allow":["GET"]}}],"collection":[{"href":"https:\/\/www.ecofirma.ci\/fr\/wp-json\/wp\/v2\/pages"}],"about":[{"href":"https:\/\/www.ecofirma.ci\/fr\/wp-json\/wp\/v2\/types\/page"}],"author":[{"embeddable":true,"href":"https:\/\/www.ecofirma.ci\/fr\/wp-json\/wp\/v2\/users\/5"}],"replies":[{"embeddable":true,"href":"https:\/\/www.ecofirma.ci\/fr\/wp-json\/wp\/v2\/comments?post=8096"}],"version-history":[{"count":27,"href":"https:\/\/www.ecofirma.ci\/fr\/wp-json\/wp\/v2\/pages\/8096\/revisions"}],"predecessor-version":[{"id":10279,"href":"https:\/\/www.ecofirma.ci\/fr\/wp-json\/wp\/v2\/pages\/8096\/revisions\/10279"}],"wp:featuredmedia":[{"embeddable":true,"href":"https:\/\/www.ecofirma.ci\/fr\/wp-json\/wp\/v2\/media\/9092"}],"wp:attachment":[{"href":"https:\/\/www.ecofirma.ci\/fr\/wp-json\/wp\/v2\/media?parent=8096"}],"curies":[{"name":"wp","href":"https:\/\/api.w.org\/{rel}","templated":true}]}}