{"id":7812,"date":"2023-06-17T17:31:35","date_gmt":"2023-06-17T16:31:35","guid":{"rendered":"https:\/\/www.ecofirma.ci\/?page_id=7812"},"modified":"2026-04-24T15:04:07","modified_gmt":"2026-04-24T15:04:07","slug":"perfuracao-em-estruturas","status":"publish","type":"page","link":"https:\/\/www.ecofirma.ci\/fr\/servicos\/perfuracao-em-estruturas\/","title":{"rendered":"FORAGE DANS LES STRUCTURES"},"content":{"rendered":"\t\t<div data-elementor-type=\"wp-page\" data-elementor-id=\"7812\" class=\"elementor elementor-7812\" data-elementor-post-type=\"page\">\n\t\t\t\t<div class=\"elementor-element elementor-element-a4f5442 e-con-full e-flex e-con e-parent\" data-id=\"a4f5442\" data-element_type=\"container\" data-e-type=\"container\" data-settings=\"{&quot;background_background&quot;:&quot;classic&quot;}\">\n\t\t<div class=\"elementor-element elementor-element-bfae7e1 e-flex e-con-boxed e-con e-child\" data-id=\"bfae7e1\" data-element_type=\"container\" data-e-type=\"container\">\n\t\t\t\t\t<div class=\"e-con-inner\">\n\t\t\t\t<div class=\"elementor-element elementor-element-39e1ad8 elementor-widget elementor-widget-image\" data-id=\"39e1ad8\" data-element_type=\"widget\" data-e-type=\"widget\" id=\"#icon\" data-settings=\"{&quot;motion_fx_motion_fx_mouse&quot;:&quot;yes&quot;,&quot;motion_fx_mouseTrack_effect&quot;:&quot;yes&quot;,&quot;motion_fx_mouseTrack_speed&quot;:{&quot;unit&quot;:&quot;px&quot;,&quot;size&quot;:0.1000000000000000055511151231257827021181583404541015625,&quot;sizes&quot;:[]},&quot;motion_fx_tilt_effect&quot;:&quot;yes&quot;,&quot;motion_fx_tilt_speed&quot;:{&quot;unit&quot;:&quot;px&quot;,&quot;size&quot;:2,&quot;sizes&quot;:[]}}\" data-widget_type=\"image.default\">\n\t\t\t\t<div class=\"elementor-widget-container\">\n\t\t\t\t\t\t\t\t\t\t\t\t\t\t\t<img decoding=\"async\" width=\"168\" height=\"168\" src=\"https:\/\/www.ecofirma.ci\/wp-content\/uploads\/2018\/03\/furacao00.png\" class=\"attachment-large size-large wp-image-1468\" alt=\"\" srcset=\"https:\/\/www.ecofirma.ci\/wp-content\/uploads\/2018\/03\/furacao00.png 168w, https:\/\/www.ecofirma.ci\/wp-content\/uploads\/2018\/03\/furacao00-150x150.png 150w\" sizes=\"(max-width: 168px) 100vw, 168px\" \/>\t\t\t\t\t\t\t\t\t\t\t\t\t\t\t<\/div>\n\t\t\t\t<\/div>\n\t\t\t\t<div class=\"elementor-element elementor-element-172bbcb elementor-widget elementor-widget-text-editor\" data-id=\"172bbcb\" data-element_type=\"widget\" data-e-type=\"widget\" data-widget_type=\"text-editor.default\">\n\t\t\t\t<div class=\"elementor-widget-container\">\n\t\t\t\t\t\t\t\t\t<p class=\"p1\">FORAGE DANS LES STRUCTURES<\/p>\t\t\t\t\t\t\t\t<\/div>\n\t\t\t\t<\/div>\n\t\t\t\t\t<\/div>\n\t\t\t\t<\/div>\n\t\t\t\t<\/div>\n\t\t<div class=\"elementor-element elementor-element-45d8ec1 e-flex e-con-boxed e-con e-parent\" data-id=\"45d8ec1\" data-element_type=\"container\" data-e-type=\"container\" data-settings=\"{&quot;background_background&quot;:&quot;classic&quot;}\">\n\t\t\t\t\t<div class=\"e-con-inner\">\n\t\t\t\t<div class=\"elementor-element elementor-element-c813ea0 elementor-widget elementor-widget-text-editor\" data-id=\"c813ea0\" data-element_type=\"widget\" data-e-type=\"widget\" data-widget_type=\"text-editor.default\">\n\t\t\t\t<div class=\"elementor-widget-container\">\n\t\t\t\t\t\t\t\t\t<p>Chez ECOFIRMA, nous proposons des services sp\u00e9cialis\u00e9s de forage dans les structures, allant de la ma\u00e7onnerie au b\u00e9ton arm\u00e9.<\/p><p>Nous utilisons des machines portatives rotatives diamant\u00e9es de haute technologie, garantissant des r\u00e9sultats pr\u00e9cis et efficaces, tout en minimisant les risques d\u2019impacts, de fissures, de vibrations et de production de poussi\u00e8re.<\/p>\t\t\t\t\t\t\t\t<\/div>\n\t\t\t\t<\/div>\n\t\t\t\t\t<\/div>\n\t\t\t\t<\/div>\n\t\t<div class=\"elementor-element elementor-element-1318d68 e-flex e-con-boxed e-con e-parent\" data-id=\"1318d68\" data-element_type=\"container\" data-e-type=\"container\">\n\t\t\t\t\t<div class=\"e-con-inner\">\n\t\t<div class=\"elementor-element elementor-element-6d1681d e-con-full e-flex elementor-invisible e-con e-child\" data-id=\"6d1681d\" data-element_type=\"container\" data-e-type=\"container\" data-settings=\"{&quot;background_background&quot;:&quot;classic&quot;,&quot;animation&quot;:&quot;fadeInLeft&quot;}\">\n\t\t\t\t<\/div>\n\t\t<div class=\"elementor-element elementor-element-e5e4ad3 e-con-full animated-slow e-flex elementor-invisible e-con e-child\" data-id=\"e5e4ad3\" data-element_type=\"container\" data-e-type=\"container\" data-settings=\"{&quot;animation&quot;:&quot;fadeIn&quot;}\">\n\t\t\t\t<div class=\"elementor-element elementor-element-ee62520 elementor-widget elementor-widget-heading\" data-id=\"ee62520\" data-element_type=\"widget\" data-e-type=\"widget\" data-widget_type=\"heading.default\">\n\t\t\t\t<div class=\"elementor-widget-container\">\n\t\t\t\t\t<h2 class=\"elementor-heading-title elementor-size-default\">FORAGES PR\u00c9CIS ET PROPRES<\/h2>\t\t\t\t<\/div>\n\t\t\t\t<\/div>\n\t\t\t\t<div class=\"elementor-element elementor-element-1267223 elementor-widget elementor-widget-text-editor\" data-id=\"1267223\" data-element_type=\"widget\" data-e-type=\"widget\" data-widget_type=\"text-editor.default\">\n\t\t\t\t<div class=\"elementor-widget-container\">\n\t\t\t\t\t\t\t\t\t<p>Notre \u00e9quipe de professionnels qualifi\u00e9s poss\u00e8de une vaste exp\u00e9rience dans la r\u00e9alisation de forages dans diff\u00e9rents types de structures, en s\u2019adaptant aux sp\u00e9cificit\u00e9s de chaque projet.<\/p><p>Quelle que soit la taille ou la complexit\u00e9 de l\u2019intervention, nous sommes pr\u00e9par\u00e9s \u00e0 relever les d\u00e9fis et \u00e0 fournir des r\u00e9sultats d\u2019excellence.<\/p><p>Gr\u00e2ce \u00e0 nos \u00e9quipements de forage diamant\u00e9, nous r\u00e9alisons des travaux pr\u00e9cis et propres, garantissant l\u2019int\u00e9grit\u00e9 des structures.<\/p><p>Nous respectons \u00e9galement les normes de s\u00e9curit\u00e9 et les meilleures pratiques du secteur, assurant la protection de nos \u00e9quipes ainsi que de l\u2019environnement de travail.<\/p>\t\t\t\t\t\t\t\t<\/div>\n\t\t\t\t<\/div>\n\t\t\t\t<\/div>\n\t\t\t\t\t<\/div>\n\t\t\t\t<\/div>\n\t\t<div class=\"elementor-element elementor-element-a01e1b2 e-flex e-con-boxed e-con e-parent\" data-id=\"a01e1b2\" data-element_type=\"container\" data-e-type=\"container\" data-settings=\"{&quot;background_background&quot;:&quot;classic&quot;}\">\n\t\t\t\t\t<div class=\"e-con-inner\">\n\t\t\t\t<div class=\"elementor-element elementor-element-d5c9e2c elementor-widget elementor-widget-text-editor\" data-id=\"d5c9e2c\" data-element_type=\"widget\" data-e-type=\"widget\" data-widget_type=\"text-editor.default\">\n\t\t\t\t<div class=\"elementor-widget-container\">\n\t\t\t\t\t\t\t\t\t<p>Notre approche professionnelle et rigoureuse nous permet de r\u00e9aliser des forages pour diverses applications, telles que le passage de canalisations, l\u2019installation de syst\u00e8mes \u00e9lectriques ou le montage de structures m\u00e9talliques, entre autres.<\/p><p>Nous nous engageons \u00e0 fournir des solutions efficaces et de haute qualit\u00e9, adapt\u00e9es aux besoins de chaque client.<\/p>\t\t\t\t\t\t\t\t<\/div>\n\t\t\t\t<\/div>\n\t\t\t\t\t<\/div>\n\t\t\t\t<\/div>\n\t\t\t\t<\/div>\n\t\t","protected":false},"excerpt":{"rendered":"<p>Nous r\u00e9alisons des travaux de forage dans diff\u00e9rents types de structures, avec des \u00e9quipements diamant\u00e9s garantissant pr\u00e9cision, s\u00e9curit\u00e9 et performance.<\/p>\n","protected":false},"author":5,"featured_media":8650,"parent":1255,"menu_order":0,"comment_status":"closed","ping_status":"closed","template":"elementor_header_footer","meta":{"footnotes":""},"class_list":["post-7812","page","type-page","status-publish","has-post-thumbnail","hentry"],"yoast_head":"<!-- This site is optimized with the Yoast SEO plugin v27.4 - https:\/\/yoast.com\/product\/yoast-seo-wordpress\/ -->\n<title>Perfura\u00e7\u00e3o em Estruturas<\/title>\n<meta name=\"description\" content=\"Servi\u00e7os especializados de perfura\u00e7\u00e3o em estruturas, abrangendo desde a alvenaria at\u00e9 o bet\u00e3o armado.\" \/>\n<meta name=\"robots\" content=\"index, follow, max-snippet:-1, max-image-preview:large, max-video-preview:-1\" \/>\n<link rel=\"canonical\" href=\"https:\/\/www.ecofirma.ci\/fr\/pt\/servicos\/perfuracao-em-estruturas\/\" \/>\n<meta property=\"og:locale\" content=\"fr_FR\" \/>\n<meta property=\"og:type\" content=\"article\" \/>\n<meta property=\"og:title\" content=\"Perfura\u00e7\u00e3o em Estruturas\" \/>\n<meta property=\"og:description\" content=\"Servi\u00e7os especializados de perfura\u00e7\u00e3o em estruturas, abrangendo desde a alvenaria at\u00e9 o bet\u00e3o armado.\" \/>\n<meta property=\"og:url\" content=\"https:\/\/www.ecofirma.ci\/fr\/pt\/servicos\/perfuracao-em-estruturas\/\" \/>\n<meta property=\"og:site_name\" content=\"ECOFIRMA C\u00f4te D&#039;Ivoire\" \/>\n<meta property=\"article:publisher\" content=\"https:\/\/www.facebook.com\/EcoEcofirma\" \/>\n<meta property=\"article:modified_time\" content=\"2026-04-24T15:04:07+00:00\" \/>\n<meta property=\"og:image\" content=\"https:\/\/www.ecofirma.ci\/wp-content\/uploads\/2023\/08\/psd3-3.jpg?_t=1777043048\" \/>\n\t<meta property=\"og:image:width\" content=\"1680\" \/>\n\t<meta property=\"og:image:height\" content=\"600\" \/>\n\t<meta property=\"og:image:type\" content=\"image\/jpeg\" \/>\n<meta name=\"twitter:card\" content=\"summary_large_image\" \/>\n<meta name=\"twitter:label1\" content=\"Dur\u00e9e de lecture estim\u00e9e\" \/>\n\t<meta name=\"twitter:data1\" content=\"2 minutes\" \/>\n<script type=\"application\/ld+json\" class=\"yoast-schema-graph\">{\"@context\":\"https:\\\/\\\/schema.org\",\"@graph\":[{\"@type\":\"WebPage\",\"@id\":\"https:\\\/\\\/www.ecofirma.ci\\\/pt\\\/servicos\\\/perfuracao-em-estruturas\\\/\",\"url\":\"https:\\\/\\\/www.ecofirma.ci\\\/pt\\\/servicos\\\/perfuracao-em-estruturas\\\/\",\"name\":\"Perfura\u00e7\u00e3o em Estruturas\",\"isPartOf\":{\"@id\":\"https:\\\/\\\/www.ecofirma.ci\\\/#website\"},\"primaryImageOfPage\":{\"@id\":\"https:\\\/\\\/www.ecofirma.ci\\\/pt\\\/servicos\\\/perfuracao-em-estruturas\\\/#primaryimage\"},\"image\":{\"@id\":\"https:\\\/\\\/www.ecofirma.ci\\\/pt\\\/servicos\\\/perfuracao-em-estruturas\\\/#primaryimage\"},\"thumbnailUrl\":\"https:\\\/\\\/www.ecofirma.ci\\\/wp-content\\\/uploads\\\/2023\\\/08\\\/psd3-3.jpg\",\"datePublished\":\"2023-06-17T16:31:35+00:00\",\"dateModified\":\"2026-04-24T15:04:07+00:00\",\"description\":\"Servi\u00e7os especializados de perfura\u00e7\u00e3o em estruturas, abrangendo desde a alvenaria at\u00e9 o bet\u00e3o armado.\",\"breadcrumb\":{\"@id\":\"https:\\\/\\\/www.ecofirma.ci\\\/pt\\\/servicos\\\/perfuracao-em-estruturas\\\/#breadcrumb\"},\"inLanguage\":\"fr-FR\",\"potentialAction\":[{\"@type\":\"ReadAction\",\"target\":[\"https:\\\/\\\/www.ecofirma.ci\\\/pt\\\/servicos\\\/perfuracao-em-estruturas\\\/\"]}]},{\"@type\":\"ImageObject\",\"inLanguage\":\"fr-FR\",\"@id\":\"https:\\\/\\\/www.ecofirma.ci\\\/pt\\\/servicos\\\/perfuracao-em-estruturas\\\/#primaryimage\",\"url\":\"https:\\\/\\\/www.ecofirma.ci\\\/wp-content\\\/uploads\\\/2023\\\/08\\\/psd3-3.jpg\",\"contentUrl\":\"https:\\\/\\\/www.ecofirma.ci\\\/wp-content\\\/uploads\\\/2023\\\/08\\\/psd3-3.jpg\",\"width\":1680,\"height\":600},{\"@type\":\"BreadcrumbList\",\"@id\":\"https:\\\/\\\/www.ecofirma.ci\\\/pt\\\/servicos\\\/perfuracao-em-estruturas\\\/#breadcrumb\",\"itemListElement\":[{\"@type\":\"ListItem\",\"position\":1,\"name\":\"In\u00edcio\",\"item\":\"https:\\\/\\\/www.ecofirma.ci\\\/\"},{\"@type\":\"ListItem\",\"position\":2,\"name\":\"Notres services\",\"item\":\"https:\\\/\\\/www.ecofirma.ci\\\/servicos\\\/\"},{\"@type\":\"ListItem\",\"position\":3,\"name\":\"FORAGE DANS LES STRUCTURES\"}]},{\"@type\":\"WebSite\",\"@id\":\"https:\\\/\\\/www.ecofirma.ci\\\/#website\",\"url\":\"https:\\\/\\\/www.ecofirma.ci\\\/\",\"name\":\"ECOFIRMA C\u00f4te D&#039;Ivoire\",\"description\":\"Avec nous, c&#039;est l&#039;Assurance !\",\"publisher\":{\"@id\":\"https:\\\/\\\/www.ecofirma.ci\\\/#organization\"},\"potentialAction\":[{\"@type\":\"SearchAction\",\"target\":{\"@type\":\"EntryPoint\",\"urlTemplate\":\"https:\\\/\\\/www.ecofirma.ci\\\/?s={search_term_string}\"},\"query-input\":{\"@type\":\"PropertyValueSpecification\",\"valueRequired\":true,\"valueName\":\"search_term_string\"}}],\"inLanguage\":\"fr-FR\"},{\"@type\":\"Organization\",\"@id\":\"https:\\\/\\\/www.ecofirma.ci\\\/#organization\",\"name\":\"ECOFIRMA C\u00f4te D&#039;Ivoire\",\"url\":\"https:\\\/\\\/www.ecofirma.ci\\\/\",\"logo\":{\"@type\":\"ImageObject\",\"inLanguage\":\"fr-FR\",\"@id\":\"https:\\\/\\\/www.ecofirma.ci\\\/#\\\/schema\\\/logo\\\/image\\\/\",\"url\":\"https:\\\/\\\/www.ecofirma.ci\\\/wp-content\\\/uploads\\\/2023\\\/04\\\/ECOFIRMA-Cote-divoire-logo-scaled.png\",\"contentUrl\":\"https:\\\/\\\/www.ecofirma.ci\\\/wp-content\\\/uploads\\\/2023\\\/04\\\/ECOFIRMA-Cote-divoire-logo-scaled.png\",\"width\":2560,\"height\":1079,\"caption\":\"ECOFIRMA C\u00f4te D&#039;Ivoire\"},\"image\":{\"@id\":\"https:\\\/\\\/www.ecofirma.ci\\\/#\\\/schema\\\/logo\\\/image\\\/\"},\"sameAs\":[\"https:\\\/\\\/www.facebook.com\\\/EcoEcofirma\",\"https:\\\/\\\/www.linkedin.com\\\/company\\\/grupoecofirma\"]}]}<\/script>\n<!-- \/ Yoast SEO plugin. -->","yoast_head_json":{"title":"Perfura\u00e7\u00e3o em Estruturas","description":"Servi\u00e7os especializados de perfura\u00e7\u00e3o em estruturas, abrangendo desde a alvenaria at\u00e9 o bet\u00e3o armado.","robots":{"index":"index","follow":"follow","max-snippet":"max-snippet:-1","max-image-preview":"max-image-preview:large","max-video-preview":"max-video-preview:-1"},"canonical":"https:\/\/www.ecofirma.ci\/fr\/pt\/servicos\/perfuracao-em-estruturas\/","og_locale":"fr_FR","og_type":"article","og_title":"Perfura\u00e7\u00e3o em Estruturas","og_description":"Servi\u00e7os especializados de perfura\u00e7\u00e3o em estruturas, abrangendo desde a alvenaria at\u00e9 o bet\u00e3o armado.","og_url":"https:\/\/www.ecofirma.ci\/fr\/pt\/servicos\/perfuracao-em-estruturas\/","og_site_name":"ECOFIRMA C\u00f4te D&#039;Ivoire","article_publisher":"https:\/\/www.facebook.com\/EcoEcofirma","article_modified_time":"2026-04-24T15:04:07+00:00","og_image":[{"width":1680,"height":600,"url":"https:\/\/www.ecofirma.ci\/wp-content\/uploads\/2023\/08\/psd3-3.jpg?_t=1777043048","type":"image\/jpeg"}],"twitter_card":"summary_large_image","twitter_misc":{"Dur\u00e9e de lecture estim\u00e9e":"2 minutes"},"schema":{"@context":"https:\/\/schema.org","@graph":[{"@type":"WebPage","@id":"https:\/\/www.ecofirma.ci\/pt\/servicos\/perfuracao-em-estruturas\/","url":"https:\/\/www.ecofirma.ci\/pt\/servicos\/perfuracao-em-estruturas\/","name":"Perfura\u00e7\u00e3o em Estruturas","isPartOf":{"@id":"https:\/\/www.ecofirma.ci\/#website"},"primaryImageOfPage":{"@id":"https:\/\/www.ecofirma.ci\/pt\/servicos\/perfuracao-em-estruturas\/#primaryimage"},"image":{"@id":"https:\/\/www.ecofirma.ci\/pt\/servicos\/perfuracao-em-estruturas\/#primaryimage"},"thumbnailUrl":"https:\/\/www.ecofirma.ci\/wp-content\/uploads\/2023\/08\/psd3-3.jpg","datePublished":"2023-06-17T16:31:35+00:00","dateModified":"2026-04-24T15:04:07+00:00","description":"Servi\u00e7os especializados de perfura\u00e7\u00e3o em estruturas, abrangendo desde a alvenaria at\u00e9 o bet\u00e3o armado.","breadcrumb":{"@id":"https:\/\/www.ecofirma.ci\/pt\/servicos\/perfuracao-em-estruturas\/#breadcrumb"},"inLanguage":"fr-FR","potentialAction":[{"@type":"ReadAction","target":["https:\/\/www.ecofirma.ci\/pt\/servicos\/perfuracao-em-estruturas\/"]}]},{"@type":"ImageObject","inLanguage":"fr-FR","@id":"https:\/\/www.ecofirma.ci\/pt\/servicos\/perfuracao-em-estruturas\/#primaryimage","url":"https:\/\/www.ecofirma.ci\/wp-content\/uploads\/2023\/08\/psd3-3.jpg","contentUrl":"https:\/\/www.ecofirma.ci\/wp-content\/uploads\/2023\/08\/psd3-3.jpg","width":1680,"height":600},{"@type":"BreadcrumbList","@id":"https:\/\/www.ecofirma.ci\/pt\/servicos\/perfuracao-em-estruturas\/#breadcrumb","itemListElement":[{"@type":"ListItem","position":1,"name":"In\u00edcio","item":"https:\/\/www.ecofirma.ci\/"},{"@type":"ListItem","position":2,"name":"Notres services","item":"https:\/\/www.ecofirma.ci\/servicos\/"},{"@type":"ListItem","position":3,"name":"FORAGE DANS LES STRUCTURES"}]},{"@type":"WebSite","@id":"https:\/\/www.ecofirma.ci\/#website","url":"https:\/\/www.ecofirma.ci\/","name":"ECOFIRMA C\u00f4te D&#039;Ivoire","description":"Avec nous, c&#039;est l&#039;Assurance !","publisher":{"@id":"https:\/\/www.ecofirma.ci\/#organization"},"potentialAction":[{"@type":"SearchAction","target":{"@type":"EntryPoint","urlTemplate":"https:\/\/www.ecofirma.ci\/?s={search_term_string}"},"query-input":{"@type":"PropertyValueSpecification","valueRequired":true,"valueName":"search_term_string"}}],"inLanguage":"fr-FR"},{"@type":"Organization","@id":"https:\/\/www.ecofirma.ci\/#organization","name":"ECOFIRMA C\u00f4te D&#039;Ivoire","url":"https:\/\/www.ecofirma.ci\/","logo":{"@type":"ImageObject","inLanguage":"fr-FR","@id":"https:\/\/www.ecofirma.ci\/#\/schema\/logo\/image\/","url":"https:\/\/www.ecofirma.ci\/wp-content\/uploads\/2023\/04\/ECOFIRMA-Cote-divoire-logo-scaled.png","contentUrl":"https:\/\/www.ecofirma.ci\/wp-content\/uploads\/2023\/04\/ECOFIRMA-Cote-divoire-logo-scaled.png","width":2560,"height":1079,"caption":"ECOFIRMA C\u00f4te D&#039;Ivoire"},"image":{"@id":"https:\/\/www.ecofirma.ci\/#\/schema\/logo\/image\/"},"sameAs":["https:\/\/www.facebook.com\/EcoEcofirma","https:\/\/www.linkedin.com\/company\/grupoecofirma"]}]}},"_links":{"self":[{"href":"https:\/\/www.ecofirma.ci\/fr\/wp-json\/wp\/v2\/pages\/7812","targetHints":{"allow":["GET"]}}],"collection":[{"href":"https:\/\/www.ecofirma.ci\/fr\/wp-json\/wp\/v2\/pages"}],"about":[{"href":"https:\/\/www.ecofirma.ci\/fr\/wp-json\/wp\/v2\/types\/page"}],"author":[{"embeddable":true,"href":"https:\/\/www.ecofirma.ci\/fr\/wp-json\/wp\/v2\/users\/5"}],"replies":[{"embeddable":true,"href":"https:\/\/www.ecofirma.ci\/fr\/wp-json\/wp\/v2\/comments?post=7812"}],"version-history":[{"count":33,"href":"https:\/\/www.ecofirma.ci\/fr\/wp-json\/wp\/v2\/pages\/7812\/revisions"}],"predecessor-version":[{"id":10067,"href":"https:\/\/www.ecofirma.ci\/fr\/wp-json\/wp\/v2\/pages\/7812\/revisions\/10067"}],"up":[{"embeddable":true,"href":"https:\/\/www.ecofirma.ci\/fr\/wp-json\/wp\/v2\/pages\/1255"}],"wp:featuredmedia":[{"embeddable":true,"href":"https:\/\/www.ecofirma.ci\/fr\/wp-json\/wp\/v2\/media\/8650"}],"wp:attachment":[{"href":"https:\/\/www.ecofirma.ci\/fr\/wp-json\/wp\/v2\/media?parent=7812"}],"curies":[{"name":"wp","href":"https:\/\/api.w.org\/{rel}","templated":true}]}}