{"id":7482,"date":"2023-05-10T19:30:32","date_gmt":"2023-05-10T18:30:32","guid":{"rendered":"https:\/\/www.ecofirma.ci\/?page_id=7482"},"modified":"2026-04-24T15:45:16","modified_gmt":"2026-04-24T15:45:16","slug":"sistemas-de-abastecimento-e-tratamento-de-aguas","status":"publish","type":"page","link":"https:\/\/www.ecofirma.ci\/fr\/servicos\/sistemas-de-abastecimento-e-tratamento-de-aguas\/","title":{"rendered":"FOURNITURE, DIMENSIONNEMENT, INSTALLATION ET MAINTENANCE DE SYST\u00c8MES D\u2019ALIMENTATION ET DE TRAITEMENT DE L\u2019EAU"},"content":{"rendered":"\t\t<div data-elementor-type=\"wp-page\" data-elementor-id=\"7482\" class=\"elementor elementor-7482\" data-elementor-post-type=\"page\">\n\t\t\t\t<div class=\"elementor-element elementor-element-a4f5442 e-con-full e-flex e-con e-parent\" data-id=\"a4f5442\" data-element_type=\"container\" data-e-type=\"container\" data-settings=\"{&quot;background_background&quot;:&quot;classic&quot;}\">\n\t\t<div class=\"elementor-element elementor-element-bfae7e1 e-flex e-con-boxed e-con e-child\" data-id=\"bfae7e1\" data-element_type=\"container\" data-e-type=\"container\">\n\t\t\t\t\t<div class=\"e-con-inner\">\n\t\t\t\t<div class=\"elementor-element elementor-element-39e1ad8 elementor-widget elementor-widget-image\" data-id=\"39e1ad8\" data-element_type=\"widget\" data-e-type=\"widget\" id=\"#icon\" data-settings=\"{&quot;motion_fx_motion_fx_mouse&quot;:&quot;yes&quot;,&quot;motion_fx_mouseTrack_effect&quot;:&quot;yes&quot;,&quot;motion_fx_mouseTrack_speed&quot;:{&quot;unit&quot;:&quot;px&quot;,&quot;size&quot;:0.1000000000000000055511151231257827021181583404541015625,&quot;sizes&quot;:[]},&quot;motion_fx_tilt_effect&quot;:&quot;yes&quot;,&quot;motion_fx_tilt_speed&quot;:{&quot;unit&quot;:&quot;px&quot;,&quot;size&quot;:2,&quot;sizes&quot;:[]}}\" data-widget_type=\"image.default\">\n\t\t\t\t<div class=\"elementor-widget-container\">\n\t\t\t\t\t\t\t\t\t\t\t\t\t\t\t<img decoding=\"async\" width=\"168\" height=\"168\" src=\"https:\/\/www.ecofirma.ci\/wp-content\/uploads\/2018\/04\/sistemasdeabastecimento00.png\" class=\"attachment-large size-large wp-image-1708\" alt=\"\" srcset=\"https:\/\/www.ecofirma.ci\/wp-content\/uploads\/2018\/04\/sistemasdeabastecimento00.png 168w, https:\/\/www.ecofirma.ci\/wp-content\/uploads\/2018\/04\/sistemasdeabastecimento00-150x150.png 150w\" sizes=\"(max-width: 168px) 100vw, 168px\" \/>\t\t\t\t\t\t\t\t\t\t\t\t\t\t\t<\/div>\n\t\t\t\t<\/div>\n\t\t\t\t<div class=\"elementor-element elementor-element-172bbcb elementor-widget elementor-widget-text-editor\" data-id=\"172bbcb\" data-element_type=\"widget\" data-e-type=\"widget\" data-widget_type=\"text-editor.default\">\n\t\t\t\t<div class=\"elementor-widget-container\">\n\t\t\t\t\t\t\t\t\t<p>FOURNITURE, DIMENSIONNEMENT, INSTALLATION ET MAINTENANCE DE SYST\u00c8MES D\u2019ALIMENTATION ET DE TRAITEMENT DE L\u2019EAU<\/p>\t\t\t\t\t\t\t\t<\/div>\n\t\t\t\t<\/div>\n\t\t\t\t\t<\/div>\n\t\t\t\t<\/div>\n\t\t\t\t<\/div>\n\t\t<div class=\"elementor-element elementor-element-45d8ec1 e-flex e-con-boxed e-con e-parent\" data-id=\"45d8ec1\" data-element_type=\"container\" data-e-type=\"container\" data-settings=\"{&quot;background_background&quot;:&quot;classic&quot;}\">\n\t\t\t\t\t<div class=\"e-con-inner\">\n\t\t\t\t<div class=\"elementor-element elementor-element-c813ea0 elementor-widget elementor-widget-text-editor\" data-id=\"c813ea0\" data-element_type=\"widget\" data-e-type=\"widget\" data-widget_type=\"text-editor.default\">\n\t\t\t\t<div class=\"elementor-widget-container\">\n\t\t\t\t\t\t\t\t\t<p>Nous sommes engag\u00e9s \u00e0 fournir des solutions compl\u00e8tes et des services de haute qualit\u00e9 pour r\u00e9pondre aux besoins de nos clients dans le domaine de l\u2019alimentation et du traitement de l\u2019eau.<\/p><p>Notre \u00e9quipe de sp\u00e9cialistes est pr\u00eate \u00e0 vous accompagner \u00e0 toutes les \u00e9tapes, depuis la conception initiale jusqu\u2019\u00e0 la maintenance continue des syst\u00e8mes.<\/p>\t\t\t\t\t\t\t\t<\/div>\n\t\t\t\t<\/div>\n\t\t\t\t\t<\/div>\n\t\t\t\t<\/div>\n\t\t<div class=\"elementor-element elementor-element-1318d68 e-flex e-con-boxed e-con e-parent\" data-id=\"1318d68\" data-element_type=\"container\" data-e-type=\"container\">\n\t\t\t\t\t<div class=\"e-con-inner\">\n\t\t<div class=\"elementor-element elementor-element-6d1681d e-con-full e-flex elementor-invisible e-con e-child\" data-id=\"6d1681d\" data-element_type=\"container\" data-e-type=\"container\" data-settings=\"{&quot;background_background&quot;:&quot;classic&quot;,&quot;animation&quot;:&quot;fadeInLeft&quot;}\">\n\t\t\t\t<\/div>\n\t\t<div class=\"elementor-element elementor-element-e5e4ad3 e-con-full animated-slow e-flex elementor-invisible e-con e-child\" data-id=\"e5e4ad3\" data-element_type=\"container\" data-e-type=\"container\" data-settings=\"{&quot;animation&quot;:&quot;fadeIn&quot;}\">\n\t\t\t\t<div class=\"elementor-element elementor-element-750c486 elementor-widget elementor-widget-heading\" data-id=\"750c486\" data-element_type=\"widget\" data-e-type=\"widget\" data-widget_type=\"heading.default\">\n\t\t\t\t<div class=\"elementor-widget-container\">\n\t\t\t\t\t<h2 class=\"elementor-heading-title elementor-size-default\">CONCEPTION ET CONSTRUCTION<\/h2>\t\t\t\t<\/div>\n\t\t\t\t<\/div>\n\t\t\t\t<div class=\"elementor-element elementor-element-1267223 elementor-widget elementor-widget-text-editor\" data-id=\"1267223\" data-element_type=\"widget\" data-e-type=\"widget\" data-widget_type=\"text-editor.default\">\n\t\t\t\t<div class=\"elementor-widget-container\">\n\t\t\t\t\t\t\t\t\t<ul><li>Syst\u00e8mes de traitement des eaux industrielles<\/li><li>Syst\u00e8mes de production et de traitement d\u2019eau potable<\/li><li>Syst\u00e8mes de dessalement d\u2019eau de mer et d\u2019eau saum\u00e2tre<\/li><li>Syst\u00e8mes de filtration<\/li><li>Syst\u00e8mes d\u2019alimentation, captage, adduction et distribution<\/li><li>\u00c9quipements de traitement (floculateurs, d\u00e9canteurs, filtres, microfiltration, ultrafiltration et osmose inverse)<\/li><li>Solutions int\u00e9gr\u00e9es (Ecoetar Reseco)<\/li><li>Installations \u00e9lectriques sp\u00e9cialis\u00e9es<\/li><li>Automatisation des syst\u00e8mes<\/li><li>T\u00e9l\u00e9gestion<\/li><li>Tableaux \u00e9lectriques, commande et automatisation<\/li><li>Postes de transformation.<\/li><\/ul>\t\t\t\t\t\t\t\t<\/div>\n\t\t\t\t<\/div>\n\t\t\t\t<\/div>\n\t\t\t\t\t<\/div>\n\t\t\t\t<\/div>\n\t\t<div class=\"elementor-element elementor-element-0488c0e e-flex e-con-boxed e-con e-parent\" data-id=\"0488c0e\" data-element_type=\"container\" data-e-type=\"container\" data-settings=\"{&quot;background_background&quot;:&quot;classic&quot;}\">\n\t\t\t\t\t<div class=\"e-con-inner\">\n\t\t<div class=\"elementor-element elementor-element-273ed8b e-con-full animated-slow e-flex elementor-invisible e-con e-child\" data-id=\"273ed8b\" data-element_type=\"container\" data-e-type=\"container\" data-settings=\"{&quot;animation&quot;:&quot;fadeIn&quot;}\">\n\t\t\t\t<div class=\"elementor-element elementor-element-3628a8d elementor-widget elementor-widget-heading\" data-id=\"3628a8d\" data-element_type=\"widget\" data-e-type=\"widget\" data-widget_type=\"heading.default\">\n\t\t\t\t<div class=\"elementor-widget-container\">\n\t\t\t\t\t<h2 class=\"elementor-heading-title elementor-size-default\">DIAGNOSTIC<\/h2>\t\t\t\t<\/div>\n\t\t\t\t<\/div>\n\t\t\t\t<div class=\"elementor-element elementor-element-6cc16cf elementor-widget elementor-widget-text-editor\" data-id=\"6cc16cf\" data-element_type=\"widget\" data-e-type=\"widget\" data-widget_type=\"text-editor.default\">\n\t\t\t\t<div class=\"elementor-widget-container\">\n\t\t\t\t\t\t\t\t\t<ul><li>Identification, classification et quantification des pathologies<\/li><li>R\u00e9alisation de carottages<\/li><li>Cartographie des pathologies<\/li><li>Analyse de l\u2019enrobage des armatures<\/li><li>Inspection vid\u00e9o<\/li><li>Analyse d\u2019\u00e9tanch\u00e9it\u00e9<\/li><li>Thermographie<\/li><li>\u00c9valuation de la performance du syst\u00e8me install\u00e9<\/li><\/ul>\t\t\t\t\t\t\t\t<\/div>\n\t\t\t\t<\/div>\n\t\t\t\t<\/div>\n\t\t<div class=\"elementor-element elementor-element-79db2c2 e-con-full e-flex elementor-invisible e-con e-child\" data-id=\"79db2c2\" data-element_type=\"container\" data-e-type=\"container\" data-settings=\"{&quot;background_background&quot;:&quot;classic&quot;,&quot;animation&quot;:&quot;fadeInRight&quot;}\">\n\t\t\t\t<\/div>\n\t\t\t\t\t<\/div>\n\t\t\t\t<\/div>\n\t\t<div class=\"elementor-element elementor-element-ede7e4a e-flex e-con-boxed e-con e-parent\" data-id=\"ede7e4a\" data-element_type=\"container\" data-e-type=\"container\">\n\t\t\t\t\t<div class=\"e-con-inner\">\n\t\t<div class=\"elementor-element elementor-element-93dd2f4 e-con-full e-flex elementor-invisible e-con e-child\" data-id=\"93dd2f4\" data-element_type=\"container\" data-e-type=\"container\" data-settings=\"{&quot;background_background&quot;:&quot;classic&quot;,&quot;animation&quot;:&quot;fadeInLeft&quot;}\">\n\t\t\t\t<\/div>\n\t\t<div class=\"elementor-element elementor-element-14b89cd e-con-full animated-slow e-flex elementor-invisible e-con e-child\" data-id=\"14b89cd\" data-element_type=\"container\" data-e-type=\"container\" data-settings=\"{&quot;animation&quot;:&quot;fadeIn&quot;}\">\n\t\t\t\t<div class=\"elementor-element elementor-element-bf8da07 elementor-widget elementor-widget-heading\" data-id=\"bf8da07\" data-element_type=\"widget\" data-e-type=\"widget\" data-widget_type=\"heading.default\">\n\t\t\t\t<div class=\"elementor-widget-container\">\n\t\t\t\t\t<h2 class=\"elementor-heading-title elementor-size-default\">R\u00c9PARATION<\/h2>\t\t\t\t<\/div>\n\t\t\t\t<\/div>\n\t\t\t\t<div class=\"elementor-element elementor-element-3a00212 elementor-widget elementor-widget-text-editor\" data-id=\"3a00212\" data-element_type=\"widget\" data-e-type=\"widget\" data-widget_type=\"text-editor.default\">\n\t\t\t\t<div class=\"elementor-widget-container\">\n\t\t\t\t\t\t\t\t\t<ul><li>R\u00e9paration d\u2019\u00e9quipements \u00e9lectriques<\/li><li>R\u00e9paration d\u2019\u00e9quipements hydrauliques<\/li><li>R\u00e9paration d\u2019\u00e9quipements m\u00e9caniques<\/li><li>Modification et optimisation des syst\u00e8mes existants<\/li><li>R\u00e9habilitation structurelle des zones endommag\u00e9es<\/li><li>R\u00e9habilitation du b\u00e9ton par injection de r\u00e9sines \u00e9poxy et microciment<\/li><li>Traitement des fuites d\u2019eau sous pression par injection de r\u00e9sines polyur\u00e9thane et gels<\/li><\/ul>\t\t\t\t\t\t\t\t<\/div>\n\t\t\t\t<\/div>\n\t\t\t\t<\/div>\n\t\t\t\t\t<\/div>\n\t\t\t\t<\/div>\n\t\t<div class=\"elementor-element elementor-element-9be31d2 e-flex e-con-boxed e-con e-parent\" data-id=\"9be31d2\" data-element_type=\"container\" data-e-type=\"container\" data-settings=\"{&quot;background_background&quot;:&quot;classic&quot;}\">\n\t\t\t\t\t<div class=\"e-con-inner\">\n\t\t<div class=\"elementor-element elementor-element-dc91ff9 e-con-full animated-slow e-flex elementor-invisible e-con e-child\" data-id=\"dc91ff9\" data-element_type=\"container\" data-e-type=\"container\" data-settings=\"{&quot;animation&quot;:&quot;fadeIn&quot;}\">\n\t\t\t\t<div class=\"elementor-element elementor-element-6f51ba5 elementor-widget elementor-widget-heading\" data-id=\"6f51ba5\" data-element_type=\"widget\" data-e-type=\"widget\" data-widget_type=\"heading.default\">\n\t\t\t\t<div class=\"elementor-widget-container\">\n\t\t\t\t\t<h2 class=\"elementor-heading-title elementor-size-default\">MAINTENANCE<\/h2>\t\t\t\t<\/div>\n\t\t\t\t<\/div>\n\t\t\t\t<div class=\"elementor-element elementor-element-26cb512 elementor-widget elementor-widget-text-editor\" data-id=\"26cb512\" data-element_type=\"widget\" data-e-type=\"widget\" data-widget_type=\"text-editor.default\">\n\t\t\t\t<div class=\"elementor-widget-container\">\n\t\t\t\t\t\t\t\t\t<ul><li>\u00c9quipements \u00e9lectrom\u00e9caniques<\/li><li>Calibration des \u00e9quipements d\u2019instrumentation et \u00e9lectropompes<\/li><li>Rev\u00eatement de protection du b\u00e9ton avec des mortiers cimentaires, \u00e9poxy et polyur\u00e9thane<\/li><li>Imperm\u00e9abilisation du b\u00e9ton<\/li><li>Nettoyage et d\u00e9sinfection des ouvrages<\/li><li>Remplacement des m\u00e9dias filtrants<\/li><li>Fourniture de consommables pour le traitement chimique de l\u2019eau<\/li><li>Analyses d\u2019eau<\/li><li>Ajustement des param\u00e8tres de dosage des produits chimiques<\/li><li>Optimisation des stations de traitement<\/li><\/ul>\t\t\t\t\t\t\t\t<\/div>\n\t\t\t\t<\/div>\n\t\t\t\t<\/div>\n\t\t<div class=\"elementor-element elementor-element-6902bc4 e-con-full e-flex elementor-invisible e-con e-child\" data-id=\"6902bc4\" data-element_type=\"container\" data-e-type=\"container\" data-settings=\"{&quot;background_background&quot;:&quot;classic&quot;,&quot;animation&quot;:&quot;fadeInRight&quot;}\">\n\t\t\t\t<\/div>\n\t\t\t\t\t<\/div>\n\t\t\t\t<\/div>\n\t\t\t\t<\/div>\n\t\t","protected":false},"excerpt":{"rendered":"<p>Nous proposons des solutions compl\u00e8tes en fourniture, dimensionnement, installation et maintenance de syst\u00e8mes d\u2019alimentation et de traitement de l\u2019eau, adapt\u00e9es \u00e0 chaque projet.<\/p>\n","protected":false},"author":4,"featured_media":8632,"parent":1255,"menu_order":0,"comment_status":"closed","ping_status":"closed","template":"elementor_header_footer","meta":{"footnotes":""},"class_list":["post-7482","page","type-page","status-publish","has-post-thumbnail","hentry"],"yoast_head":"<!-- This site is optimized with the Yoast SEO plugin v27.4 - https:\/\/yoast.com\/product\/yoast-seo-wordpress\/ -->\n<title>Sistemas de Abastecimento e Tratamento de \u00c1guas<\/title>\n<meta name=\"description\" content=\"Concep\u00e7\u00e3o, constru\u00e7\u00e3o, diagn\u00f3stico, repara\u00e7\u00e3o e manuten\u00e7\u00e3o de sistemas de abastecimento e tratamento de \u00e1guas.\" \/>\n<meta name=\"robots\" content=\"index, follow, max-snippet:-1, max-image-preview:large, max-video-preview:-1\" \/>\n<link rel=\"canonical\" href=\"https:\/\/www.ecofirma.ci\/fr\/pt\/servicos\/sistemas-de-abastecimento-e-tratamento-de-aguas\/\" \/>\n<meta property=\"og:locale\" content=\"fr_FR\" \/>\n<meta property=\"og:type\" content=\"article\" \/>\n<meta property=\"og:title\" content=\"Sistemas de Abastecimento e Tratamento de \u00c1guas\" \/>\n<meta property=\"og:description\" content=\"Concep\u00e7\u00e3o, constru\u00e7\u00e3o, diagn\u00f3stico, repara\u00e7\u00e3o e manuten\u00e7\u00e3o de sistemas de abastecimento e tratamento de \u00e1guas.\" \/>\n<meta property=\"og:url\" content=\"https:\/\/www.ecofirma.ci\/fr\/pt\/servicos\/sistemas-de-abastecimento-e-tratamento-de-aguas\/\" \/>\n<meta property=\"og:site_name\" content=\"ECOFIRMA C\u00f4te D&#039;Ivoire\" \/>\n<meta property=\"article:publisher\" content=\"https:\/\/www.facebook.com\/EcoEcofirma\" \/>\n<meta property=\"article:modified_time\" content=\"2026-04-24T15:45:16+00:00\" \/>\n<meta property=\"og:image\" content=\"https:\/\/www.ecofirma.ci\/wp-content\/uploads\/2023\/08\/psd1\u00a7.jpg?_t=1777045517\" \/>\n\t<meta property=\"og:image:width\" content=\"2395\" \/>\n\t<meta property=\"og:image:height\" content=\"1596\" \/>\n\t<meta property=\"og:image:type\" content=\"image\/jpeg\" \/>\n<meta name=\"twitter:card\" content=\"summary_large_image\" \/>\n<meta name=\"twitter:label1\" content=\"Dur\u00e9e de lecture estim\u00e9e\" \/>\n\t<meta name=\"twitter:data1\" content=\"2 minutes\" \/>\n<script type=\"application\/ld+json\" class=\"yoast-schema-graph\">{\"@context\":\"https:\\\/\\\/schema.org\",\"@graph\":[{\"@type\":\"WebPage\",\"@id\":\"https:\\\/\\\/www.ecofirma.ci\\\/pt\\\/servicos\\\/sistemas-de-abastecimento-e-tratamento-de-aguas\\\/\",\"url\":\"https:\\\/\\\/www.ecofirma.ci\\\/pt\\\/servicos\\\/sistemas-de-abastecimento-e-tratamento-de-aguas\\\/\",\"name\":\"Sistemas de Abastecimento e Tratamento de \u00c1guas\",\"isPartOf\":{\"@id\":\"https:\\\/\\\/www.ecofirma.ci\\\/#website\"},\"primaryImageOfPage\":{\"@id\":\"https:\\\/\\\/www.ecofirma.ci\\\/pt\\\/servicos\\\/sistemas-de-abastecimento-e-tratamento-de-aguas\\\/#primaryimage\"},\"image\":{\"@id\":\"https:\\\/\\\/www.ecofirma.ci\\\/pt\\\/servicos\\\/sistemas-de-abastecimento-e-tratamento-de-aguas\\\/#primaryimage\"},\"thumbnailUrl\":\"https:\\\/\\\/www.ecofirma.ci\\\/wp-content\\\/uploads\\\/2023\\\/08\\\/psd1\u00a7.jpg\",\"datePublished\":\"2023-05-10T18:30:32+00:00\",\"dateModified\":\"2026-04-24T15:45:16+00:00\",\"description\":\"Concep\u00e7\u00e3o, constru\u00e7\u00e3o, diagn\u00f3stico, repara\u00e7\u00e3o e manuten\u00e7\u00e3o de sistemas de abastecimento e tratamento de \u00e1guas.\",\"breadcrumb\":{\"@id\":\"https:\\\/\\\/www.ecofirma.ci\\\/pt\\\/servicos\\\/sistemas-de-abastecimento-e-tratamento-de-aguas\\\/#breadcrumb\"},\"inLanguage\":\"fr-FR\",\"potentialAction\":[{\"@type\":\"ReadAction\",\"target\":[\"https:\\\/\\\/www.ecofirma.ci\\\/pt\\\/servicos\\\/sistemas-de-abastecimento-e-tratamento-de-aguas\\\/\"]}]},{\"@type\":\"ImageObject\",\"inLanguage\":\"fr-FR\",\"@id\":\"https:\\\/\\\/www.ecofirma.ci\\\/pt\\\/servicos\\\/sistemas-de-abastecimento-e-tratamento-de-aguas\\\/#primaryimage\",\"url\":\"https:\\\/\\\/www.ecofirma.ci\\\/wp-content\\\/uploads\\\/2023\\\/08\\\/psd1\u00a7.jpg\",\"contentUrl\":\"https:\\\/\\\/www.ecofirma.ci\\\/wp-content\\\/uploads\\\/2023\\\/08\\\/psd1\u00a7.jpg\",\"width\":2395,\"height\":1596},{\"@type\":\"BreadcrumbList\",\"@id\":\"https:\\\/\\\/www.ecofirma.ci\\\/pt\\\/servicos\\\/sistemas-de-abastecimento-e-tratamento-de-aguas\\\/#breadcrumb\",\"itemListElement\":[{\"@type\":\"ListItem\",\"position\":1,\"name\":\"In\u00edcio\",\"item\":\"https:\\\/\\\/www.ecofirma.ci\\\/\"},{\"@type\":\"ListItem\",\"position\":2,\"name\":\"Notres services\",\"item\":\"https:\\\/\\\/www.ecofirma.ci\\\/servicos\\\/\"},{\"@type\":\"ListItem\",\"position\":3,\"name\":\"FOURNITURE, DIMENSIONNEMENT, INSTALLATION ET MAINTENANCE DE SYST\u00c8MES D\u2019ALIMENTATION ET DE TRAITEMENT DE L\u2019EAU\"}]},{\"@type\":\"WebSite\",\"@id\":\"https:\\\/\\\/www.ecofirma.ci\\\/#website\",\"url\":\"https:\\\/\\\/www.ecofirma.ci\\\/\",\"name\":\"ECOFIRMA C\u00f4te D&#039;Ivoire\",\"description\":\"Avec nous, c&#039;est l&#039;Assurance !\",\"publisher\":{\"@id\":\"https:\\\/\\\/www.ecofirma.ci\\\/#organization\"},\"potentialAction\":[{\"@type\":\"SearchAction\",\"target\":{\"@type\":\"EntryPoint\",\"urlTemplate\":\"https:\\\/\\\/www.ecofirma.ci\\\/?s={search_term_string}\"},\"query-input\":{\"@type\":\"PropertyValueSpecification\",\"valueRequired\":true,\"valueName\":\"search_term_string\"}}],\"inLanguage\":\"fr-FR\"},{\"@type\":\"Organization\",\"@id\":\"https:\\\/\\\/www.ecofirma.ci\\\/#organization\",\"name\":\"ECOFIRMA C\u00f4te D&#039;Ivoire\",\"url\":\"https:\\\/\\\/www.ecofirma.ci\\\/\",\"logo\":{\"@type\":\"ImageObject\",\"inLanguage\":\"fr-FR\",\"@id\":\"https:\\\/\\\/www.ecofirma.ci\\\/#\\\/schema\\\/logo\\\/image\\\/\",\"url\":\"https:\\\/\\\/www.ecofirma.ci\\\/wp-content\\\/uploads\\\/2023\\\/04\\\/ECOFIRMA-Cote-divoire-logo-scaled.png\",\"contentUrl\":\"https:\\\/\\\/www.ecofirma.ci\\\/wp-content\\\/uploads\\\/2023\\\/04\\\/ECOFIRMA-Cote-divoire-logo-scaled.png\",\"width\":2560,\"height\":1079,\"caption\":\"ECOFIRMA C\u00f4te D&#039;Ivoire\"},\"image\":{\"@id\":\"https:\\\/\\\/www.ecofirma.ci\\\/#\\\/schema\\\/logo\\\/image\\\/\"},\"sameAs\":[\"https:\\\/\\\/www.facebook.com\\\/EcoEcofirma\",\"https:\\\/\\\/www.linkedin.com\\\/company\\\/grupoecofirma\"]}]}<\/script>\n<!-- \/ Yoast SEO plugin. -->","yoast_head_json":{"title":"Sistemas de Abastecimento e Tratamento de \u00c1guas","description":"Concep\u00e7\u00e3o, constru\u00e7\u00e3o, diagn\u00f3stico, repara\u00e7\u00e3o e manuten\u00e7\u00e3o de sistemas de abastecimento e tratamento de \u00e1guas.","robots":{"index":"index","follow":"follow","max-snippet":"max-snippet:-1","max-image-preview":"max-image-preview:large","max-video-preview":"max-video-preview:-1"},"canonical":"https:\/\/www.ecofirma.ci\/fr\/pt\/servicos\/sistemas-de-abastecimento-e-tratamento-de-aguas\/","og_locale":"fr_FR","og_type":"article","og_title":"Sistemas de Abastecimento e Tratamento de \u00c1guas","og_description":"Concep\u00e7\u00e3o, constru\u00e7\u00e3o, diagn\u00f3stico, repara\u00e7\u00e3o e manuten\u00e7\u00e3o de sistemas de abastecimento e tratamento de \u00e1guas.","og_url":"https:\/\/www.ecofirma.ci\/fr\/pt\/servicos\/sistemas-de-abastecimento-e-tratamento-de-aguas\/","og_site_name":"ECOFIRMA C\u00f4te D&#039;Ivoire","article_publisher":"https:\/\/www.facebook.com\/EcoEcofirma","article_modified_time":"2026-04-24T15:45:16+00:00","og_image":[{"width":2395,"height":1596,"url":"https:\/\/www.ecofirma.ci\/wp-content\/uploads\/2023\/08\/psd1\u00a7.jpg?_t=1777045517","type":"image\/jpeg"}],"twitter_card":"summary_large_image","twitter_misc":{"Dur\u00e9e de lecture estim\u00e9e":"2 minutes"},"schema":{"@context":"https:\/\/schema.org","@graph":[{"@type":"WebPage","@id":"https:\/\/www.ecofirma.ci\/pt\/servicos\/sistemas-de-abastecimento-e-tratamento-de-aguas\/","url":"https:\/\/www.ecofirma.ci\/pt\/servicos\/sistemas-de-abastecimento-e-tratamento-de-aguas\/","name":"Sistemas de Abastecimento e Tratamento de \u00c1guas","isPartOf":{"@id":"https:\/\/www.ecofirma.ci\/#website"},"primaryImageOfPage":{"@id":"https:\/\/www.ecofirma.ci\/pt\/servicos\/sistemas-de-abastecimento-e-tratamento-de-aguas\/#primaryimage"},"image":{"@id":"https:\/\/www.ecofirma.ci\/pt\/servicos\/sistemas-de-abastecimento-e-tratamento-de-aguas\/#primaryimage"},"thumbnailUrl":"https:\/\/www.ecofirma.ci\/wp-content\/uploads\/2023\/08\/psd1\u00a7.jpg","datePublished":"2023-05-10T18:30:32+00:00","dateModified":"2026-04-24T15:45:16+00:00","description":"Concep\u00e7\u00e3o, constru\u00e7\u00e3o, diagn\u00f3stico, repara\u00e7\u00e3o e manuten\u00e7\u00e3o de sistemas de abastecimento e tratamento de \u00e1guas.","breadcrumb":{"@id":"https:\/\/www.ecofirma.ci\/pt\/servicos\/sistemas-de-abastecimento-e-tratamento-de-aguas\/#breadcrumb"},"inLanguage":"fr-FR","potentialAction":[{"@type":"ReadAction","target":["https:\/\/www.ecofirma.ci\/pt\/servicos\/sistemas-de-abastecimento-e-tratamento-de-aguas\/"]}]},{"@type":"ImageObject","inLanguage":"fr-FR","@id":"https:\/\/www.ecofirma.ci\/pt\/servicos\/sistemas-de-abastecimento-e-tratamento-de-aguas\/#primaryimage","url":"https:\/\/www.ecofirma.ci\/wp-content\/uploads\/2023\/08\/psd1\u00a7.jpg","contentUrl":"https:\/\/www.ecofirma.ci\/wp-content\/uploads\/2023\/08\/psd1\u00a7.jpg","width":2395,"height":1596},{"@type":"BreadcrumbList","@id":"https:\/\/www.ecofirma.ci\/pt\/servicos\/sistemas-de-abastecimento-e-tratamento-de-aguas\/#breadcrumb","itemListElement":[{"@type":"ListItem","position":1,"name":"In\u00edcio","item":"https:\/\/www.ecofirma.ci\/"},{"@type":"ListItem","position":2,"name":"Notres services","item":"https:\/\/www.ecofirma.ci\/servicos\/"},{"@type":"ListItem","position":3,"name":"FOURNITURE, DIMENSIONNEMENT, INSTALLATION ET MAINTENANCE DE SYST\u00c8MES D\u2019ALIMENTATION ET DE TRAITEMENT DE L\u2019EAU"}]},{"@type":"WebSite","@id":"https:\/\/www.ecofirma.ci\/#website","url":"https:\/\/www.ecofirma.ci\/","name":"ECOFIRMA C\u00f4te D&#039;Ivoire","description":"Avec nous, c&#039;est l&#039;Assurance !","publisher":{"@id":"https:\/\/www.ecofirma.ci\/#organization"},"potentialAction":[{"@type":"SearchAction","target":{"@type":"EntryPoint","urlTemplate":"https:\/\/www.ecofirma.ci\/?s={search_term_string}"},"query-input":{"@type":"PropertyValueSpecification","valueRequired":true,"valueName":"search_term_string"}}],"inLanguage":"fr-FR"},{"@type":"Organization","@id":"https:\/\/www.ecofirma.ci\/#organization","name":"ECOFIRMA C\u00f4te D&#039;Ivoire","url":"https:\/\/www.ecofirma.ci\/","logo":{"@type":"ImageObject","inLanguage":"fr-FR","@id":"https:\/\/www.ecofirma.ci\/#\/schema\/logo\/image\/","url":"https:\/\/www.ecofirma.ci\/wp-content\/uploads\/2023\/04\/ECOFIRMA-Cote-divoire-logo-scaled.png","contentUrl":"https:\/\/www.ecofirma.ci\/wp-content\/uploads\/2023\/04\/ECOFIRMA-Cote-divoire-logo-scaled.png","width":2560,"height":1079,"caption":"ECOFIRMA C\u00f4te D&#039;Ivoire"},"image":{"@id":"https:\/\/www.ecofirma.ci\/#\/schema\/logo\/image\/"},"sameAs":["https:\/\/www.facebook.com\/EcoEcofirma","https:\/\/www.linkedin.com\/company\/grupoecofirma"]}]}},"_links":{"self":[{"href":"https:\/\/www.ecofirma.ci\/fr\/wp-json\/wp\/v2\/pages\/7482","targetHints":{"allow":["GET"]}}],"collection":[{"href":"https:\/\/www.ecofirma.ci\/fr\/wp-json\/wp\/v2\/pages"}],"about":[{"href":"https:\/\/www.ecofirma.ci\/fr\/wp-json\/wp\/v2\/types\/page"}],"author":[{"embeddable":true,"href":"https:\/\/www.ecofirma.ci\/fr\/wp-json\/wp\/v2\/users\/4"}],"replies":[{"embeddable":true,"href":"https:\/\/www.ecofirma.ci\/fr\/wp-json\/wp\/v2\/comments?post=7482"}],"version-history":[{"count":39,"href":"https:\/\/www.ecofirma.ci\/fr\/wp-json\/wp\/v2\/pages\/7482\/revisions"}],"predecessor-version":[{"id":10086,"href":"https:\/\/www.ecofirma.ci\/fr\/wp-json\/wp\/v2\/pages\/7482\/revisions\/10086"}],"up":[{"embeddable":true,"href":"https:\/\/www.ecofirma.ci\/fr\/wp-json\/wp\/v2\/pages\/1255"}],"wp:featuredmedia":[{"embeddable":true,"href":"https:\/\/www.ecofirma.ci\/fr\/wp-json\/wp\/v2\/media\/8632"}],"wp:attachment":[{"href":"https:\/\/www.ecofirma.ci\/fr\/wp-json\/wp\/v2\/media?parent=7482"}],"curies":[{"name":"wp","href":"https:\/\/api.w.org\/{rel}","templated":true}]}}