{"id":7240,"date":"2023-04-14T16:02:00","date_gmt":"2023-04-14T15:02:00","guid":{"rendered":"https:\/\/www.ecofirma.ci\/?page_id=7240"},"modified":"2026-04-24T14:45:58","modified_gmt":"2026-04-24T14:45:58","slug":"blog","status":"publish","type":"page","link":"https:\/\/www.ecofirma.ci\/fr\/blog\/","title":{"rendered":"Blog"},"content":{"rendered":"\t\t<div data-elementor-type=\"wp-page\" data-elementor-id=\"7240\" class=\"elementor elementor-7240\" data-elementor-post-type=\"page\">\n\t\t\t\t<div class=\"elementor-element elementor-element-cb06f07 e-con-full e-flex e-con e-parent\" data-id=\"cb06f07\" data-element_type=\"container\" data-e-type=\"container\" data-settings=\"{&quot;background_background&quot;:&quot;classic&quot;}\">\n\t\t<div class=\"elementor-element elementor-element-78376c9 e-flex e-con-boxed e-con e-child\" data-id=\"78376c9\" data-element_type=\"container\" data-e-type=\"container\">\n\t\t\t\t\t<div class=\"e-con-inner\">\n\t\t\t\t<div class=\"elementor-element elementor-element-9816705 elementor-widget elementor-widget-text-editor\" data-id=\"9816705\" data-element_type=\"widget\" data-e-type=\"widget\" data-widget_type=\"text-editor.default\">\n\t\t\t\t<div class=\"elementor-widget-container\">\n\t\t\t\t\t\t\t\t\t<p>BLOG<\/p>\t\t\t\t\t\t\t\t<\/div>\n\t\t\t\t<\/div>\n\t\t\t\t\t<\/div>\n\t\t\t\t<\/div>\n\t\t\t\t<\/div>\n\t\t<div class=\"elementor-element elementor-element-1bb5e5a e-con-full e-flex e-con e-parent\" data-id=\"1bb5e5a\" data-element_type=\"container\" data-e-type=\"container\">\n\t\t\t\t<div class=\"elementor-element elementor-element-011c82a elementor-grid-3 elementor-grid-tablet-2 elementor-grid-mobile-1 elementor-posts--thumbnail-top elementor-card-shadow-yes elementor-posts__hover-gradient elementor-widget elementor-widget-posts\" data-id=\"011c82a\" data-element_type=\"widget\" data-e-type=\"widget\" data-settings=\"{&quot;cards_columns&quot;:&quot;3&quot;,&quot;cards_columns_tablet&quot;:&quot;2&quot;,&quot;cards_columns_mobile&quot;:&quot;1&quot;,&quot;cards_row_gap&quot;:{&quot;unit&quot;:&quot;px&quot;,&quot;size&quot;:35,&quot;sizes&quot;:[]},&quot;cards_row_gap_tablet&quot;:{&quot;unit&quot;:&quot;px&quot;,&quot;size&quot;:&quot;&quot;,&quot;sizes&quot;:[]},&quot;cards_row_gap_mobile&quot;:{&quot;unit&quot;:&quot;px&quot;,&quot;size&quot;:&quot;&quot;,&quot;sizes&quot;:[]}}\" data-widget_type=\"posts.cards\">\n\t\t\t\t<div class=\"elementor-widget-container\">\n\t\t\t\t\t\t\t<div class=\"elementor-posts-container elementor-posts elementor-posts--skin-cards elementor-grid\" role=\"list\">\n\t\t\t\t<article class=\"elementor-post elementor-grid-item post-9695 post type-post status-publish format-standard has-post-thumbnail hentry category-sustentabilidade\" role=\"listitem\">\n\t\t\t<div class=\"elementor-post__card\">\n\t\t\t\t<a class=\"elementor-post__thumbnail__link\" href=\"https:\/\/www.ecofirma.ci\/fr\/groupe-ecofirma-pionniers-de-la-durabilite-environnementale-et-industrielle\/\" tabindex=\"-1\" target=\"_blank\"><div class=\"elementor-post__thumbnail\"><img fetchpriority=\"high\" decoding=\"async\" width=\"1920\" height=\"1280\" src=\"https:\/\/www.ecofirma.ci\/wp-content\/uploads\/2024\/08\/ECOFIRMA-barragens-reservatorios-injeccoes-piscinas-agua-ETA-ETAR-reabilitacao-impermeabilizacao-perfuracao-estruturas-ecologia-1.jpg\" class=\"attachment-full size-full wp-image-9703\" alt=\"\" srcset=\"https:\/\/www.ecofirma.ci\/wp-content\/uploads\/2024\/08\/ECOFIRMA-barragens-reservatorios-injeccoes-piscinas-agua-ETA-ETAR-reabilitacao-impermeabilizacao-perfuracao-estruturas-ecologia-1.jpg 1920w, https:\/\/www.ecofirma.ci\/wp-content\/uploads\/2024\/08\/ECOFIRMA-barragens-reservatorios-injeccoes-piscinas-agua-ETA-ETAR-reabilitacao-impermeabilizacao-perfuracao-estruturas-ecologia-1-400x267.jpg 400w, https:\/\/www.ecofirma.ci\/wp-content\/uploads\/2024\/08\/ECOFIRMA-barragens-reservatorios-injeccoes-piscinas-agua-ETA-ETAR-reabilitacao-impermeabilizacao-perfuracao-estruturas-ecologia-1-1024x683.jpg 1024w, https:\/\/www.ecofirma.ci\/wp-content\/uploads\/2024\/08\/ECOFIRMA-barragens-reservatorios-injeccoes-piscinas-agua-ETA-ETAR-reabilitacao-impermeabilizacao-perfuracao-estruturas-ecologia-1-768x512.jpg 768w, https:\/\/www.ecofirma.ci\/wp-content\/uploads\/2024\/08\/ECOFIRMA-barragens-reservatorios-injeccoes-piscinas-agua-ETA-ETAR-reabilitacao-impermeabilizacao-perfuracao-estruturas-ecologia-1-1536x1024.jpg 1536w, https:\/\/www.ecofirma.ci\/wp-content\/uploads\/2024\/08\/ECOFIRMA-barragens-reservatorios-injeccoes-piscinas-agua-ETA-ETAR-reabilitacao-impermeabilizacao-perfuracao-estruturas-ecologia-1-18x12.jpg 18w\" sizes=\"(max-width: 1920px) 100vw, 1920px\" \/><\/div><\/a>\n\t\t\t\t<div class=\"elementor-post__badge\">Sustentabilidade<\/div>\n\t\t\t\t<div class=\"elementor-post__text\">\n\t\t\t\t<h3 class=\"elementor-post__title\">\n\t\t\t<a href=\"https:\/\/www.ecofirma.ci\/fr\/groupe-ecofirma-pionniers-de-la-durabilite-environnementale-et-industrielle\/\" target=&quot;_blank&quot;>\n\t\t\t\tGROUPE ECOFIRMA \u2013 Pionniers de la durabilit\u00e9 environnementale et industrielle\t\t\t<\/a>\n\t\t<\/h3>\n\t\t\t\t<div class=\"elementor-post__excerpt\">\n\t\t\t<p>Le GROUPE ECOFIRMA d\u00e9veloppe des solutions durables bas\u00e9es sur l\u2019\u00e9conomie circulaire, la production locale et l\u2019innovation, afin de r\u00e9duire l\u2019impact environnemental et optimiser la gestion des ressources.<\/p>\n\t\t<\/div>\n\t\t\t\t\t<div class=\"elementor-post__read-more-wrapper\">\n\t\t\n\t\t<a class=\"elementor-post__read-more\" href=\"https:\/\/www.ecofirma.ci\/fr\/groupe-ecofirma-pionniers-de-la-durabilite-environnementale-et-industrielle\/\" aria-label=\"Read more about GROUPE ECOFIRMA \u2013 Pionniers de la durabilit\u00e9 environnementale et industrielle\" tabindex=\"-1\" target=\"_blank\">\n\t\t\tLer mais\t\t<\/a>\n\n\t\t\t\t\t<\/div>\n\t\t\t\t<\/div>\n\t\t\t\t\t<\/div>\n\t\t<\/article>\n\t\t\t\t<article class=\"elementor-post elementor-grid-item post-9016 post type-post status-publish format-standard has-post-thumbnail hentry category-energia-solar category-sistemas-de-rega category-sustentabilidade\" role=\"listitem\">\n\t\t\t<div class=\"elementor-post__card\">\n\t\t\t\t<a class=\"elementor-post__thumbnail__link\" href=\"https:\/\/www.ecofirma.ci\/fr\/lenergie-solaire-comme-solution-durable-pour-les-systemes-de-traitement-de-leau-en-afrique\/\" tabindex=\"-1\" target=\"_blank\"><div class=\"elementor-post__thumbnail\"><img decoding=\"async\" width=\"1200\" height=\"900\" src=\"https:\/\/www.ecofirma.ci\/wp-content\/uploads\/2023\/11\/ls_psd4.jpg\" class=\"attachment-full size-full wp-image-9020\" alt=\"\" srcset=\"https:\/\/www.ecofirma.ci\/wp-content\/uploads\/2023\/11\/ls_psd4.jpg 1200w, https:\/\/www.ecofirma.ci\/wp-content\/uploads\/2023\/11\/ls_psd4-300x225.jpg 300w, https:\/\/www.ecofirma.ci\/wp-content\/uploads\/2023\/11\/ls_psd4-1024x768.jpg 1024w, https:\/\/www.ecofirma.ci\/wp-content\/uploads\/2023\/11\/ls_psd4-768x576.jpg 768w, https:\/\/www.ecofirma.ci\/wp-content\/uploads\/2023\/11\/ls_psd4-16x12.jpg 16w\" sizes=\"(max-width: 1200px) 100vw, 1200px\" \/><\/div><\/a>\n\t\t\t\t<div class=\"elementor-post__badge\">energia solar<\/div>\n\t\t\t\t<div class=\"elementor-post__text\">\n\t\t\t\t<h3 class=\"elementor-post__title\">\n\t\t\t<a href=\"https:\/\/www.ecofirma.ci\/fr\/lenergie-solaire-comme-solution-durable-pour-les-systemes-de-traitement-de-leau-en-afrique\/\" target=&quot;_blank&quot;>\n\t\t\t\tL\u2019\u00e9nergie solaire comme solution durable pour les syst\u00e8mes de traitement de l\u2019eau en Afrique\t\t\t<\/a>\n\t\t<\/h3>\n\t\t\t\t<div class=\"elementor-post__excerpt\">\n\t\t\t<p>La demande en eau potable reste un d\u00e9fi majeur en Afrique. L\u2019\u00e9nergie solaire s\u2019impose comme une solution durable pour alimenter efficacement les syst\u00e8mes de traitement de l\u2019eau, notamment dans les zones isol\u00e9es.<\/p>\n\t\t<\/div>\n\t\t\t\t\t<div class=\"elementor-post__read-more-wrapper\">\n\t\t\n\t\t<a class=\"elementor-post__read-more\" href=\"https:\/\/www.ecofirma.ci\/fr\/lenergie-solaire-comme-solution-durable-pour-les-systemes-de-traitement-de-leau-en-afrique\/\" aria-label=\"Read more about L\u2019\u00e9nergie solaire comme solution durable pour les syst\u00e8mes de traitement de l\u2019eau en Afrique\" tabindex=\"-1\" target=\"_blank\">\n\t\t\tLer mais\t\t<\/a>\n\n\t\t\t\t\t<\/div>\n\t\t\t\t<\/div>\n\t\t\t\t\t<\/div>\n\t\t<\/article>\n\t\t\t\t<article class=\"elementor-post elementor-grid-item post-7706 post type-post status-publish format-standard has-post-thumbnail hentry category-impermeabilizacoes category-manutencao category-reservatorios\" role=\"listitem\">\n\t\t\t<div class=\"elementor-post__card\">\n\t\t\t\t<a class=\"elementor-post__thumbnail__link\" href=\"https:\/\/www.ecofirma.ci\/fr\/a-importancia-de-considerar-a-agressividade-da-agua\/\" tabindex=\"-1\" target=\"_blank\"><div class=\"elementor-post__thumbnail\"><img decoding=\"async\" width=\"1334\" height=\"750\" src=\"https:\/\/www.ecofirma.ci\/wp-content\/uploads\/2023\/06\/psd5.jpg\" class=\"attachment-full size-full wp-image-7729\" alt=\"\" srcset=\"https:\/\/www.ecofirma.ci\/wp-content\/uploads\/2023\/06\/psd5.jpg 1334w, https:\/\/www.ecofirma.ci\/wp-content\/uploads\/2023\/06\/psd5-300x169.jpg 300w, https:\/\/www.ecofirma.ci\/wp-content\/uploads\/2023\/06\/psd5-1024x576.jpg 1024w, https:\/\/www.ecofirma.ci\/wp-content\/uploads\/2023\/06\/psd5-768x432.jpg 768w\" sizes=\"(max-width: 1334px) 100vw, 1334px\" \/><\/div><\/a>\n\t\t\t\t<div class=\"elementor-post__badge\">Impermeabiliza\u00e7\u00f5es<\/div>\n\t\t\t\t<div class=\"elementor-post__text\">\n\t\t\t\t<h3 class=\"elementor-post__title\">\n\t\t\t<a href=\"https:\/\/www.ecofirma.ci\/fr\/a-importancia-de-considerar-a-agressividade-da-agua\/\" target=&quot;_blank&quot;>\n\t\t\t\tL\u2019importance de prendre en compte l\u2019agressivit\u00e9 de l\u2019eau dans le choix du rev\u00eatement le plus adapt\u00e9 pour les r\u00e9servoirs en b\u00e9ton\t\t\t<\/a>\n\t\t<\/h3>\n\t\t\t\t<div class=\"elementor-post__excerpt\">\n\t\t\t<p>Comprenez comment l\u2019agressivit\u00e9 de l\u2019eau influence le choix des rev\u00eatements pour r\u00e9servoirs en b\u00e9ton et comment garantir leur durabilit\u00e9.<\/p>\n\t\t<\/div>\n\t\t\t\t\t<div class=\"elementor-post__read-more-wrapper\">\n\t\t\n\t\t<a class=\"elementor-post__read-more\" href=\"https:\/\/www.ecofirma.ci\/fr\/a-importancia-de-considerar-a-agressividade-da-agua\/\" aria-label=\"Read more about L\u2019importance de prendre en compte l\u2019agressivit\u00e9 de l\u2019eau dans le choix du rev\u00eatement le plus adapt\u00e9 pour les r\u00e9servoirs en b\u00e9ton\" tabindex=\"-1\" target=\"_blank\">\n\t\t\tLer mais\t\t<\/a>\n\n\t\t\t\t\t<\/div>\n\t\t\t\t<\/div>\n\t\t\t\t\t<\/div>\n\t\t<\/article>\n\t\t\t\t<\/div>\n\t\t\n\t\t\t\t\t\t<\/div>\n\t\t\t\t<\/div>\n\t\t\t\t<\/div>\n\t\t\t\t<\/div>\n\t\t","protected":false},"excerpt":{"rendered":"<p>BLOG<\/p>\n","protected":false},"author":4,"featured_media":0,"parent":0,"menu_order":0,"comment_status":"closed","ping_status":"closed","template":"elementor_header_footer","meta":{"footnotes":""},"class_list":["post-7240","page","type-page","status-publish","hentry"],"yoast_head":"<!-- This site is optimized with the Yoast SEO plugin v27.4 - https:\/\/yoast.com\/product\/yoast-seo-wordpress\/ -->\n<title>Blog - ECOFIRMA C\u00f4te D&#039;Ivoire<\/title>\n<meta name=\"robots\" content=\"index, follow, max-snippet:-1, max-image-preview:large, max-video-preview:-1\" \/>\n<link rel=\"canonical\" href=\"https:\/\/www.ecofirma.ci\/fr\/blog\/\" \/>\n<meta property=\"og:locale\" content=\"fr_FR\" \/>\n<meta property=\"og:type\" content=\"article\" \/>\n<meta property=\"og:title\" content=\"Blog - ECOFIRMA C\u00f4te D&#039;Ivoire\" \/>\n<meta property=\"og:description\" content=\"BLOG\" \/>\n<meta property=\"og:url\" content=\"https:\/\/www.ecofirma.ci\/fr\/blog\/\" \/>\n<meta property=\"og:site_name\" content=\"ECOFIRMA C\u00f4te D&#039;Ivoire\" \/>\n<meta property=\"article:publisher\" content=\"https:\/\/www.facebook.com\/EcoEcofirma\" \/>\n<meta property=\"article:modified_time\" content=\"2026-04-24T14:45:58+00:00\" \/>\n<meta name=\"twitter:card\" content=\"summary_large_image\" \/>\n<meta name=\"twitter:label1\" content=\"Dur\u00e9e de lecture estim\u00e9e\" \/>\n\t<meta name=\"twitter:data1\" content=\"4 minutes\" \/>\n<script type=\"application\/ld+json\" class=\"yoast-schema-graph\">{\"@context\":\"https:\\\/\\\/schema.org\",\"@graph\":[{\"@type\":\"WebPage\",\"@id\":\"https:\\\/\\\/www.ecofirma.ci\\\/blog\\\/\",\"url\":\"https:\\\/\\\/www.ecofirma.ci\\\/blog\\\/\",\"name\":\"Blog - ECOFIRMA C\u00f4te D&#039;Ivoire\",\"isPartOf\":{\"@id\":\"https:\\\/\\\/www.ecofirma.ci\\\/#website\"},\"datePublished\":\"2023-04-14T15:02:00+00:00\",\"dateModified\":\"2026-04-24T14:45:58+00:00\",\"breadcrumb\":{\"@id\":\"https:\\\/\\\/www.ecofirma.ci\\\/blog\\\/#breadcrumb\"},\"inLanguage\":\"fr-FR\",\"potentialAction\":[{\"@type\":\"ReadAction\",\"target\":[\"https:\\\/\\\/www.ecofirma.ci\\\/blog\\\/\"]}]},{\"@type\":\"BreadcrumbList\",\"@id\":\"https:\\\/\\\/www.ecofirma.ci\\\/blog\\\/#breadcrumb\",\"itemListElement\":[{\"@type\":\"ListItem\",\"position\":1,\"name\":\"In\u00edcio\",\"item\":\"https:\\\/\\\/www.ecofirma.ci\\\/\"},{\"@type\":\"ListItem\",\"position\":2,\"name\":\"Blog\"}]},{\"@type\":\"WebSite\",\"@id\":\"https:\\\/\\\/www.ecofirma.ci\\\/#website\",\"url\":\"https:\\\/\\\/www.ecofirma.ci\\\/\",\"name\":\"ECOFIRMA C\u00f4te D&#039;Ivoire\",\"description\":\"Avec nous, c&#039;est l&#039;Assurance !\",\"publisher\":{\"@id\":\"https:\\\/\\\/www.ecofirma.ci\\\/#organization\"},\"potentialAction\":[{\"@type\":\"SearchAction\",\"target\":{\"@type\":\"EntryPoint\",\"urlTemplate\":\"https:\\\/\\\/www.ecofirma.ci\\\/?s={search_term_string}\"},\"query-input\":{\"@type\":\"PropertyValueSpecification\",\"valueRequired\":true,\"valueName\":\"search_term_string\"}}],\"inLanguage\":\"fr-FR\"},{\"@type\":\"Organization\",\"@id\":\"https:\\\/\\\/www.ecofirma.ci\\\/#organization\",\"name\":\"ECOFIRMA C\u00f4te D&#039;Ivoire\",\"url\":\"https:\\\/\\\/www.ecofirma.ci\\\/\",\"logo\":{\"@type\":\"ImageObject\",\"inLanguage\":\"fr-FR\",\"@id\":\"https:\\\/\\\/www.ecofirma.ci\\\/#\\\/schema\\\/logo\\\/image\\\/\",\"url\":\"https:\\\/\\\/www.ecofirma.ci\\\/wp-content\\\/uploads\\\/2023\\\/04\\\/ECOFIRMA-Cote-divoire-logo-scaled.png\",\"contentUrl\":\"https:\\\/\\\/www.ecofirma.ci\\\/wp-content\\\/uploads\\\/2023\\\/04\\\/ECOFIRMA-Cote-divoire-logo-scaled.png\",\"width\":2560,\"height\":1079,\"caption\":\"ECOFIRMA C\u00f4te D&#039;Ivoire\"},\"image\":{\"@id\":\"https:\\\/\\\/www.ecofirma.ci\\\/#\\\/schema\\\/logo\\\/image\\\/\"},\"sameAs\":[\"https:\\\/\\\/www.facebook.com\\\/EcoEcofirma\",\"https:\\\/\\\/www.linkedin.com\\\/company\\\/grupoecofirma\"]}]}<\/script>\n<!-- \/ Yoast SEO plugin. -->","yoast_head_json":{"title":"Blog - ECOFIRMA C\u00f4te D&#039;Ivoire","robots":{"index":"index","follow":"follow","max-snippet":"max-snippet:-1","max-image-preview":"max-image-preview:large","max-video-preview":"max-video-preview:-1"},"canonical":"https:\/\/www.ecofirma.ci\/fr\/blog\/","og_locale":"fr_FR","og_type":"article","og_title":"Blog - ECOFIRMA C\u00f4te D&#039;Ivoire","og_description":"BLOG","og_url":"https:\/\/www.ecofirma.ci\/fr\/blog\/","og_site_name":"ECOFIRMA C\u00f4te D&#039;Ivoire","article_publisher":"https:\/\/www.facebook.com\/EcoEcofirma","article_modified_time":"2026-04-24T14:45:58+00:00","twitter_card":"summary_large_image","twitter_misc":{"Dur\u00e9e de lecture estim\u00e9e":"4 minutes"},"schema":{"@context":"https:\/\/schema.org","@graph":[{"@type":"WebPage","@id":"https:\/\/www.ecofirma.ci\/blog\/","url":"https:\/\/www.ecofirma.ci\/blog\/","name":"Blog - ECOFIRMA C\u00f4te D&#039;Ivoire","isPartOf":{"@id":"https:\/\/www.ecofirma.ci\/#website"},"datePublished":"2023-04-14T15:02:00+00:00","dateModified":"2026-04-24T14:45:58+00:00","breadcrumb":{"@id":"https:\/\/www.ecofirma.ci\/blog\/#breadcrumb"},"inLanguage":"fr-FR","potentialAction":[{"@type":"ReadAction","target":["https:\/\/www.ecofirma.ci\/blog\/"]}]},{"@type":"BreadcrumbList","@id":"https:\/\/www.ecofirma.ci\/blog\/#breadcrumb","itemListElement":[{"@type":"ListItem","position":1,"name":"In\u00edcio","item":"https:\/\/www.ecofirma.ci\/"},{"@type":"ListItem","position":2,"name":"Blog"}]},{"@type":"WebSite","@id":"https:\/\/www.ecofirma.ci\/#website","url":"https:\/\/www.ecofirma.ci\/","name":"ECOFIRMA C\u00f4te D&#039;Ivoire","description":"Avec nous, c&#039;est l&#039;Assurance !","publisher":{"@id":"https:\/\/www.ecofirma.ci\/#organization"},"potentialAction":[{"@type":"SearchAction","target":{"@type":"EntryPoint","urlTemplate":"https:\/\/www.ecofirma.ci\/?s={search_term_string}"},"query-input":{"@type":"PropertyValueSpecification","valueRequired":true,"valueName":"search_term_string"}}],"inLanguage":"fr-FR"},{"@type":"Organization","@id":"https:\/\/www.ecofirma.ci\/#organization","name":"ECOFIRMA C\u00f4te D&#039;Ivoire","url":"https:\/\/www.ecofirma.ci\/","logo":{"@type":"ImageObject","inLanguage":"fr-FR","@id":"https:\/\/www.ecofirma.ci\/#\/schema\/logo\/image\/","url":"https:\/\/www.ecofirma.ci\/wp-content\/uploads\/2023\/04\/ECOFIRMA-Cote-divoire-logo-scaled.png","contentUrl":"https:\/\/www.ecofirma.ci\/wp-content\/uploads\/2023\/04\/ECOFIRMA-Cote-divoire-logo-scaled.png","width":2560,"height":1079,"caption":"ECOFIRMA C\u00f4te D&#039;Ivoire"},"image":{"@id":"https:\/\/www.ecofirma.ci\/#\/schema\/logo\/image\/"},"sameAs":["https:\/\/www.facebook.com\/EcoEcofirma","https:\/\/www.linkedin.com\/company\/grupoecofirma"]}]}},"_links":{"self":[{"href":"https:\/\/www.ecofirma.ci\/fr\/wp-json\/wp\/v2\/pages\/7240","targetHints":{"allow":["GET"]}}],"collection":[{"href":"https:\/\/www.ecofirma.ci\/fr\/wp-json\/wp\/v2\/pages"}],"about":[{"href":"https:\/\/www.ecofirma.ci\/fr\/wp-json\/wp\/v2\/types\/page"}],"author":[{"embeddable":true,"href":"https:\/\/www.ecofirma.ci\/fr\/wp-json\/wp\/v2\/users\/4"}],"replies":[{"embeddable":true,"href":"https:\/\/www.ecofirma.ci\/fr\/wp-json\/wp\/v2\/comments?post=7240"}],"version-history":[{"count":15,"href":"https:\/\/www.ecofirma.ci\/fr\/wp-json\/wp\/v2\/pages\/7240\/revisions"}],"predecessor-version":[{"id":10047,"href":"https:\/\/www.ecofirma.ci\/fr\/wp-json\/wp\/v2\/pages\/7240\/revisions\/10047"}],"wp:attachment":[{"href":"https:\/\/www.ecofirma.ci\/fr\/wp-json\/wp\/v2\/media?parent=7240"}],"curies":[{"name":"wp","href":"https:\/\/api.w.org\/{rel}","templated":true}]}}