{"id":8696,"date":"2023-08-17T15:32:52","date_gmt":"2023-08-17T14:32:52","guid":{"rendered":"https:\/\/www.ecofirma.ci\/?page_id=8696"},"modified":"2026-04-24T14:52:25","modified_gmt":"2026-04-24T14:52:25","slug":"energia-solar","status":"publish","type":"page","link":"https:\/\/www.ecofirma.ci\/en\/servicos\/energia-solar\/","title":{"rendered":"SOLAR ENERGY"},"content":{"rendered":"<div data-elementor-type=\"wp-page\" data-elementor-id=\"8696\" class=\"elementor elementor-8696\" data-elementor-post-type=\"page\">\n\t\t\t\t<div class=\"elementor-element elementor-element-a4f5442 e-con-full e-flex e-con e-parent\" data-id=\"a4f5442\" data-element_type=\"container\" data-e-type=\"container\" data-settings=\"{&quot;background_background&quot;:&quot;classic&quot;}\">\n\t\t<div class=\"elementor-element elementor-element-bfae7e1 e-flex e-con-boxed e-con e-child\" data-id=\"bfae7e1\" data-element_type=\"container\" data-e-type=\"container\">\n\t\t\t\t\t<div class=\"e-con-inner\">\n\t\t\t\t<div class=\"elementor-element elementor-element-39e1ad8 elementor-widget elementor-widget-image\" data-id=\"39e1ad8\" data-element_type=\"widget\" data-e-type=\"widget\" id=\"#icon\" data-settings=\"{&quot;motion_fx_motion_fx_mouse&quot;:&quot;yes&quot;,&quot;motion_fx_mouseTrack_effect&quot;:&quot;yes&quot;,&quot;motion_fx_mouseTrack_speed&quot;:{&quot;unit&quot;:&quot;px&quot;,&quot;size&quot;:0.1000000000000000055511151231257827021181583404541015625,&quot;sizes&quot;:[]},&quot;motion_fx_tilt_effect&quot;:&quot;yes&quot;,&quot;motion_fx_tilt_speed&quot;:{&quot;unit&quot;:&quot;px&quot;,&quot;size&quot;:2,&quot;sizes&quot;:[]}}\" data-widget_type=\"image.default\">\n\t\t\t\t<div class=\"elementor-widget-container\">\n\t\t\t\t\t\t\t\t\t\t\t\t\t\t\t<img fetchpriority=\"high\" decoding=\"async\" width=\"800\" height=\"799\" src=\"https:\/\/www.ecofirma.ci\/wp-content\/uploads\/2023\/08\/icon_VVV.png\" class=\"attachment-large size-large wp-image-8725\" alt=\"\" srcset=\"https:\/\/www.ecofirma.ci\/wp-content\/uploads\/2023\/08\/icon_VVV.png 835w, https:\/\/www.ecofirma.ci\/wp-content\/uploads\/2023\/08\/icon_VVV-300x300.png 300w, https:\/\/www.ecofirma.ci\/wp-content\/uploads\/2023\/08\/icon_VVV-150x150.png 150w, https:\/\/www.ecofirma.ci\/wp-content\/uploads\/2023\/08\/icon_VVV-768x767.png 768w\" sizes=\"(max-width: 800px) 100vw, 800px\" \/>\t\t\t\t\t\t\t\t\t\t\t\t\t\t\t<\/div>\n\t\t\t\t<\/div>\n\t\t\t\t<div class=\"elementor-element elementor-element-172bbcb elementor-widget elementor-widget-text-editor\" data-id=\"172bbcb\" data-element_type=\"widget\" data-e-type=\"widget\" data-widget_type=\"text-editor.default\">\n\t\t\t\t<div class=\"elementor-widget-container\">\n\t\t\t\t\t\t\t\t\t<p class=\"p1\">SOLAR ENERGY<\/p>\t\t\t\t\t\t\t\t<\/div>\n\t\t\t\t<\/div>\n\t\t\t\t\t<\/div>\n\t\t\t\t<\/div>\n\t\t\t\t<\/div>\n\t\t<div class=\"elementor-element elementor-element-45d8ec1 e-flex e-con-boxed e-con e-parent\" data-id=\"45d8ec1\" data-element_type=\"container\" data-e-type=\"container\" data-settings=\"{&quot;background_background&quot;:&quot;classic&quot;}\">\n\t\t\t\t\t<div class=\"e-con-inner\">\n\t\t\t\t<div class=\"elementor-element elementor-element-c813ea0 elementor-widget elementor-widget-text-editor\" data-id=\"c813ea0\" data-element_type=\"widget\" data-e-type=\"widget\" data-widget_type=\"text-editor.default\">\n\t\t\t\t<div class=\"elementor-widget-container\">\n\t\t\t\t\t\t\t\t\t<p>Since 1997, ECOFIRMA has continuously acquired skills in various complementary fields in order to offer its clients the best turnkey solutions.<\/p><p>Solar energy is essential to strengthening the sustainability of businesses and agricultural production.<\/p><p>Specialized teams, equipped with advanced training and skills, guarantee a reliable energy supply, even in remote areas or without access to electricity.<\/p>\t\t\t\t\t\t\t\t<\/div>\n\t\t\t\t<\/div>\n\t\t\t\t\t<\/div>\n\t\t\t\t<\/div>\n\t\t<div class=\"elementor-element elementor-element-1318d68 e-flex e-con-boxed e-con e-parent\" data-id=\"1318d68\" data-element_type=\"container\" data-e-type=\"container\">\n\t\t\t\t\t<div class=\"e-con-inner\">\n\t\t<div class=\"elementor-element elementor-element-6d1681d e-con-full e-flex elementor-invisible e-con e-child\" data-id=\"6d1681d\" data-element_type=\"container\" data-e-type=\"container\" data-settings=\"{&quot;background_background&quot;:&quot;classic&quot;,&quot;animation&quot;:&quot;fadeInLeft&quot;}\">\n\t\t\t\t<\/div>\n\t\t<div class=\"elementor-element elementor-element-e5e4ad3 e-con-full animated-slow e-flex elementor-invisible e-con e-child\" data-id=\"e5e4ad3\" data-element_type=\"container\" data-e-type=\"container\" data-settings=\"{&quot;animation&quot;:&quot;fadeIn&quot;}\">\n\t\t\t\t<div class=\"elementor-element elementor-element-dfb616f elementor-widget elementor-widget-heading\" data-id=\"dfb616f\" data-element_type=\"widget\" data-e-type=\"widget\" data-widget_type=\"heading.default\">\n\t\t\t\t<div class=\"elementor-widget-container\">\n\t\t\t\t\t<h2 class=\"elementor-heading-title elementor-size-default\">TYPES OF INSTALLATIONS<\/h2>\t\t\t\t<\/div>\n\t\t\t\t<\/div>\n\t\t\t\t<div class=\"elementor-element elementor-element-1267223 elementor-widget elementor-widget-text-editor\" data-id=\"1267223\" data-element_type=\"widget\" data-e-type=\"widget\" data-widget_type=\"text-editor.default\">\n\t\t\t\t<div class=\"elementor-widget-container\">\n\t\t\t\t\t\t\t\t\t<ul><li><p class=\"p1\">Standalone systems, ideal for areas without a public network; ;<\/p><\/li><li><p class=\"p1\"><span style=\"font-family: -apple-system, BlinkMacSystemFont, 'Segoe UI', Roboto, 'Helvetica Neue', Arial, 'Noto Sans', sans-serif, 'Apple Color Emoji', 'Segoe UI Emoji', 'Segoe UI Symbol', 'Noto Color Emoji';\">Systems for the production and sale of electricity to the public grid; ;<\/span><\/p><\/li><li><p class=\"p1\"><span style=\"font-family: -apple-system, BlinkMacSystemFont, 'Segoe UI', Roboto, 'Helvetica Neue', Arial, 'Noto Sans', sans-serif, 'Apple Color Emoji', 'Segoe UI Emoji', 'Segoe UI Symbol', 'Noto Color Emoji';\">Self-consumption systems for on-site energy consumption; ;<\/span><\/p><\/li><li><p class=\"p1\"><span style=\"font-family: -apple-system, BlinkMacSystemFont, 'Segoe UI', Roboto, 'Helvetica Neue', Arial, 'Noto Sans', sans-serif, 'Apple Color Emoji', 'Segoe UI Emoji', 'Segoe UI Symbol', 'Noto Color Emoji';\">Solar-powered water pumping systems, perfectly suited to specific needs.<\/span><\/p><\/li><\/ul>\t\t\t\t\t\t\t\t<\/div>\n\t\t\t\t<\/div>\n\t\t\t\t<\/div>\n\t\t\t\t\t<\/div>\n\t\t\t\t<\/div>\n\t\t<div class=\"elementor-element elementor-element-0488c0e e-flex e-con-boxed e-con e-parent\" data-id=\"0488c0e\" data-element_type=\"container\" data-e-type=\"container\" data-settings=\"{&quot;background_background&quot;:&quot;classic&quot;}\">\n\t\t\t\t\t<div class=\"e-con-inner\">\n\t\t<div class=\"elementor-element elementor-element-273ed8b e-con-full animated-slow e-flex elementor-invisible e-con e-child\" data-id=\"273ed8b\" data-element_type=\"container\" data-e-type=\"container\" data-settings=\"{&quot;animation&quot;:&quot;fadeIn&quot;}\">\n\t\t\t\t<div class=\"elementor-element elementor-element-10c352f elementor-widget elementor-widget-heading\" data-id=\"10c352f\" data-element_type=\"widget\" data-e-type=\"widget\" data-widget_type=\"heading.default\">\n\t\t\t\t<div class=\"elementor-widget-container\">\n\t\t\t\t\t<h2 class=\"elementor-heading-title elementor-size-default\">METHODOLOGY<\/h2>\t\t\t\t<\/div>\n\t\t\t\t<\/div>\n\t\t\t\t<div class=\"elementor-element elementor-element-6cc16cf elementor-widget elementor-widget-text-editor\" data-id=\"6cc16cf\" data-element_type=\"widget\" data-e-type=\"widget\" data-widget_type=\"text-editor.default\">\n\t\t\t\t<div class=\"elementor-widget-container\">\n\t\t\t\t\t\t\t\t\t<ul><li><p>PRELIMINARY STUDY<\/p><p>Analysis and presentation of the conditions of the site where the system will be installed.<\/p><p>Identifying the most suitable location for system installation.<\/p><\/li><li><p>SITE PREPARATION<\/p><p>Topographic survey. Execution of civil engineering works, including clearing and leveling of the land, concrete foundations and waterproofing.<\/p><\/li><li><p class=\"p1\">FACILITY<\/p><p class=\"p1\">Installation of equipment work carried out in accordance with best practices.<\/p><\/li><li><p class=\"p1\">COMMISSIONING<\/p><p class=\"p1\">System startup and testing. Technical training for system maintenance intended for local operators.<\/p><\/li><\/ul>\t\t\t\t\t\t\t\t<\/div>\n\t\t\t\t<\/div>\n\t\t\t\t<\/div>\n\t\t<div class=\"elementor-element elementor-element-79db2c2 e-con-full e-flex elementor-invisible e-con e-child\" data-id=\"79db2c2\" data-element_type=\"container\" data-e-type=\"container\" data-settings=\"{&quot;background_background&quot;:&quot;classic&quot;,&quot;animation&quot;:&quot;fadeInRight&quot;}\">\n\t\t\t\t<\/div>\n\t\t\t\t\t<\/div>\n\t\t\t\t<\/div>\n\t\t<div class=\"elementor-element elementor-element-4010085 animated-slow e-con-full e-flex elementor-invisible e-con e-parent\" data-id=\"4010085\" data-element_type=\"container\" data-e-type=\"container\" data-settings=\"{&quot;animation&quot;:&quot;fadeIn&quot;}\">\n\t\t\t\t<div class=\"elementor-element elementor-element-c287c9d elementor-widget elementor-widget-gallery\" data-id=\"c287c9d\" data-element_type=\"widget\" data-e-type=\"widget\" data-settings=\"{&quot;columns&quot;:3,&quot;gap&quot;:{&quot;unit&quot;:&quot;px&quot;,&quot;size&quot;:15,&quot;sizes&quot;:[]},&quot;lazyload&quot;:&quot;yes&quot;,&quot;gallery_layout&quot;:&quot;grid&quot;,&quot;columns_tablet&quot;:2,&quot;columns_mobile&quot;:1,&quot;gap_tablet&quot;:{&quot;unit&quot;:&quot;px&quot;,&quot;size&quot;:10,&quot;sizes&quot;:[]},&quot;gap_mobile&quot;:{&quot;unit&quot;:&quot;px&quot;,&quot;size&quot;:10,&quot;sizes&quot;:[]},&quot;aspect_ratio&quot;:&quot;3:2&quot;,&quot;overlay_background&quot;:&quot;yes&quot;,&quot;content_hover_animation&quot;:&quot;fade-in&quot;}\" data-widget_type=\"gallery.default\">\n\t\t\t\t<div class=\"elementor-widget-container\">\n\t\t\t\t\t\t\t<div class=\"elementor-gallery__container\">\n\t\t\t\t\t\t\t<div class=\"e-gallery-item elementor-gallery-item elementor-animated-content\">\n\t\t\t\t\t<div class=\"e-gallery-image elementor-gallery-item__image\" data-thumbnail=\"https:\/\/www.ecofirma.ci\/wp-content\/uploads\/2023\/08\/don3-58-58-58.jpg\" data-width=\"1668\" data-height=\"827\" aria-label=\"\" role=\"img\" ><\/div>\n\t\t\t\t\t\t\t\t\t\t\t<div class=\"elementor-gallery-item__overlay\"><\/div>\n\t\t\t\t\t\t\t\t\t\t\t\t\t\t<\/div>\n\t\t\t\t\t\t\t<div class=\"e-gallery-item elementor-gallery-item elementor-animated-content\">\n\t\t\t\t\t<div class=\"e-gallery-image elementor-gallery-item__image\" data-thumbnail=\"https:\/\/www.ecofirma.ci\/wp-content\/uploads\/2023\/08\/don6.jpg\" data-width=\"800\" data-height=\"397\" aria-label=\"\" role=\"img\" ><\/div>\n\t\t\t\t\t\t\t\t\t\t\t<div class=\"elementor-gallery-item__overlay\"><\/div>\n\t\t\t\t\t\t\t\t\t\t\t\t\t\t<\/div>\n\t\t\t\t\t\t\t<div class=\"e-gallery-item elementor-gallery-item elementor-animated-content\">\n\t\t\t\t\t<div class=\"e-gallery-image elementor-gallery-item__image\" data-thumbnail=\"https:\/\/www.ecofirma.ci\/wp-content\/uploads\/2023\/08\/don5.jpg\" data-width=\"800\" data-height=\"397\" aria-label=\"\" role=\"img\" ><\/div>\n\t\t\t\t\t\t\t\t\t\t\t<div class=\"elementor-gallery-item__overlay\"><\/div>\n\t\t\t\t\t\t\t\t\t\t\t\t\t\t<\/div>\n\t\t\t\t\t\t\t<div class=\"e-gallery-item elementor-gallery-item elementor-animated-content\">\n\t\t\t\t\t<div class=\"e-gallery-image elementor-gallery-item__image\" data-thumbnail=\"https:\/\/www.ecofirma.ci\/wp-content\/uploads\/2023\/08\/don2-58-58.jpg\" data-width=\"1668\" data-height=\"827\" aria-label=\"\" role=\"img\" ><\/div>\n\t\t\t\t\t\t\t\t\t\t\t<div class=\"elementor-gallery-item__overlay\"><\/div>\n\t\t\t\t\t\t\t\t\t\t\t\t\t\t<\/div>\n\t\t\t\t\t\t\t<div class=\"e-gallery-item elementor-gallery-item elementor-animated-content\">\n\t\t\t\t\t<div class=\"e-gallery-image elementor-gallery-item__image\" data-thumbnail=\"https:\/\/www.ecofirma.ci\/wp-content\/uploads\/2023\/08\/psd1-7.jpg\" data-width=\"800\" data-height=\"600\" aria-label=\"\" role=\"img\" ><\/div>\n\t\t\t\t\t\t\t\t\t\t\t<div class=\"elementor-gallery-item__overlay\"><\/div>\n\t\t\t\t\t\t\t\t\t\t\t\t\t\t<\/div>\n\t\t\t\t\t\t\t<div class=\"e-gallery-item elementor-gallery-item elementor-animated-content\">\n\t\t\t\t\t<div class=\"e-gallery-image elementor-gallery-item__image\" data-thumbnail=\"https:\/\/www.ecofirma.ci\/wp-content\/uploads\/2023\/08\/psd2-6.jpg\" data-width=\"800\" data-height=\"1067\" aria-label=\"\" role=\"img\" ><\/div>\n\t\t\t\t\t\t\t\t\t\t\t<div class=\"elementor-gallery-item__overlay\"><\/div>\n\t\t\t\t\t\t\t\t\t\t\t\t\t\t<\/div>\n\t\t\t\t\t\t\t<div class=\"e-gallery-item elementor-gallery-item elementor-animated-content\">\n\t\t\t\t\t<div class=\"e-gallery-image elementor-gallery-item__image\" data-thumbnail=\"https:\/\/www.ecofirma.ci\/wp-content\/uploads\/2023\/08\/psd3-4.jpg\" data-width=\"800\" data-height=\"1067\" aria-label=\"\" role=\"img\" ><\/div>\n\t\t\t\t\t\t\t\t\t\t\t<div class=\"elementor-gallery-item__overlay\"><\/div>\n\t\t\t\t\t\t\t\t\t\t\t\t\t\t<\/div>\n\t\t\t\t\t\t\t<div class=\"e-gallery-item elementor-gallery-item elementor-animated-content\">\n\t\t\t\t\t<div class=\"e-gallery-image elementor-gallery-item__image\" data-thumbnail=\"https:\/\/www.ecofirma.ci\/wp-content\/uploads\/2023\/08\/psd4-4.jpg\" data-width=\"800\" data-height=\"518\" aria-label=\"\" role=\"img\" ><\/div>\n\t\t\t\t\t\t\t\t\t\t\t<div class=\"elementor-gallery-item__overlay\"><\/div>\n\t\t\t\t\t\t\t\t\t\t\t\t\t\t<\/div>\n\t\t\t\t\t\t\t<div class=\"e-gallery-item elementor-gallery-item elementor-animated-content\">\n\t\t\t\t\t<div class=\"e-gallery-image elementor-gallery-item__image\" data-thumbnail=\"https:\/\/www.ecofirma.ci\/wp-content\/uploads\/2023\/08\/psd5-1.jpg\" data-width=\"800\" data-height=\"484\" aria-label=\"\" role=\"img\" ><\/div>\n\t\t\t\t\t\t\t\t\t\t\t<div class=\"elementor-gallery-item__overlay\"><\/div>\n\t\t\t\t\t\t\t\t\t\t\t\t\t\t<\/div>\n\t\t\t\t\t<\/div>\n\t\t\t\t\t<\/div>\n\t\t\t\t<\/div>\n\t\t\t\t<\/div>\n\t\t\t\t<\/div>","protected":false},"excerpt":{"rendered":"<p>Nous concevons et installons des syst\u00e8mes d\u2019\u00e9nergie solaire adapt\u00e9s aux besoins sp\u00e9cifiques de chaque projet. De l\u2019\u00e9tude \u00e0 la mise en service, nous garantissons des solutions fiables, durables et performantes, m\u00eame dans les zones sans acc\u00e8s au r\u00e9seau \u00e9lectrique.<\/p>","protected":false},"author":5,"featured_media":8717,"parent":1255,"menu_order":0,"comment_status":"closed","ping_status":"closed","template":"elementor_header_footer","meta":{"footnotes":""},"class_list":["post-8696","page","type-page","status-publish","has-post-thumbnail","hentry"],"yoast_head":"<!-- This site is optimized with the Yoast SEO plugin v27.4 - https:\/\/yoast.com\/product\/yoast-seo-wordpress\/ -->\n<title>Energia Solar<\/title>\n<meta name=\"description\" content=\"A Energia Solar \u00e9 fundamental para potenciar a sustentabilidade de empresas e produ\u00e7\u00f5es agr\u00edcolas. Garantimos que tem energia sem falhas mesmo em zonas remotas ou sem acesso a eletricidade.\" \/>\n<meta name=\"robots\" content=\"index, follow, max-snippet:-1, max-image-preview:large, max-video-preview:-1\" \/>\n<link rel=\"canonical\" href=\"https:\/\/www.ecofirma.ci\/en\/servicos\/energia-solar\/\" \/>\n<meta property=\"og:locale\" content=\"en_GB\" \/>\n<meta property=\"og:type\" content=\"article\" \/>\n<meta property=\"og:title\" content=\"Energia Solar\" \/>\n<meta property=\"og:description\" content=\"A Energia Solar \u00e9 fundamental para potenciar a sustentabilidade de empresas e produ\u00e7\u00f5es agr\u00edcolas. Garantimos que tem energia sem falhas mesmo em zonas remotas ou sem acesso a eletricidade.\" \/>\n<meta property=\"og:url\" content=\"https:\/\/www.ecofirma.ci\/en\/servicos\/energia-solar\/\" \/>\n<meta property=\"og:site_name\" content=\"ECOFIRMA C\u00f4te D&#039;Ivoire\" \/>\n<meta property=\"article:publisher\" content=\"https:\/\/www.facebook.com\/EcoEcofirma\" \/>\n<meta property=\"article:modified_time\" content=\"2026-04-24T14:52:25+00:00\" \/>\n<meta property=\"og:image\" content=\"https:\/\/www.ecofirma.ci\/wp-content\/uploads\/2023\/08\/don1-58.jpg?_t=1777042345\" \/>\n\t<meta property=\"og:image:width\" content=\"1668\" \/>\n\t<meta property=\"og:image:height\" content=\"827\" \/>\n\t<meta property=\"og:image:type\" content=\"image\/jpeg\" \/>\n<meta name=\"twitter:card\" content=\"summary_large_image\" \/>\n<meta name=\"twitter:label1\" content=\"Estimated reading time\" \/>\n\t<meta name=\"twitter:data1\" content=\"2 minutes\" \/>\n<script type=\"application\/ld+json\" class=\"yoast-schema-graph\">{\"@context\":\"https:\\\/\\\/schema.org\",\"@graph\":[{\"@type\":\"WebPage\",\"@id\":\"https:\\\/\\\/www.ecofirma.ci\\\/servicos\\\/energia-solar\\\/\",\"url\":\"https:\\\/\\\/www.ecofirma.ci\\\/servicos\\\/energia-solar\\\/\",\"name\":\"Energia Solar\",\"isPartOf\":{\"@id\":\"https:\\\/\\\/www.ecofirma.ci\\\/#website\"},\"primaryImageOfPage\":{\"@id\":\"https:\\\/\\\/www.ecofirma.ci\\\/servicos\\\/energia-solar\\\/#primaryimage\"},\"image\":{\"@id\":\"https:\\\/\\\/www.ecofirma.ci\\\/servicos\\\/energia-solar\\\/#primaryimage\"},\"thumbnailUrl\":\"https:\\\/\\\/www.ecofirma.ci\\\/wp-content\\\/uploads\\\/2023\\\/08\\\/don1-58.jpg\",\"datePublished\":\"2023-08-17T14:32:52+00:00\",\"dateModified\":\"2026-04-24T14:52:25+00:00\",\"description\":\"A Energia Solar \u00e9 fundamental para potenciar a sustentabilidade de empresas e produ\u00e7\u00f5es agr\u00edcolas. Garantimos que tem energia sem falhas mesmo em zonas remotas ou sem acesso a eletricidade.\",\"breadcrumb\":{\"@id\":\"https:\\\/\\\/www.ecofirma.ci\\\/servicos\\\/energia-solar\\\/#breadcrumb\"},\"inLanguage\":\"en-GB\",\"potentialAction\":[{\"@type\":\"ReadAction\",\"target\":[\"https:\\\/\\\/www.ecofirma.ci\\\/servicos\\\/energia-solar\\\/\"]}]},{\"@type\":\"ImageObject\",\"inLanguage\":\"en-GB\",\"@id\":\"https:\\\/\\\/www.ecofirma.ci\\\/servicos\\\/energia-solar\\\/#primaryimage\",\"url\":\"https:\\\/\\\/www.ecofirma.ci\\\/wp-content\\\/uploads\\\/2023\\\/08\\\/don1-58.jpg\",\"contentUrl\":\"https:\\\/\\\/www.ecofirma.ci\\\/wp-content\\\/uploads\\\/2023\\\/08\\\/don1-58.jpg\",\"width\":1668,\"height\":827},{\"@type\":\"BreadcrumbList\",\"@id\":\"https:\\\/\\\/www.ecofirma.ci\\\/servicos\\\/energia-solar\\\/#breadcrumb\",\"itemListElement\":[{\"@type\":\"ListItem\",\"position\":1,\"name\":\"In\u00edcio\",\"item\":\"https:\\\/\\\/www.ecofirma.ci\\\/\"},{\"@type\":\"ListItem\",\"position\":2,\"name\":\"Notres services\",\"item\":\"https:\\\/\\\/www.ecofirma.ci\\\/servicos\\\/\"},{\"@type\":\"ListItem\",\"position\":3,\"name\":\"\u00c9NERGIE SOLAIRE\"}]},{\"@type\":\"WebSite\",\"@id\":\"https:\\\/\\\/www.ecofirma.ci\\\/#website\",\"url\":\"https:\\\/\\\/www.ecofirma.ci\\\/\",\"name\":\"ECOFIRMA C\u00f4te D&#039;Ivoire\",\"description\":\"Avec nous, c&#039;est l&#039;Assurance !\",\"publisher\":{\"@id\":\"https:\\\/\\\/www.ecofirma.ci\\\/#organization\"},\"potentialAction\":[{\"@type\":\"SearchAction\",\"target\":{\"@type\":\"EntryPoint\",\"urlTemplate\":\"https:\\\/\\\/www.ecofirma.ci\\\/?s={search_term_string}\"},\"query-input\":{\"@type\":\"PropertyValueSpecification\",\"valueRequired\":true,\"valueName\":\"search_term_string\"}}],\"inLanguage\":\"en-GB\"},{\"@type\":\"Organization\",\"@id\":\"https:\\\/\\\/www.ecofirma.ci\\\/#organization\",\"name\":\"ECOFIRMA C\u00f4te D&#039;Ivoire\",\"url\":\"https:\\\/\\\/www.ecofirma.ci\\\/\",\"logo\":{\"@type\":\"ImageObject\",\"inLanguage\":\"en-GB\",\"@id\":\"https:\\\/\\\/www.ecofirma.ci\\\/#\\\/schema\\\/logo\\\/image\\\/\",\"url\":\"https:\\\/\\\/www.ecofirma.ci\\\/wp-content\\\/uploads\\\/2023\\\/04\\\/ECOFIRMA-Cote-divoire-logo-scaled.png\",\"contentUrl\":\"https:\\\/\\\/www.ecofirma.ci\\\/wp-content\\\/uploads\\\/2023\\\/04\\\/ECOFIRMA-Cote-divoire-logo-scaled.png\",\"width\":2560,\"height\":1079,\"caption\":\"ECOFIRMA C\u00f4te D&#039;Ivoire\"},\"image\":{\"@id\":\"https:\\\/\\\/www.ecofirma.ci\\\/#\\\/schema\\\/logo\\\/image\\\/\"},\"sameAs\":[\"https:\\\/\\\/www.facebook.com\\\/EcoEcofirma\",\"https:\\\/\\\/www.linkedin.com\\\/company\\\/grupoecofirma\"]}]}<\/script>\n<!-- \/ Yoast SEO plugin. -->","yoast_head_json":{"title":"Energia Solar","description":"A Energia Solar \u00e9 fundamental para potenciar a sustentabilidade de empresas e produ\u00e7\u00f5es agr\u00edcolas. Garantimos que tem energia sem falhas mesmo em zonas remotas ou sem acesso a eletricidade.","robots":{"index":"index","follow":"follow","max-snippet":"max-snippet:-1","max-image-preview":"max-image-preview:large","max-video-preview":"max-video-preview:-1"},"canonical":"https:\/\/www.ecofirma.ci\/en\/servicos\/energia-solar\/","og_locale":"en_GB","og_type":"article","og_title":"Energia Solar","og_description":"A Energia Solar \u00e9 fundamental para potenciar a sustentabilidade de empresas e produ\u00e7\u00f5es agr\u00edcolas. Garantimos que tem energia sem falhas mesmo em zonas remotas ou sem acesso a eletricidade.","og_url":"https:\/\/www.ecofirma.ci\/en\/servicos\/energia-solar\/","og_site_name":"ECOFIRMA C\u00f4te D&#039;Ivoire","article_publisher":"https:\/\/www.facebook.com\/EcoEcofirma","article_modified_time":"2026-04-24T14:52:25+00:00","og_image":[{"width":1668,"height":827,"url":"https:\/\/www.ecofirma.ci\/wp-content\/uploads\/2023\/08\/don1-58.jpg?_t=1777042345","type":"image\/jpeg"}],"twitter_card":"summary_large_image","twitter_misc":{"Estimated reading time":"2 minutes"},"schema":{"@context":"https:\/\/schema.org","@graph":[{"@type":"WebPage","@id":"https:\/\/www.ecofirma.ci\/servicos\/energia-solar\/","url":"https:\/\/www.ecofirma.ci\/servicos\/energia-solar\/","name":"Energia Solar","isPartOf":{"@id":"https:\/\/www.ecofirma.ci\/#website"},"primaryImageOfPage":{"@id":"https:\/\/www.ecofirma.ci\/servicos\/energia-solar\/#primaryimage"},"image":{"@id":"https:\/\/www.ecofirma.ci\/servicos\/energia-solar\/#primaryimage"},"thumbnailUrl":"https:\/\/www.ecofirma.ci\/wp-content\/uploads\/2023\/08\/don1-58.jpg","datePublished":"2023-08-17T14:32:52+00:00","dateModified":"2026-04-24T14:52:25+00:00","description":"A Energia Solar \u00e9 fundamental para potenciar a sustentabilidade de empresas e produ\u00e7\u00f5es agr\u00edcolas. Garantimos que tem energia sem falhas mesmo em zonas remotas ou sem acesso a eletricidade.","breadcrumb":{"@id":"https:\/\/www.ecofirma.ci\/servicos\/energia-solar\/#breadcrumb"},"inLanguage":"en-GB","potentialAction":[{"@type":"ReadAction","target":["https:\/\/www.ecofirma.ci\/servicos\/energia-solar\/"]}]},{"@type":"ImageObject","inLanguage":"en-GB","@id":"https:\/\/www.ecofirma.ci\/servicos\/energia-solar\/#primaryimage","url":"https:\/\/www.ecofirma.ci\/wp-content\/uploads\/2023\/08\/don1-58.jpg","contentUrl":"https:\/\/www.ecofirma.ci\/wp-content\/uploads\/2023\/08\/don1-58.jpg","width":1668,"height":827},{"@type":"BreadcrumbList","@id":"https:\/\/www.ecofirma.ci\/servicos\/energia-solar\/#breadcrumb","itemListElement":[{"@type":"ListItem","position":1,"name":"In\u00edcio","item":"https:\/\/www.ecofirma.ci\/"},{"@type":"ListItem","position":2,"name":"Notres services","item":"https:\/\/www.ecofirma.ci\/servicos\/"},{"@type":"ListItem","position":3,"name":"\u00c9NERGIE SOLAIRE"}]},{"@type":"WebSite","@id":"https:\/\/www.ecofirma.ci\/#website","url":"https:\/\/www.ecofirma.ci\/","name":"ECOFIRMA C\u00f4te D&#039;Ivoire","description":"Avec nous, c&#039;est l&#039;Assurance !","publisher":{"@id":"https:\/\/www.ecofirma.ci\/#organization"},"potentialAction":[{"@type":"SearchAction","target":{"@type":"EntryPoint","urlTemplate":"https:\/\/www.ecofirma.ci\/?s={search_term_string}"},"query-input":{"@type":"PropertyValueSpecification","valueRequired":true,"valueName":"search_term_string"}}],"inLanguage":"en-GB"},{"@type":"Organization","@id":"https:\/\/www.ecofirma.ci\/#organization","name":"ECOFIRMA C\u00f4te D&#039;Ivoire","url":"https:\/\/www.ecofirma.ci\/","logo":{"@type":"ImageObject","inLanguage":"en-GB","@id":"https:\/\/www.ecofirma.ci\/#\/schema\/logo\/image\/","url":"https:\/\/www.ecofirma.ci\/wp-content\/uploads\/2023\/04\/ECOFIRMA-Cote-divoire-logo-scaled.png","contentUrl":"https:\/\/www.ecofirma.ci\/wp-content\/uploads\/2023\/04\/ECOFIRMA-Cote-divoire-logo-scaled.png","width":2560,"height":1079,"caption":"ECOFIRMA C\u00f4te D&#039;Ivoire"},"image":{"@id":"https:\/\/www.ecofirma.ci\/#\/schema\/logo\/image\/"},"sameAs":["https:\/\/www.facebook.com\/EcoEcofirma","https:\/\/www.linkedin.com\/company\/grupoecofirma"]}]}},"_links":{"self":[{"href":"https:\/\/www.ecofirma.ci\/en\/wp-json\/wp\/v2\/pages\/8696","targetHints":{"allow":["GET"]}}],"collection":[{"href":"https:\/\/www.ecofirma.ci\/en\/wp-json\/wp\/v2\/pages"}],"about":[{"href":"https:\/\/www.ecofirma.ci\/en\/wp-json\/wp\/v2\/types\/page"}],"author":[{"embeddable":true,"href":"https:\/\/www.ecofirma.ci\/en\/wp-json\/wp\/v2\/users\/5"}],"replies":[{"embeddable":true,"href":"https:\/\/www.ecofirma.ci\/en\/wp-json\/wp\/v2\/comments?post=8696"}],"version-history":[{"count":33,"href":"https:\/\/www.ecofirma.ci\/en\/wp-json\/wp\/v2\/pages\/8696\/revisions"}],"predecessor-version":[{"id":10055,"href":"https:\/\/www.ecofirma.ci\/en\/wp-json\/wp\/v2\/pages\/8696\/revisions\/10055"}],"up":[{"embeddable":true,"href":"https:\/\/www.ecofirma.ci\/en\/wp-json\/wp\/v2\/pages\/1255"}],"wp:featuredmedia":[{"embeddable":true,"href":"https:\/\/www.ecofirma.ci\/en\/wp-json\/wp\/v2\/media\/8717"}],"wp:attachment":[{"href":"https:\/\/www.ecofirma.ci\/en\/wp-json\/wp\/v2\/media?parent=8696"}],"curies":[{"name":"wp","href":"https:\/\/api.w.org\/{rel}","templated":true}]}}