{"id":8122,"date":"2023-07-25T13:06:02","date_gmt":"2023-07-25T12:06:02","guid":{"rendered":"https:\/\/www.ecofirma.ci\/?page_id=8122"},"modified":"2026-04-25T09:31:30","modified_gmt":"2026-04-25T09:31:30","slug":"documentos-certificacoes","status":"publish","type":"page","link":"https:\/\/www.ecofirma.ci\/en\/documentos-certificacoes\/","title":{"rendered":"DOCUMENTS AND CERTIFICATIONS"},"content":{"rendered":"<div data-elementor-type=\"wp-page\" data-elementor-id=\"8122\" class=\"elementor elementor-8122\" data-elementor-post-type=\"page\">\n\t\t\t\t<div class=\"elementor-element elementor-element-a4f5442 e-con-full e-flex e-con e-parent\" data-id=\"a4f5442\" data-element_type=\"container\" data-e-type=\"container\" data-settings=\"{&quot;background_background&quot;:&quot;classic&quot;}\">\n\t\t<div class=\"elementor-element elementor-element-bfae7e1 e-flex e-con-boxed e-con e-child\" data-id=\"bfae7e1\" data-element_type=\"container\" data-e-type=\"container\">\n\t\t\t\t\t<div class=\"e-con-inner\">\n\t\t\t\t<div class=\"elementor-element elementor-element-172bbcb elementor-widget elementor-widget-text-editor\" data-id=\"172bbcb\" data-element_type=\"widget\" data-e-type=\"widget\" data-widget_type=\"text-editor.default\">\n\t\t\t\t<div class=\"elementor-widget-container\">\n\t\t\t\t\t\t\t\t\t<p>DOCUMENTS AND CERTIFICATIONS<\/p>\t\t\t\t\t\t\t\t<\/div>\n\t\t\t\t<\/div>\n\t\t\t\t\t<\/div>\n\t\t\t\t<\/div>\n\t\t\t\t<\/div>\n\t\t<div class=\"elementor-element elementor-element-45d8ec1 e-flex e-con-boxed e-con e-parent\" data-id=\"45d8ec1\" data-element_type=\"container\" data-e-type=\"container\" data-settings=\"{&quot;background_background&quot;:&quot;classic&quot;}\">\n\t\t\t\t\t<div class=\"e-con-inner\">\n\t\t\t\t<div class=\"elementor-element elementor-element-c813ea0 elementor-widget elementor-widget-text-editor\" data-id=\"c813ea0\" data-element_type=\"widget\" data-e-type=\"widget\" data-widget_type=\"text-editor.default\">\n\t\t\t\t<div class=\"elementor-widget-container\">\n\t\t\t\t\t\t\t\t\t<p>ECOFIRMA&#039;s quality policy is based on management&#039;s commitment to implementing a quality management system and continuously improving its effectiveness.<\/p><p>Our goal is to meet the requirements of our clients and the expectations of all stakeholders. To this end, ECOFIRMA is currently integrating the certification process in accordance with the ISO 9001 standard.<\/p><p>We thus ensure the improvement of the technical solutions offered and guarantee more efficient management of human and financial resources, contributing to customer satisfaction. Individual and collective safety is a daily priority.<\/p><p>We ensure compliance with safety, hygiene and health standards for all our employees.<\/p><p>We analyze risks to eliminate hazards and minimize the likelihood of accidents. We implement the necessary regulatory safety measures to protect people and property on our construction sites.<\/p>\t\t\t\t\t\t\t\t<\/div>\n\t\t\t\t<\/div>\n\t\t\t\t\t<\/div>\n\t\t\t\t<\/div>\n\t\t<div class=\"elementor-element elementor-element-356c3f2 e-flex e-con-boxed e-con e-parent\" data-id=\"356c3f2\" data-element_type=\"container\" data-e-type=\"container\">\n\t\t\t\t\t<div class=\"e-con-inner\">\n\t\t<div class=\"elementor-element elementor-element-d0f2634 e-con-full e-flex e-con e-child\" data-id=\"d0f2634\" data-element_type=\"container\" data-e-type=\"container\" data-settings=\"{&quot;background_background&quot;:&quot;slideshow&quot;,&quot;background_slideshow_transition_duration&quot;:1000,&quot;background_slideshow_gallery&quot;:[],&quot;background_slideshow_loop&quot;:&quot;yes&quot;,&quot;background_slideshow_slide_duration&quot;:5000,&quot;background_slideshow_slide_transition&quot;:&quot;fade&quot;}\">\n\t\t\t\t<div class=\"elementor-element elementor-element-6ea0fbe elementor-widget elementor-widget-image\" data-id=\"6ea0fbe\" data-element_type=\"widget\" data-e-type=\"widget\" data-widget_type=\"image.default\">\n\t\t\t\t<div class=\"elementor-widget-container\">\n\t\t\t\t\t\t\t\t\t\t\t\t\t\t\t\t<a href=\"https:\/\/www.ecofirma.ci\/wp-content\/uploads\/2026\/04\/1-1.jpg\" data-elementor-open-lightbox=\"yes\" data-elementor-lightbox-title=\"1\" data-e-action-hash=\"#elementor-action%3Aaction%3Dlightbox%26settings%3DeyJpZCI6MTAyNTUsInVybCI6Imh0dHBzOlwvXC93d3cuZWNvZmlybWEuY2lcL3dwLWNvbnRlbnRcL3VwbG9hZHNcLzIwMjZcLzA0XC8xLTEuanBnIn0%3D\">\n\t\t\t\t\t\t\t<img fetchpriority=\"high\" decoding=\"async\" width=\"724\" height=\"1024\" src=\"https:\/\/www.ecofirma.ci\/wp-content\/uploads\/2026\/04\/1-1-724x1024.jpg\" class=\"attachment-large size-large wp-image-10255\" alt=\"\" srcset=\"https:\/\/www.ecofirma.ci\/wp-content\/uploads\/2026\/04\/1-1-724x1024.jpg 724w, https:\/\/www.ecofirma.ci\/wp-content\/uploads\/2026\/04\/1-1-283x400.jpg 283w, https:\/\/www.ecofirma.ci\/wp-content\/uploads\/2026\/04\/1-1-768x1087.jpg 768w, https:\/\/www.ecofirma.ci\/wp-content\/uploads\/2026\/04\/1-1-8x12.jpg 8w, https:\/\/www.ecofirma.ci\/wp-content\/uploads\/2026\/04\/1-1.jpg 800w\" sizes=\"(max-width: 724px) 100vw, 724px\" \/>\t\t\t\t\t\t\t\t<\/a>\n\t\t\t\t\t\t\t\t\t\t\t\t\t\t\t<\/div>\n\t\t\t\t<\/div>\n\t\t\t\t<\/div>\n\t\t<div class=\"elementor-element elementor-element-54adc00 e-con-full e-flex e-con e-child\" data-id=\"54adc00\" data-element_type=\"container\" data-e-type=\"container\" data-settings=\"{&quot;background_background&quot;:&quot;slideshow&quot;,&quot;background_slideshow_transition_duration&quot;:1000,&quot;background_slideshow_gallery&quot;:[],&quot;background_slideshow_loop&quot;:&quot;yes&quot;,&quot;background_slideshow_slide_duration&quot;:5000,&quot;background_slideshow_slide_transition&quot;:&quot;fade&quot;}\">\n\t\t\t\t<div class=\"elementor-element elementor-element-652e381 elementor-widget elementor-widget-image\" data-id=\"652e381\" data-element_type=\"widget\" data-e-type=\"widget\" data-widget_type=\"image.default\">\n\t\t\t\t<div class=\"elementor-widget-container\">\n\t\t\t\t\t\t\t\t\t\t\t\t\t\t\t\t<a href=\"https:\/\/www.ecofirma.ci\/wp-content\/uploads\/2026\/04\/2.jpg\" data-elementor-open-lightbox=\"yes\" data-elementor-lightbox-title=\"2\" data-e-action-hash=\"#elementor-action%3Aaction%3Dlightbox%26settings%3DeyJpZCI6MTAyNTYsInVybCI6Imh0dHBzOlwvXC93d3cuZWNvZmlybWEuY2lcL3dwLWNvbnRlbnRcL3VwbG9hZHNcLzIwMjZcLzA0XC8yLmpwZyJ9\">\n\t\t\t\t\t\t\t<img decoding=\"async\" width=\"722\" height=\"1024\" src=\"https:\/\/www.ecofirma.ci\/wp-content\/uploads\/2026\/04\/2-722x1024.jpg\" class=\"attachment-large size-large wp-image-10256\" alt=\"\" srcset=\"https:\/\/www.ecofirma.ci\/wp-content\/uploads\/2026\/04\/2-722x1024.jpg 722w, https:\/\/www.ecofirma.ci\/wp-content\/uploads\/2026\/04\/2-282x400.jpg 282w, https:\/\/www.ecofirma.ci\/wp-content\/uploads\/2026\/04\/2-768x1090.jpg 768w, https:\/\/www.ecofirma.ci\/wp-content\/uploads\/2026\/04\/2-8x12.jpg 8w, https:\/\/www.ecofirma.ci\/wp-content\/uploads\/2026\/04\/2.jpg 800w\" sizes=\"(max-width: 722px) 100vw, 722px\" \/>\t\t\t\t\t\t\t\t<\/a>\n\t\t\t\t\t\t\t\t\t\t\t\t\t\t\t<\/div>\n\t\t\t\t<\/div>\n\t\t\t\t<\/div>\n\t\t<div class=\"elementor-element elementor-element-823f926 e-con-full e-flex e-con e-child\" data-id=\"823f926\" data-element_type=\"container\" data-e-type=\"container\" data-settings=\"{&quot;background_background&quot;:&quot;slideshow&quot;,&quot;background_slideshow_transition_duration&quot;:1000,&quot;background_slideshow_gallery&quot;:[],&quot;background_slideshow_loop&quot;:&quot;yes&quot;,&quot;background_slideshow_slide_duration&quot;:5000,&quot;background_slideshow_slide_transition&quot;:&quot;fade&quot;}\">\n\t\t\t\t<\/div>\n\t\t\t\t\t<\/div>\n\t\t\t\t<\/div>\n\t\t\t\t<\/div>","protected":false},"excerpt":{"rendered":"<p>DOCUMENTS ET CERTIFICATIONS La politique qualit\u00e9 d\u2019ECOFIRMA repose sur l\u2019engagement de la direction \u00e0 mettre en \u0153uvre un syst\u00e8me de management de la qualit\u00e9, ainsi qu\u2019\u00e0 am\u00e9liorer en continu son efficacit\u00e9. Notre objectif est de satisfaire les exigences de nos clients et les attentes de toutes les parties prenantes. \u00c0 cet effet, ECOFIRMA est en [&hellip;]<\/p>\n","protected":false},"author":5,"featured_media":0,"parent":0,"menu_order":0,"comment_status":"closed","ping_status":"closed","template":"elementor_header_footer","meta":{"footnotes":""},"class_list":["post-8122","page","type-page","status-publish","hentry"],"yoast_head":"<!-- This site is optimized with the Yoast SEO plugin v27.4 - https:\/\/yoast.com\/product\/yoast-seo-wordpress\/ -->\n<title>DOCUMENTS ET CERTIFICATIONS - ECOFIRMA C\u00f4te D&#039;Ivoire<\/title>\n<meta name=\"robots\" content=\"index, follow, max-snippet:-1, max-image-preview:large, max-video-preview:-1\" \/>\n<link rel=\"canonical\" href=\"https:\/\/www.ecofirma.ci\/en\/documentos-certificacoes\/\" \/>\n<meta property=\"og:locale\" content=\"en_GB\" \/>\n<meta property=\"og:type\" content=\"article\" \/>\n<meta property=\"og:title\" content=\"DOCUMENTS ET CERTIFICATIONS - ECOFIRMA C\u00f4te D&#039;Ivoire\" \/>\n<meta property=\"og:description\" content=\"DOCUMENTS ET CERTIFICATIONS La politique qualit\u00e9 d\u2019ECOFIRMA repose sur l\u2019engagement de la direction \u00e0 mettre en \u0153uvre un syst\u00e8me de management de la qualit\u00e9, ainsi qu\u2019\u00e0 am\u00e9liorer en continu son efficacit\u00e9. Notre objectif est de satisfaire les exigences de nos clients et les attentes de toutes les parties prenantes. \u00c0 cet effet, ECOFIRMA est en [&hellip;]\" \/>\n<meta property=\"og:url\" content=\"https:\/\/www.ecofirma.ci\/en\/documentos-certificacoes\/\" \/>\n<meta property=\"og:site_name\" content=\"ECOFIRMA C\u00f4te D&#039;Ivoire\" \/>\n<meta property=\"article:publisher\" content=\"https:\/\/www.facebook.com\/EcoEcofirma\" \/>\n<meta property=\"article:modified_time\" content=\"2026-04-25T09:31:30+00:00\" \/>\n<meta property=\"og:image\" content=\"https:\/\/www.ecofirma.ci\/wp-content\/uploads\/2026\/04\/1-1-724x1024.jpg?_t=1777109490\" \/>\n<meta name=\"twitter:card\" content=\"summary_large_image\" \/>\n<meta name=\"twitter:label1\" content=\"Estimated reading time\" \/>\n\t<meta name=\"twitter:data1\" content=\"2 minutes\" \/>\n<script type=\"application\/ld+json\" class=\"yoast-schema-graph\">{\"@context\":\"https:\\\/\\\/schema.org\",\"@graph\":[{\"@type\":\"WebPage\",\"@id\":\"https:\\\/\\\/www.ecofirma.ci\\\/fr\\\/documentos-certificacoes\\\/\",\"url\":\"https:\\\/\\\/www.ecofirma.ci\\\/fr\\\/documentos-certificacoes\\\/\",\"name\":\"DOCUMENTS ET CERTIFICATIONS - ECOFIRMA C\u00f4te D&#039;Ivoire\",\"isPartOf\":{\"@id\":\"https:\\\/\\\/www.ecofirma.ci\\\/#website\"},\"primaryImageOfPage\":{\"@id\":\"https:\\\/\\\/www.ecofirma.ci\\\/fr\\\/documentos-certificacoes\\\/#primaryimage\"},\"image\":{\"@id\":\"https:\\\/\\\/www.ecofirma.ci\\\/fr\\\/documentos-certificacoes\\\/#primaryimage\"},\"thumbnailUrl\":\"https:\\\/\\\/www.ecofirma.ci\\\/wp-content\\\/uploads\\\/2026\\\/04\\\/1-1-724x1024.jpg?_t=1777109490\",\"datePublished\":\"2023-07-25T12:06:02+00:00\",\"dateModified\":\"2026-04-25T09:31:30+00:00\",\"breadcrumb\":{\"@id\":\"https:\\\/\\\/www.ecofirma.ci\\\/fr\\\/documentos-certificacoes\\\/#breadcrumb\"},\"inLanguage\":\"en-GB\",\"potentialAction\":[{\"@type\":\"ReadAction\",\"target\":[\"https:\\\/\\\/www.ecofirma.ci\\\/fr\\\/documentos-certificacoes\\\/\"]}]},{\"@type\":\"ImageObject\",\"inLanguage\":\"en-GB\",\"@id\":\"https:\\\/\\\/www.ecofirma.ci\\\/fr\\\/documentos-certificacoes\\\/#primaryimage\",\"url\":\"https:\\\/\\\/www.ecofirma.ci\\\/wp-content\\\/uploads\\\/2026\\\/04\\\/1-1-724x1024.jpg?_t=1777109490\",\"contentUrl\":\"https:\\\/\\\/www.ecofirma.ci\\\/wp-content\\\/uploads\\\/2026\\\/04\\\/1-1-724x1024.jpg?_t=1777109490\"},{\"@type\":\"BreadcrumbList\",\"@id\":\"https:\\\/\\\/www.ecofirma.ci\\\/fr\\\/documentos-certificacoes\\\/#breadcrumb\",\"itemListElement\":[{\"@type\":\"ListItem\",\"position\":1,\"name\":\"In\u00edcio\",\"item\":\"https:\\\/\\\/www.ecofirma.ci\\\/\"},{\"@type\":\"ListItem\",\"position\":2,\"name\":\"DOCUMENTS ET CERTIFICATIONS\"}]},{\"@type\":\"WebSite\",\"@id\":\"https:\\\/\\\/www.ecofirma.ci\\\/#website\",\"url\":\"https:\\\/\\\/www.ecofirma.ci\\\/\",\"name\":\"ECOFIRMA C\u00f4te D&#039;Ivoire\",\"description\":\"Avec nous, c&#039;est l&#039;Assurance !\",\"publisher\":{\"@id\":\"https:\\\/\\\/www.ecofirma.ci\\\/#organization\"},\"potentialAction\":[{\"@type\":\"SearchAction\",\"target\":{\"@type\":\"EntryPoint\",\"urlTemplate\":\"https:\\\/\\\/www.ecofirma.ci\\\/?s={search_term_string}\"},\"query-input\":{\"@type\":\"PropertyValueSpecification\",\"valueRequired\":true,\"valueName\":\"search_term_string\"}}],\"inLanguage\":\"en-GB\"},{\"@type\":\"Organization\",\"@id\":\"https:\\\/\\\/www.ecofirma.ci\\\/#organization\",\"name\":\"ECOFIRMA C\u00f4te D&#039;Ivoire\",\"url\":\"https:\\\/\\\/www.ecofirma.ci\\\/\",\"logo\":{\"@type\":\"ImageObject\",\"inLanguage\":\"en-GB\",\"@id\":\"https:\\\/\\\/www.ecofirma.ci\\\/#\\\/schema\\\/logo\\\/image\\\/\",\"url\":\"https:\\\/\\\/www.ecofirma.ci\\\/wp-content\\\/uploads\\\/2023\\\/04\\\/ECOFIRMA-Cote-divoire-logo-scaled.png\",\"contentUrl\":\"https:\\\/\\\/www.ecofirma.ci\\\/wp-content\\\/uploads\\\/2023\\\/04\\\/ECOFIRMA-Cote-divoire-logo-scaled.png\",\"width\":2560,\"height\":1079,\"caption\":\"ECOFIRMA C\u00f4te D&#039;Ivoire\"},\"image\":{\"@id\":\"https:\\\/\\\/www.ecofirma.ci\\\/#\\\/schema\\\/logo\\\/image\\\/\"},\"sameAs\":[\"https:\\\/\\\/www.facebook.com\\\/EcoEcofirma\",\"https:\\\/\\\/www.linkedin.com\\\/company\\\/grupoecofirma\"]}]}<\/script>\n<!-- \/ Yoast SEO plugin. -->","yoast_head_json":{"title":"DOCUMENTS ET CERTIFICATIONS - ECOFIRMA C\u00f4te D&#039;Ivoire","robots":{"index":"index","follow":"follow","max-snippet":"max-snippet:-1","max-image-preview":"max-image-preview:large","max-video-preview":"max-video-preview:-1"},"canonical":"https:\/\/www.ecofirma.ci\/en\/documentos-certificacoes\/","og_locale":"en_GB","og_type":"article","og_title":"DOCUMENTS ET CERTIFICATIONS - ECOFIRMA C\u00f4te D&#039;Ivoire","og_description":"DOCUMENTS ET CERTIFICATIONS La politique qualit\u00e9 d\u2019ECOFIRMA repose sur l\u2019engagement de la direction \u00e0 mettre en \u0153uvre un syst\u00e8me de management de la qualit\u00e9, ainsi qu\u2019\u00e0 am\u00e9liorer en continu son efficacit\u00e9. Notre objectif est de satisfaire les exigences de nos clients et les attentes de toutes les parties prenantes. \u00c0 cet effet, ECOFIRMA est en [&hellip;]","og_url":"https:\/\/www.ecofirma.ci\/en\/documentos-certificacoes\/","og_site_name":"ECOFIRMA C\u00f4te D&#039;Ivoire","article_publisher":"https:\/\/www.facebook.com\/EcoEcofirma","article_modified_time":"2026-04-25T09:31:30+00:00","og_image":[{"url":"https:\/\/www.ecofirma.ci\/wp-content\/uploads\/2026\/04\/1-1-724x1024.jpg?_t=1777109490","type":"","width":"","height":""}],"twitter_card":"summary_large_image","twitter_misc":{"Estimated reading time":"2 minutes"},"schema":{"@context":"https:\/\/schema.org","@graph":[{"@type":"WebPage","@id":"https:\/\/www.ecofirma.ci\/fr\/documentos-certificacoes\/","url":"https:\/\/www.ecofirma.ci\/fr\/documentos-certificacoes\/","name":"DOCUMENTS ET CERTIFICATIONS - ECOFIRMA C\u00f4te D&#039;Ivoire","isPartOf":{"@id":"https:\/\/www.ecofirma.ci\/#website"},"primaryImageOfPage":{"@id":"https:\/\/www.ecofirma.ci\/fr\/documentos-certificacoes\/#primaryimage"},"image":{"@id":"https:\/\/www.ecofirma.ci\/fr\/documentos-certificacoes\/#primaryimage"},"thumbnailUrl":"https:\/\/www.ecofirma.ci\/wp-content\/uploads\/2026\/04\/1-1-724x1024.jpg?_t=1777109490","datePublished":"2023-07-25T12:06:02+00:00","dateModified":"2026-04-25T09:31:30+00:00","breadcrumb":{"@id":"https:\/\/www.ecofirma.ci\/fr\/documentos-certificacoes\/#breadcrumb"},"inLanguage":"en-GB","potentialAction":[{"@type":"ReadAction","target":["https:\/\/www.ecofirma.ci\/fr\/documentos-certificacoes\/"]}]},{"@type":"ImageObject","inLanguage":"en-GB","@id":"https:\/\/www.ecofirma.ci\/fr\/documentos-certificacoes\/#primaryimage","url":"https:\/\/www.ecofirma.ci\/wp-content\/uploads\/2026\/04\/1-1-724x1024.jpg?_t=1777109490","contentUrl":"https:\/\/www.ecofirma.ci\/wp-content\/uploads\/2026\/04\/1-1-724x1024.jpg?_t=1777109490"},{"@type":"BreadcrumbList","@id":"https:\/\/www.ecofirma.ci\/fr\/documentos-certificacoes\/#breadcrumb","itemListElement":[{"@type":"ListItem","position":1,"name":"In\u00edcio","item":"https:\/\/www.ecofirma.ci\/"},{"@type":"ListItem","position":2,"name":"DOCUMENTS ET CERTIFICATIONS"}]},{"@type":"WebSite","@id":"https:\/\/www.ecofirma.ci\/#website","url":"https:\/\/www.ecofirma.ci\/","name":"ECOFIRMA C\u00f4te D&#039;Ivoire","description":"Avec nous, c&#039;est l&#039;Assurance !","publisher":{"@id":"https:\/\/www.ecofirma.ci\/#organization"},"potentialAction":[{"@type":"SearchAction","target":{"@type":"EntryPoint","urlTemplate":"https:\/\/www.ecofirma.ci\/?s={search_term_string}"},"query-input":{"@type":"PropertyValueSpecification","valueRequired":true,"valueName":"search_term_string"}}],"inLanguage":"en-GB"},{"@type":"Organization","@id":"https:\/\/www.ecofirma.ci\/#organization","name":"ECOFIRMA C\u00f4te D&#039;Ivoire","url":"https:\/\/www.ecofirma.ci\/","logo":{"@type":"ImageObject","inLanguage":"en-GB","@id":"https:\/\/www.ecofirma.ci\/#\/schema\/logo\/image\/","url":"https:\/\/www.ecofirma.ci\/wp-content\/uploads\/2023\/04\/ECOFIRMA-Cote-divoire-logo-scaled.png","contentUrl":"https:\/\/www.ecofirma.ci\/wp-content\/uploads\/2023\/04\/ECOFIRMA-Cote-divoire-logo-scaled.png","width":2560,"height":1079,"caption":"ECOFIRMA C\u00f4te D&#039;Ivoire"},"image":{"@id":"https:\/\/www.ecofirma.ci\/#\/schema\/logo\/image\/"},"sameAs":["https:\/\/www.facebook.com\/EcoEcofirma","https:\/\/www.linkedin.com\/company\/grupoecofirma"]}]}},"_links":{"self":[{"href":"https:\/\/www.ecofirma.ci\/en\/wp-json\/wp\/v2\/pages\/8122","targetHints":{"allow":["GET"]}}],"collection":[{"href":"https:\/\/www.ecofirma.ci\/en\/wp-json\/wp\/v2\/pages"}],"about":[{"href":"https:\/\/www.ecofirma.ci\/en\/wp-json\/wp\/v2\/types\/page"}],"author":[{"embeddable":true,"href":"https:\/\/www.ecofirma.ci\/en\/wp-json\/wp\/v2\/users\/5"}],"replies":[{"embeddable":true,"href":"https:\/\/www.ecofirma.ci\/en\/wp-json\/wp\/v2\/comments?post=8122"}],"version-history":[{"count":42,"href":"https:\/\/www.ecofirma.ci\/en\/wp-json\/wp\/v2\/pages\/8122\/revisions"}],"predecessor-version":[{"id":10259,"href":"https:\/\/www.ecofirma.ci\/en\/wp-json\/wp\/v2\/pages\/8122\/revisions\/10259"}],"wp:attachment":[{"href":"https:\/\/www.ecofirma.ci\/en\/wp-json\/wp\/v2\/media?parent=8122"}],"curies":[{"name":"wp","href":"https:\/\/api.w.org\/{rel}","templated":true}]}}