{"id":8096,"date":"2023-07-19T18:29:28","date_gmt":"2023-07-19T17:29:28","guid":{"rendered":"https:\/\/www.ecofirma.ci\/?page_id=8096"},"modified":"2026-04-25T09:58:58","modified_gmt":"2026-04-25T09:58:58","slug":"quem-somos","status":"publish","type":"page","link":"https:\/\/www.ecofirma.ci\/en\/quem-somos\/","title":{"rendered":"Who are we"},"content":{"rendered":"<div data-elementor-type=\"wp-page\" data-elementor-id=\"8096\" class=\"elementor elementor-8096\" data-elementor-post-type=\"page\">\n\t\t\t\t<div class=\"elementor-element elementor-element-a4f5442 e-con-full e-flex e-con e-parent\" data-id=\"a4f5442\" data-element_type=\"container\" data-e-type=\"container\" data-settings=\"{&quot;background_background&quot;:&quot;classic&quot;}\">\n\t\t<div class=\"elementor-element elementor-element-bfae7e1 e-flex e-con-boxed e-con e-child\" data-id=\"bfae7e1\" data-element_type=\"container\" data-e-type=\"container\">\n\t\t\t\t\t<div class=\"e-con-inner\">\n\t\t\t\t<div class=\"elementor-element elementor-element-172bbcb elementor-widget elementor-widget-text-editor\" data-id=\"172bbcb\" data-element_type=\"widget\" data-e-type=\"widget\" data-widget_type=\"text-editor.default\">\n\t\t\t\t<div class=\"elementor-widget-container\">\n\t\t\t\t\t\t\t\t\t<p>With us, it&#039;s guaranteed!<\/p>\t\t\t\t\t\t\t\t<\/div>\n\t\t\t\t<\/div>\n\t\t\t\t\t<\/div>\n\t\t\t\t<\/div>\n\t\t\t\t<\/div>\n\t\t<div class=\"elementor-element elementor-element-45d8ec1 e-flex e-con-boxed e-con e-parent\" data-id=\"45d8ec1\" data-element_type=\"container\" data-e-type=\"container\" data-settings=\"{&quot;background_background&quot;:&quot;classic&quot;}\">\n\t\t\t\t\t<div class=\"e-con-inner\">\n\t\t\t\t<div class=\"elementor-element elementor-element-c813ea0 elementor-widget elementor-widget-text-editor\" data-id=\"c813ea0\" data-element_type=\"widget\" data-e-type=\"widget\" data-widget_type=\"text-editor.default\">\n\t\t\t\t<div class=\"elementor-widget-container\">\n\t\t\t\t\t\t\t\t\t<p>ECOFIRMA is a company specializing in water supply, treatment and management solutions.<\/p><p>Our mission is to optimize water efficiency in all structures, from reservoirs, tanks, and swimming pools to distribution and sanitation networks. To achieve this, we have a highly qualified multidisciplinary team using cutting-edge products, techniques, and equipment.<\/p><p>We offer solutions tailored to each project, guaranteeing quality, safety, and performance. Our services cover video inspection diagnostics, rehabilitation and sealing, repair systems, leak testing, disinfection, structural reinforcement, and water analysis.<\/p><p>ECOFIRMA is a company with an international vision, present in Europe, Africa and America.<\/p><p>We place quality, innovation, sustainability, and customer satisfaction at the heart of our business. ECOFIRMA is your trusted partner to guarantee the performance and safety of your hydraulic infrastructure.<\/p>\t\t\t\t\t\t\t\t<\/div>\n\t\t\t\t<\/div>\n\t\t\t\t\t<\/div>\n\t\t\t\t<\/div>\n\t\t<div class=\"elementor-element elementor-element-1318d68 e-flex e-con-boxed e-con e-parent\" data-id=\"1318d68\" data-element_type=\"container\" data-e-type=\"container\">\n\t\t\t\t\t<div class=\"e-con-inner\">\n\t\t<div class=\"elementor-element elementor-element-6d1681d e-con-full e-flex elementor-invisible e-con e-child\" data-id=\"6d1681d\" data-element_type=\"container\" data-e-type=\"container\" data-settings=\"{&quot;background_background&quot;:&quot;classic&quot;,&quot;animation&quot;:&quot;fadeInLeft&quot;}\">\n\t\t\t\t<div class=\"elementor-element elementor-element-1d312e1 elementor-widget elementor-widget-image\" data-id=\"1d312e1\" data-element_type=\"widget\" data-e-type=\"widget\" data-widget_type=\"image.default\">\n\t\t\t\t<div class=\"elementor-widget-container\">\n\t\t\t\t\t\t\t\t\t\t\t\t\t\t\t<img fetchpriority=\"high\" decoding=\"async\" width=\"800\" height=\"999\" src=\"https:\/\/www.ecofirma.ci\/wp-content\/uploads\/2026\/04\/6.jpg\" class=\"attachment-large size-large wp-image-10275\" alt=\"\" srcset=\"https:\/\/www.ecofirma.ci\/wp-content\/uploads\/2026\/04\/6.jpg 800w, https:\/\/www.ecofirma.ci\/wp-content\/uploads\/2026\/04\/6-320x400.jpg 320w, https:\/\/www.ecofirma.ci\/wp-content\/uploads\/2026\/04\/6-768x959.jpg 768w, https:\/\/www.ecofirma.ci\/wp-content\/uploads\/2026\/04\/6-10x12.jpg 10w\" sizes=\"(max-width: 800px) 100vw, 800px\" \/>\t\t\t\t\t\t\t\t\t\t\t\t\t\t\t<\/div>\n\t\t\t\t<\/div>\n\t\t\t\t<\/div>\n\t\t<div class=\"elementor-element elementor-element-e5e4ad3 e-con-full animated-slow e-flex elementor-invisible e-con e-child\" data-id=\"e5e4ad3\" data-element_type=\"container\" data-e-type=\"container\" data-settings=\"{&quot;animation&quot;:&quot;fadeIn&quot;}\">\n\t\t\t\t<div class=\"elementor-element elementor-element-750c486 elementor-widget elementor-widget-heading\" data-id=\"750c486\" data-element_type=\"widget\" data-e-type=\"widget\" data-widget_type=\"heading.default\">\n\t\t\t\t<div class=\"elementor-widget-container\">\n\t\t\t\t\t<h2 class=\"elementor-heading-title elementor-size-default\">THE TEAM<\/h2>\t\t\t\t<\/div>\n\t\t\t\t<\/div>\n\t\t\t\t<div class=\"elementor-element elementor-element-1267223 elementor-widget elementor-widget-text-editor\" data-id=\"1267223\" data-element_type=\"widget\" data-e-type=\"widget\" data-widget_type=\"text-editor.default\">\n\t\t\t\t<div class=\"elementor-widget-container\">\n\t\t\t\t\t\t\t\t\t<p>Our highly qualified team has extensive expertise and solid experience that make a difference in the market, putting these skills at the service of our clients.<\/p><p>We have a versatile technical team, capable of meeting all challenges within optimized timeframes, guaranteeing a specialized and professional service.<\/p><p>Our team consists of experienced managers with in-depth knowledge of current and future market needs, as well as engineers trained in various fields, including special sealing, rehabilitation of reinforced concrete structures, water supply systems, wastewater treatment and disinfection.<\/p><p>All work is coordinated by a qualified technical engineer and carried out by management and operational teams with specialized technical training and proven experience in various fields.<\/p>\t\t\t\t\t\t\t\t<\/div>\n\t\t\t\t<\/div>\n\t\t\t\t<\/div>\n\t\t\t\t\t<\/div>\n\t\t\t\t<\/div>\n\t\t<div class=\"elementor-element elementor-element-0488c0e e-flex e-con-boxed e-con e-parent\" data-id=\"0488c0e\" data-element_type=\"container\" data-e-type=\"container\" data-settings=\"{&quot;background_background&quot;:&quot;classic&quot;}\">\n\t\t\t\t\t<div class=\"e-con-inner\">\n\t\t<div class=\"elementor-element elementor-element-273ed8b e-con-full animated-slow e-flex elementor-invisible e-con e-child\" data-id=\"273ed8b\" data-element_type=\"container\" data-e-type=\"container\" data-settings=\"{&quot;animation&quot;:&quot;fadeIn&quot;}\">\n\t\t\t\t<div class=\"elementor-element elementor-element-3628a8d elementor-widget elementor-widget-heading\" data-id=\"3628a8d\" data-element_type=\"widget\" data-e-type=\"widget\" data-widget_type=\"heading.default\">\n\t\t\t\t<div class=\"elementor-widget-container\">\n\t\t\t\t\t<h2 class=\"elementor-heading-title elementor-size-default\">PARTNERS AND CLIENTS<\/h2>\t\t\t\t<\/div>\n\t\t\t\t<\/div>\n\t\t\t\t<div class=\"elementor-element elementor-element-6cc16cf elementor-widget elementor-widget-text-editor\" data-id=\"6cc16cf\" data-element_type=\"widget\" data-e-type=\"widget\" data-widget_type=\"text-editor.default\">\n\t\t\t\t<div class=\"elementor-widget-container\">\n\t\t\t\t\t\t\t\t\t<p>We have an active network of partners and clients, who are convinced that the synergies created with manufacturers, suppliers and design offices are essential to the success of projects.<\/p><p>We guarantee our clients rigorous quality control in the execution of our work, with a constant commitment to trust, performance and satisfaction.<\/p>\t\t\t\t\t\t\t\t<\/div>\n\t\t\t\t<\/div>\n\t\t\t\t<\/div>\n\t\t<div class=\"elementor-element elementor-element-79db2c2 e-con-full e-flex elementor-invisible e-con e-child\" data-id=\"79db2c2\" data-element_type=\"container\" data-e-type=\"container\" data-settings=\"{&quot;background_background&quot;:&quot;classic&quot;,&quot;animation&quot;:&quot;fadeInRight&quot;}\">\n\t\t\t\t<div class=\"elementor-element elementor-element-3080a6c elementor-widget elementor-widget-image\" data-id=\"3080a6c\" data-element_type=\"widget\" data-e-type=\"widget\" data-widget_type=\"image.default\">\n\t\t\t\t<div class=\"elementor-widget-container\">\n\t\t\t\t\t\t\t\t\t\t\t\t\t\t\t<img decoding=\"async\" width=\"800\" height=\"726\" src=\"https:\/\/www.ecofirma.ci\/wp-content\/uploads\/2026\/04\/5-1024x929.jpg\" class=\"attachment-large size-large wp-image-10274\" alt=\"\" srcset=\"https:\/\/www.ecofirma.ci\/wp-content\/uploads\/2026\/04\/5-1024x929.jpg 1024w, https:\/\/www.ecofirma.ci\/wp-content\/uploads\/2026\/04\/5-400x363.jpg 400w, https:\/\/www.ecofirma.ci\/wp-content\/uploads\/2026\/04\/5-768x697.jpg 768w, https:\/\/www.ecofirma.ci\/wp-content\/uploads\/2026\/04\/5-1536x1393.jpg 1536w, https:\/\/www.ecofirma.ci\/wp-content\/uploads\/2026\/04\/5-13x12.jpg 13w, https:\/\/www.ecofirma.ci\/wp-content\/uploads\/2026\/04\/5.jpg 1667w\" sizes=\"(max-width: 800px) 100vw, 800px\" \/>\t\t\t\t\t\t\t\t\t\t\t\t\t\t\t<\/div>\n\t\t\t\t<\/div>\n\t\t\t\t<\/div>\n\t\t\t\t\t<\/div>\n\t\t\t\t<\/div>\n\t\t<div class=\"elementor-element elementor-element-ede7e4a e-flex e-con-boxed e-con e-parent\" data-id=\"ede7e4a\" data-element_type=\"container\" data-e-type=\"container\">\n\t\t\t\t\t<div class=\"e-con-inner\">\n\t\t<div class=\"elementor-element elementor-element-93dd2f4 e-con-full e-flex elementor-invisible e-con e-child\" data-id=\"93dd2f4\" data-element_type=\"container\" data-e-type=\"container\" data-settings=\"{&quot;background_background&quot;:&quot;classic&quot;,&quot;animation&quot;:&quot;fadeInLeft&quot;}\">\n\t\t\t\t<\/div>\n\t\t<div class=\"elementor-element elementor-element-14b89cd e-con-full animated-slow e-flex elementor-invisible e-con e-child\" data-id=\"14b89cd\" data-element_type=\"container\" data-e-type=\"container\" data-settings=\"{&quot;animation&quot;:&quot;fadeIn&quot;}\">\n\t\t\t\t<div class=\"elementor-element elementor-element-bf8da07 elementor-widget elementor-widget-heading\" data-id=\"bf8da07\" data-element_type=\"widget\" data-e-type=\"widget\" data-widget_type=\"heading.default\">\n\t\t\t\t<div class=\"elementor-widget-container\">\n\t\t\t\t\t<h2 class=\"elementor-heading-title elementor-size-default\">COLLABORATORS<\/h2>\t\t\t\t<\/div>\n\t\t\t\t<\/div>\n\t\t\t\t<div class=\"elementor-element elementor-element-3a00212 elementor-widget elementor-widget-text-editor\" data-id=\"3a00212\" data-element_type=\"widget\" data-e-type=\"widget\" data-widget_type=\"text-editor.default\">\n\t\t\t\t<div class=\"elementor-widget-container\">\n\t\t\t\t\t\t\t\t\t<p>We value our employees and invest in the quality of their work environment as well as in their ongoing training.<\/p><p>We constantly monitor developments in the sector, passing on innovative techniques and knowledge to our teams, because we are convinced that our main asset lies in our people.<\/p>\t\t\t\t\t\t\t\t<\/div>\n\t\t\t\t<\/div>\n\t\t\t\t<\/div>\n\t\t\t\t\t<\/div>\n\t\t\t\t<\/div>\n\t\t\t\t<\/div>","protected":false},"excerpt":{"rendered":"<p>ECOFIRMA C\u00f4te d\u2019Ivoire propose des solutions en captation, traitement et gestion de l\u2019eau, avec expertise technique, innovation et engagement envers la qualit\u00e9.<\/p>","protected":false},"author":5,"featured_media":9092,"parent":0,"menu_order":0,"comment_status":"closed","ping_status":"closed","template":"elementor_header_footer","meta":{"footnotes":""},"class_list":["post-8096","page","type-page","status-publish","has-post-thumbnail","hentry"],"yoast_head":"<!-- This site is optimized with the Yoast SEO plugin v27.4 - https:\/\/yoast.com\/product\/yoast-seo-wordpress\/ -->\n<title>ECOFIRMA | Connosco Acontece!<\/title>\n<meta name=\"description\" content=\"A ECOFIRMA \u00e9 uma empresa especializada em solu\u00e7\u00f5es de abastecimento, tratamento e reten\u00e7\u00e3o de \u00e1gua, que opera em Angola desde 2011.\" \/>\n<meta name=\"robots\" content=\"index, follow, max-snippet:-1, max-image-preview:large, max-video-preview:-1\" \/>\n<link rel=\"canonical\" href=\"https:\/\/www.ecofirma.ci\/en\/quem-somos\/\" \/>\n<meta property=\"og:locale\" content=\"en_GB\" \/>\n<meta property=\"og:type\" content=\"article\" \/>\n<meta property=\"og:title\" content=\"ECOFIRMA | Connosco Acontece!\" \/>\n<meta property=\"og:description\" content=\"A ECOFIRMA \u00e9 uma empresa especializada em solu\u00e7\u00f5es de abastecimento, tratamento e reten\u00e7\u00e3o de \u00e1gua, que opera em Angola desde 2011.\" \/>\n<meta property=\"og:url\" content=\"https:\/\/www.ecofirma.ci\/en\/quem-somos\/\" \/>\n<meta property=\"og:site_name\" content=\"ECOFIRMA C\u00f4te D&#039;Ivoire\" \/>\n<meta property=\"article:publisher\" content=\"https:\/\/www.facebook.com\/EcoEcofirma\" \/>\n<meta property=\"article:modified_time\" content=\"2026-04-25T09:58:58+00:00\" \/>\n<meta property=\"og:image\" content=\"https:\/\/www.ecofirma.ci\/wp-content\/uploads\/2024\/01\/ls_ECOFIRMA-Angola-banner-site-1.jpg?_t=1777111139\" \/>\n\t<meta property=\"og:image:width\" content=\"1257\" \/>\n\t<meta property=\"og:image:height\" content=\"817\" \/>\n\t<meta property=\"og:image:type\" content=\"image\/jpeg\" \/>\n<meta name=\"twitter:card\" content=\"summary_large_image\" \/>\n<meta name=\"twitter:label1\" content=\"Estimated reading time\" \/>\n\t<meta name=\"twitter:data1\" content=\"3 minutes\" \/>\n<script type=\"application\/ld+json\" class=\"yoast-schema-graph\">{\"@context\":\"https:\\\/\\\/schema.org\",\"@graph\":[{\"@type\":\"WebPage\",\"@id\":\"https:\\\/\\\/www.ecofirma.ci\\\/fr\\\/quem-somos\\\/\",\"url\":\"https:\\\/\\\/www.ecofirma.ci\\\/fr\\\/quem-somos\\\/\",\"name\":\"ECOFIRMA | Connosco Acontece!\",\"isPartOf\":{\"@id\":\"https:\\\/\\\/www.ecofirma.ci\\\/#website\"},\"primaryImageOfPage\":{\"@id\":\"https:\\\/\\\/www.ecofirma.ci\\\/fr\\\/quem-somos\\\/#primaryimage\"},\"image\":{\"@id\":\"https:\\\/\\\/www.ecofirma.ci\\\/fr\\\/quem-somos\\\/#primaryimage\"},\"thumbnailUrl\":\"https:\\\/\\\/www.ecofirma.ci\\\/wp-content\\\/uploads\\\/2024\\\/01\\\/ls_ECOFIRMA-Angola-banner-site-1.jpg\",\"datePublished\":\"2023-07-19T17:29:28+00:00\",\"dateModified\":\"2026-04-25T09:58:58+00:00\",\"description\":\"A ECOFIRMA \u00e9 uma empresa especializada em solu\u00e7\u00f5es de abastecimento, tratamento e reten\u00e7\u00e3o de \u00e1gua, que opera em Angola desde 2011.\",\"breadcrumb\":{\"@id\":\"https:\\\/\\\/www.ecofirma.ci\\\/fr\\\/quem-somos\\\/#breadcrumb\"},\"inLanguage\":\"en-GB\",\"potentialAction\":[{\"@type\":\"ReadAction\",\"target\":[\"https:\\\/\\\/www.ecofirma.ci\\\/fr\\\/quem-somos\\\/\"]}]},{\"@type\":\"ImageObject\",\"inLanguage\":\"en-GB\",\"@id\":\"https:\\\/\\\/www.ecofirma.ci\\\/fr\\\/quem-somos\\\/#primaryimage\",\"url\":\"https:\\\/\\\/www.ecofirma.ci\\\/wp-content\\\/uploads\\\/2024\\\/01\\\/ls_ECOFIRMA-Angola-banner-site-1.jpg\",\"contentUrl\":\"https:\\\/\\\/www.ecofirma.ci\\\/wp-content\\\/uploads\\\/2024\\\/01\\\/ls_ECOFIRMA-Angola-banner-site-1.jpg\",\"width\":1257,\"height\":817},{\"@type\":\"BreadcrumbList\",\"@id\":\"https:\\\/\\\/www.ecofirma.ci\\\/fr\\\/quem-somos\\\/#breadcrumb\",\"itemListElement\":[{\"@type\":\"ListItem\",\"position\":1,\"name\":\"In\u00edcio\",\"item\":\"https:\\\/\\\/www.ecofirma.ci\\\/\"},{\"@type\":\"ListItem\",\"position\":2,\"name\":\"Qui sommes-nous\"}]},{\"@type\":\"WebSite\",\"@id\":\"https:\\\/\\\/www.ecofirma.ci\\\/#website\",\"url\":\"https:\\\/\\\/www.ecofirma.ci\\\/\",\"name\":\"ECOFIRMA C\u00f4te D&#039;Ivoire\",\"description\":\"Avec nous, c&#039;est l&#039;Assurance !\",\"publisher\":{\"@id\":\"https:\\\/\\\/www.ecofirma.ci\\\/#organization\"},\"potentialAction\":[{\"@type\":\"SearchAction\",\"target\":{\"@type\":\"EntryPoint\",\"urlTemplate\":\"https:\\\/\\\/www.ecofirma.ci\\\/?s={search_term_string}\"},\"query-input\":{\"@type\":\"PropertyValueSpecification\",\"valueRequired\":true,\"valueName\":\"search_term_string\"}}],\"inLanguage\":\"en-GB\"},{\"@type\":\"Organization\",\"@id\":\"https:\\\/\\\/www.ecofirma.ci\\\/#organization\",\"name\":\"ECOFIRMA C\u00f4te D&#039;Ivoire\",\"url\":\"https:\\\/\\\/www.ecofirma.ci\\\/\",\"logo\":{\"@type\":\"ImageObject\",\"inLanguage\":\"en-GB\",\"@id\":\"https:\\\/\\\/www.ecofirma.ci\\\/#\\\/schema\\\/logo\\\/image\\\/\",\"url\":\"https:\\\/\\\/www.ecofirma.ci\\\/wp-content\\\/uploads\\\/2023\\\/04\\\/ECOFIRMA-Cote-divoire-logo-scaled.png\",\"contentUrl\":\"https:\\\/\\\/www.ecofirma.ci\\\/wp-content\\\/uploads\\\/2023\\\/04\\\/ECOFIRMA-Cote-divoire-logo-scaled.png\",\"width\":2560,\"height\":1079,\"caption\":\"ECOFIRMA C\u00f4te D&#039;Ivoire\"},\"image\":{\"@id\":\"https:\\\/\\\/www.ecofirma.ci\\\/#\\\/schema\\\/logo\\\/image\\\/\"},\"sameAs\":[\"https:\\\/\\\/www.facebook.com\\\/EcoEcofirma\",\"https:\\\/\\\/www.linkedin.com\\\/company\\\/grupoecofirma\"]}]}<\/script>\n<!-- \/ Yoast SEO plugin. -->","yoast_head_json":{"title":"ECOFIRMA | Connosco Acontece!","description":"A ECOFIRMA \u00e9 uma empresa especializada em solu\u00e7\u00f5es de abastecimento, tratamento e reten\u00e7\u00e3o de \u00e1gua, que opera em Angola desde 2011.","robots":{"index":"index","follow":"follow","max-snippet":"max-snippet:-1","max-image-preview":"max-image-preview:large","max-video-preview":"max-video-preview:-1"},"canonical":"https:\/\/www.ecofirma.ci\/en\/quem-somos\/","og_locale":"en_GB","og_type":"article","og_title":"ECOFIRMA | Connosco Acontece!","og_description":"A ECOFIRMA \u00e9 uma empresa especializada em solu\u00e7\u00f5es de abastecimento, tratamento e reten\u00e7\u00e3o de \u00e1gua, que opera em Angola desde 2011.","og_url":"https:\/\/www.ecofirma.ci\/en\/quem-somos\/","og_site_name":"ECOFIRMA C\u00f4te D&#039;Ivoire","article_publisher":"https:\/\/www.facebook.com\/EcoEcofirma","article_modified_time":"2026-04-25T09:58:58+00:00","og_image":[{"width":1257,"height":817,"url":"https:\/\/www.ecofirma.ci\/wp-content\/uploads\/2024\/01\/ls_ECOFIRMA-Angola-banner-site-1.jpg?_t=1777111139","type":"image\/jpeg"}],"twitter_card":"summary_large_image","twitter_misc":{"Estimated reading time":"3 minutes"},"schema":{"@context":"https:\/\/schema.org","@graph":[{"@type":"WebPage","@id":"https:\/\/www.ecofirma.ci\/fr\/quem-somos\/","url":"https:\/\/www.ecofirma.ci\/fr\/quem-somos\/","name":"ECOFIRMA | Connosco Acontece!","isPartOf":{"@id":"https:\/\/www.ecofirma.ci\/#website"},"primaryImageOfPage":{"@id":"https:\/\/www.ecofirma.ci\/fr\/quem-somos\/#primaryimage"},"image":{"@id":"https:\/\/www.ecofirma.ci\/fr\/quem-somos\/#primaryimage"},"thumbnailUrl":"https:\/\/www.ecofirma.ci\/wp-content\/uploads\/2024\/01\/ls_ECOFIRMA-Angola-banner-site-1.jpg","datePublished":"2023-07-19T17:29:28+00:00","dateModified":"2026-04-25T09:58:58+00:00","description":"A ECOFIRMA \u00e9 uma empresa especializada em solu\u00e7\u00f5es de abastecimento, tratamento e reten\u00e7\u00e3o de \u00e1gua, que opera em Angola desde 2011.","breadcrumb":{"@id":"https:\/\/www.ecofirma.ci\/fr\/quem-somos\/#breadcrumb"},"inLanguage":"en-GB","potentialAction":[{"@type":"ReadAction","target":["https:\/\/www.ecofirma.ci\/fr\/quem-somos\/"]}]},{"@type":"ImageObject","inLanguage":"en-GB","@id":"https:\/\/www.ecofirma.ci\/fr\/quem-somos\/#primaryimage","url":"https:\/\/www.ecofirma.ci\/wp-content\/uploads\/2024\/01\/ls_ECOFIRMA-Angola-banner-site-1.jpg","contentUrl":"https:\/\/www.ecofirma.ci\/wp-content\/uploads\/2024\/01\/ls_ECOFIRMA-Angola-banner-site-1.jpg","width":1257,"height":817},{"@type":"BreadcrumbList","@id":"https:\/\/www.ecofirma.ci\/fr\/quem-somos\/#breadcrumb","itemListElement":[{"@type":"ListItem","position":1,"name":"In\u00edcio","item":"https:\/\/www.ecofirma.ci\/"},{"@type":"ListItem","position":2,"name":"Qui sommes-nous"}]},{"@type":"WebSite","@id":"https:\/\/www.ecofirma.ci\/#website","url":"https:\/\/www.ecofirma.ci\/","name":"ECOFIRMA C\u00f4te D&#039;Ivoire","description":"Avec nous, c&#039;est l&#039;Assurance !","publisher":{"@id":"https:\/\/www.ecofirma.ci\/#organization"},"potentialAction":[{"@type":"SearchAction","target":{"@type":"EntryPoint","urlTemplate":"https:\/\/www.ecofirma.ci\/?s={search_term_string}"},"query-input":{"@type":"PropertyValueSpecification","valueRequired":true,"valueName":"search_term_string"}}],"inLanguage":"en-GB"},{"@type":"Organization","@id":"https:\/\/www.ecofirma.ci\/#organization","name":"ECOFIRMA C\u00f4te D&#039;Ivoire","url":"https:\/\/www.ecofirma.ci\/","logo":{"@type":"ImageObject","inLanguage":"en-GB","@id":"https:\/\/www.ecofirma.ci\/#\/schema\/logo\/image\/","url":"https:\/\/www.ecofirma.ci\/wp-content\/uploads\/2023\/04\/ECOFIRMA-Cote-divoire-logo-scaled.png","contentUrl":"https:\/\/www.ecofirma.ci\/wp-content\/uploads\/2023\/04\/ECOFIRMA-Cote-divoire-logo-scaled.png","width":2560,"height":1079,"caption":"ECOFIRMA C\u00f4te D&#039;Ivoire"},"image":{"@id":"https:\/\/www.ecofirma.ci\/#\/schema\/logo\/image\/"},"sameAs":["https:\/\/www.facebook.com\/EcoEcofirma","https:\/\/www.linkedin.com\/company\/grupoecofirma"]}]}},"_links":{"self":[{"href":"https:\/\/www.ecofirma.ci\/en\/wp-json\/wp\/v2\/pages\/8096","targetHints":{"allow":["GET"]}}],"collection":[{"href":"https:\/\/www.ecofirma.ci\/en\/wp-json\/wp\/v2\/pages"}],"about":[{"href":"https:\/\/www.ecofirma.ci\/en\/wp-json\/wp\/v2\/types\/page"}],"author":[{"embeddable":true,"href":"https:\/\/www.ecofirma.ci\/en\/wp-json\/wp\/v2\/users\/5"}],"replies":[{"embeddable":true,"href":"https:\/\/www.ecofirma.ci\/en\/wp-json\/wp\/v2\/comments?post=8096"}],"version-history":[{"count":27,"href":"https:\/\/www.ecofirma.ci\/en\/wp-json\/wp\/v2\/pages\/8096\/revisions"}],"predecessor-version":[{"id":10279,"href":"https:\/\/www.ecofirma.ci\/en\/wp-json\/wp\/v2\/pages\/8096\/revisions\/10279"}],"wp:featuredmedia":[{"embeddable":true,"href":"https:\/\/www.ecofirma.ci\/en\/wp-json\/wp\/v2\/media\/9092"}],"wp:attachment":[{"href":"https:\/\/www.ecofirma.ci\/en\/wp-json\/wp\/v2\/media?parent=8096"}],"curies":[{"name":"wp","href":"https:\/\/api.w.org\/{rel}","templated":true}]}}