{"id":7771,"date":"2023-06-17T16:32:49","date_gmt":"2023-06-17T15:32:49","guid":{"rendered":"https:\/\/www.ecofirma.ci\/?page_id=7771"},"modified":"2026-04-24T15:49:04","modified_gmt":"2026-04-24T15:49:04","slug":"sistemas-de-reparacao-e-estanquidade-por-injeccao","status":"publish","type":"page","link":"https:\/\/www.ecofirma.ci\/en\/servicos\/sistemas-de-reparacao-e-estanquidade-por-injeccao\/","title":{"rendered":"Injection repair and sealing systems"},"content":{"rendered":"<div data-elementor-type=\"wp-page\" data-elementor-id=\"7771\" class=\"elementor elementor-7771\" data-elementor-post-type=\"page\">\n\t\t\t\t<div class=\"elementor-element elementor-element-a4f5442 e-con-full e-flex e-con e-parent\" data-id=\"a4f5442\" data-element_type=\"container\" data-e-type=\"container\" data-settings=\"{&quot;background_background&quot;:&quot;classic&quot;}\">\n\t\t<div class=\"elementor-element elementor-element-bfae7e1 e-flex e-con-boxed e-con e-child\" data-id=\"bfae7e1\" data-element_type=\"container\" data-e-type=\"container\">\n\t\t\t\t\t<div class=\"e-con-inner\">\n\t\t\t\t<div class=\"elementor-element elementor-element-39e1ad8 elementor-widget elementor-widget-image\" data-id=\"39e1ad8\" data-element_type=\"widget\" data-e-type=\"widget\" id=\"#icon\" data-settings=\"{&quot;motion_fx_motion_fx_mouse&quot;:&quot;yes&quot;,&quot;motion_fx_mouseTrack_effect&quot;:&quot;yes&quot;,&quot;motion_fx_mouseTrack_speed&quot;:{&quot;unit&quot;:&quot;px&quot;,&quot;size&quot;:0.1000000000000000055511151231257827021181583404541015625,&quot;sizes&quot;:[]},&quot;motion_fx_tilt_effect&quot;:&quot;yes&quot;,&quot;motion_fx_tilt_speed&quot;:{&quot;unit&quot;:&quot;px&quot;,&quot;size&quot;:2,&quot;sizes&quot;:[]}}\" data-widget_type=\"image.default\">\n\t\t\t\t<div class=\"elementor-widget-container\">\n\t\t\t\t\t\t\t\t\t\t\t\t\t\t\t<img decoding=\"async\" width=\"168\" height=\"168\" src=\"https:\/\/www.ecofirma.ci\/wp-content\/uploads\/2018\/03\/reparacao00.png\" class=\"attachment-large size-large wp-image-1471\" alt=\"\" srcset=\"https:\/\/www.ecofirma.ci\/wp-content\/uploads\/2018\/03\/reparacao00.png 168w, https:\/\/www.ecofirma.ci\/wp-content\/uploads\/2018\/03\/reparacao00-150x150.png 150w\" sizes=\"(max-width: 168px) 100vw, 168px\" \/>\t\t\t\t\t\t\t\t\t\t\t\t\t\t\t<\/div>\n\t\t\t\t<\/div>\n\t\t\t\t<div class=\"elementor-element elementor-element-172bbcb elementor-widget elementor-widget-text-editor\" data-id=\"172bbcb\" data-element_type=\"widget\" data-e-type=\"widget\" data-widget_type=\"text-editor.default\">\n\t\t\t\t<div class=\"elementor-widget-container\">\n\t\t\t\t\t\t\t\t\t<p class=\"p1\">Injection repair and sealing systems<\/p>\t\t\t\t\t\t\t\t<\/div>\n\t\t\t\t<\/div>\n\t\t\t\t\t<\/div>\n\t\t\t\t<\/div>\n\t\t\t\t<\/div>\n\t\t<div class=\"elementor-element elementor-element-45d8ec1 e-flex e-con-boxed e-con e-parent\" data-id=\"45d8ec1\" data-element_type=\"container\" data-e-type=\"container\" data-settings=\"{&quot;background_background&quot;:&quot;classic&quot;}\">\n\t\t\t\t\t<div class=\"e-con-inner\">\n\t\t\t\t<div class=\"elementor-element elementor-element-c813ea0 elementor-widget elementor-widget-text-editor\" data-id=\"c813ea0\" data-element_type=\"widget\" data-e-type=\"widget\" data-widget_type=\"text-editor.default\">\n\t\t\t\t<div class=\"elementor-widget-container\">\n\t\t\t\t\t\t\t\t\t<p>At ECOFIRMA, we offer a wide range of injection services adapted to the treatment of pathologies in concrete structures.<\/p><p>Our solutions ensure the structural repair and waterproofing of structures, using specialized techniques adapted to each challenge.<\/p>\t\t\t\t\t\t\t\t<\/div>\n\t\t\t\t<\/div>\n\t\t\t\t\t<\/div>\n\t\t\t\t<\/div>\n\t\t<div class=\"elementor-element elementor-element-1318d68 e-flex e-con-boxed e-con e-parent\" data-id=\"1318d68\" data-element_type=\"container\" data-e-type=\"container\">\n\t\t\t\t\t<div class=\"e-con-inner\">\n\t\t<div class=\"elementor-element elementor-element-6d1681d e-con-full e-flex elementor-invisible e-con e-child\" data-id=\"6d1681d\" data-element_type=\"container\" data-e-type=\"container\" data-settings=\"{&quot;background_background&quot;:&quot;classic&quot;,&quot;animation&quot;:&quot;fadeInLeft&quot;}\">\n\t\t\t\t<\/div>\n\t\t<div class=\"elementor-element elementor-element-e5e4ad3 e-con-full animated-slow e-flex elementor-invisible e-con e-child\" data-id=\"e5e4ad3\" data-element_type=\"container\" data-e-type=\"container\" data-settings=\"{&quot;animation&quot;:&quot;fadeIn&quot;}\">\n\t\t\t\t<div class=\"elementor-element elementor-element-750c486 elementor-widget elementor-widget-heading\" data-id=\"750c486\" data-element_type=\"widget\" data-e-type=\"widget\" data-widget_type=\"heading.default\">\n\t\t\t\t<div class=\"elementor-widget-container\">\n\t\t\t\t\t<h2 class=\"elementor-heading-title elementor-size-default\">POLYURETHANE RESIN INJECTIONS<\/h2>\t\t\t\t<\/div>\n\t\t\t\t<\/div>\n\t\t\t\t<div class=\"elementor-element elementor-element-1267223 elementor-widget elementor-widget-text-editor\" data-id=\"1267223\" data-element_type=\"widget\" data-e-type=\"widget\" data-widget_type=\"text-editor.default\">\n\t\t\t\t<div class=\"elementor-widget-container\">\n\t\t\t\t\t\t\t\t\t<ul><li style=\"font-weight: 400;\" aria-level=\"1\"><p>Sealing cracks in concrete tanks (buried or above ground)<\/p><\/li><li style=\"font-weight: 400;\" aria-level=\"1\"><p>Sealing of manholes, elevator shafts and pipes<\/p><\/li><li style=\"font-weight: 400;\" aria-level=\"1\"><p>Treatment of water infiltration in buried walls<\/p><\/li><li style=\"font-weight: 400;\" aria-level=\"1\"><p>Treatment of water infiltration in special foundations (diaphragm walls and pile walls)<\/p><\/li><\/ul>\t\t\t\t\t\t\t\t<\/div>\n\t\t\t\t<\/div>\n\t\t\t\t<\/div>\n\t\t\t\t\t<\/div>\n\t\t\t\t<\/div>\n\t\t<div class=\"elementor-element elementor-element-0488c0e e-flex e-con-boxed e-con e-parent\" data-id=\"0488c0e\" data-element_type=\"container\" data-e-type=\"container\" data-settings=\"{&quot;background_background&quot;:&quot;classic&quot;}\">\n\t\t\t\t\t<div class=\"e-con-inner\">\n\t\t<div class=\"elementor-element elementor-element-273ed8b e-con-full animated-slow e-flex elementor-invisible e-con e-child\" data-id=\"273ed8b\" data-element_type=\"container\" data-e-type=\"container\" data-settings=\"{&quot;animation&quot;:&quot;fadeIn&quot;}\">\n\t\t\t\t<div class=\"elementor-element elementor-element-fa74032 elementor-widget elementor-widget-heading\" data-id=\"fa74032\" data-element_type=\"widget\" data-e-type=\"widget\" data-widget_type=\"heading.default\">\n\t\t\t\t<div class=\"elementor-widget-container\">\n\t\t\t\t\t<h2 class=\"elementor-heading-title elementor-size-default\">EPOXY RESIN INJECTIONS<\/h2>\t\t\t\t<\/div>\n\t\t\t\t<\/div>\n\t\t\t\t<div class=\"elementor-element elementor-element-0bb6220 elementor-widget elementor-widget-text-editor\" data-id=\"0bb6220\" data-element_type=\"widget\" data-e-type=\"widget\" data-widget_type=\"text-editor.default\">\n\t\t\t\t<div class=\"elementor-widget-container\">\n\t\t\t\t\t\t\t\t\t<ul><li style=\"font-weight: 400;\" aria-level=\"1\"><p>Structural rehabilitation of reinforced concrete structures<\/p><\/li><li style=\"font-weight: 400;\" aria-level=\"1\"><p>Restoration of the mechanical properties of damaged structural elements, such as beams, pillars, slabs, foundations, bridges and tunnels.<\/p><\/li><\/ul>\t\t\t\t\t\t\t\t<\/div>\n\t\t\t\t<\/div>\n\t\t\t\t<\/div>\n\t\t<div class=\"elementor-element elementor-element-79db2c2 e-con-full e-flex elementor-invisible e-con e-child\" data-id=\"79db2c2\" data-element_type=\"container\" data-e-type=\"container\" data-settings=\"{&quot;background_background&quot;:&quot;classic&quot;,&quot;animation&quot;:&quot;fadeInRight&quot;}\">\n\t\t\t\t<\/div>\n\t\t\t\t\t<\/div>\n\t\t\t\t<\/div>\n\t\t<div class=\"elementor-element elementor-element-ede7e4a e-flex e-con-boxed e-con e-parent\" data-id=\"ede7e4a\" data-element_type=\"container\" data-e-type=\"container\">\n\t\t\t\t\t<div class=\"e-con-inner\">\n\t\t<div class=\"elementor-element elementor-element-93dd2f4 e-con-full e-flex elementor-invisible e-con e-child\" data-id=\"93dd2f4\" data-element_type=\"container\" data-e-type=\"container\" data-settings=\"{&quot;background_background&quot;:&quot;classic&quot;,&quot;animation&quot;:&quot;fadeInLeft&quot;}\">\n\t\t\t\t<\/div>\n\t\t<div class=\"elementor-element elementor-element-14b89cd e-con-full animated-slow e-flex elementor-invisible e-con e-child\" data-id=\"14b89cd\" data-element_type=\"container\" data-e-type=\"container\" data-settings=\"{&quot;animation&quot;:&quot;fadeIn&quot;}\">\n\t\t\t\t<div class=\"elementor-element elementor-element-e17bad5 elementor-widget elementor-widget-heading\" data-id=\"e17bad5\" data-element_type=\"widget\" data-e-type=\"widget\" data-widget_type=\"heading.default\">\n\t\t\t\t<div class=\"elementor-widget-container\">\n\t\t\t\t\t<h2 class=\"elementor-heading-title elementor-size-default\">MICROCEMENT INJECTIONS<\/h2>\t\t\t\t<\/div>\n\t\t\t\t<\/div>\n\t\t\t\t<div class=\"elementor-element elementor-element-e742305 elementor-widget elementor-widget-text-editor\" data-id=\"e742305\" data-element_type=\"widget\" data-e-type=\"widget\" data-widget_type=\"text-editor.default\">\n\t\t\t\t<div class=\"elementor-widget-container\">\n\t\t\t\t\t\t\t\t\t<ul><li style=\"font-weight: 400;\" aria-level=\"1\"><p>Rehabilitation of cracked concrete structures<\/p><\/li><li style=\"font-weight: 400;\" aria-level=\"1\"><p>Stabilization of granular pavement layers<\/p><\/li><li style=\"font-weight: 400;\" aria-level=\"1\"><p>Correction of differential settlement of soils and slabs<\/p><\/li><li style=\"font-weight: 400;\" aria-level=\"1\"><p>Filling gaps<\/p><\/li><li style=\"font-weight: 400;\" aria-level=\"1\"><p>Soil and rock formation consolidation<\/p><\/li><\/ul>\t\t\t\t\t\t\t\t<\/div>\n\t\t\t\t<\/div>\n\t\t\t\t<\/div>\n\t\t\t\t\t<\/div>\n\t\t\t\t<\/div>\n\t\t<div class=\"elementor-element elementor-element-a220097 e-flex e-con-boxed e-con e-parent\" data-id=\"a220097\" data-element_type=\"container\" data-e-type=\"container\" data-settings=\"{&quot;background_background&quot;:&quot;classic&quot;}\">\n\t\t\t\t\t<div class=\"e-con-inner\">\n\t\t\t\t<div class=\"elementor-element elementor-element-ba4168e elementor-widget elementor-widget-text-editor\" data-id=\"ba4168e\" data-element_type=\"widget\" data-e-type=\"widget\" data-widget_type=\"text-editor.default\">\n\t\t\t\t<div class=\"elementor-widget-container\">\n\t\t\t\t\t\t\t\t\t<p>At ECOFIRMA, we have a team specializing in injections, with strong technical skills and extensive experience to carry out these procedures efficiently and reliably.<\/p><p>We use high-quality materials and advanced techniques to ensure long-lasting and high-performance results.<\/p><p>If you are experiencing problems with water infiltration, cracking or structural deterioration in concrete structures, please contact us.<\/p><p>We are ready to analyze your situation and propose suitable injection solutions to repair and improve the durability of your structures.<\/p>\t\t\t\t\t\t\t\t<\/div>\n\t\t\t\t<\/div>\n\t\t\t\t\t<\/div>\n\t\t\t\t<\/div>\n\t\t\t\t<\/div>","protected":false},"excerpt":{"rendered":"<p>Chez ECOFIRMA, nous proposons une large gamme de solutions d\u2019injection pour le traitement des pathologies du b\u00e9ton. Nos techniques permettent d\u2019assurer la r\u00e9paration structurelle et l\u2019\u00e9tanch\u00e9it\u00e9 des ouvrages, en s\u2019adaptant \u00e0 chaque situation avec pr\u00e9cision et efficacit\u00e9.<\/p>","protected":false},"author":5,"featured_media":8662,"parent":1255,"menu_order":0,"comment_status":"closed","ping_status":"closed","template":"elementor_header_footer","meta":{"footnotes":""},"class_list":["post-7771","page","type-page","status-publish","has-post-thumbnail","hentry"],"yoast_head":"<!-- This site is optimized with the Yoast SEO plugin v27.4 - https:\/\/yoast.com\/product\/yoast-seo-wordpress\/ -->\n<title>Sistemas de repara\u00e7\u00e3o e estanquidade por injec\u00e7\u00e3o<\/title>\n<meta name=\"description\" content=\"Servi\u00e7os de injec\u00e7\u00e3o adaptados para tratar diversas patologias encontradas em estruturas de bet\u00e3o e garantir a estanquidade.\" \/>\n<meta name=\"robots\" content=\"index, follow, max-snippet:-1, max-image-preview:large, max-video-preview:-1\" \/>\n<link rel=\"canonical\" href=\"https:\/\/www.ecofirma.ci\/en\/pt\/servicos\/sistemas-de-reparacao-e-estanquidade-por-injeccao\/\" \/>\n<meta property=\"og:locale\" content=\"en_GB\" \/>\n<meta property=\"og:type\" content=\"article\" \/>\n<meta property=\"og:title\" content=\"Sistemas de repara\u00e7\u00e3o e estanquidade por injec\u00e7\u00e3o\" \/>\n<meta property=\"og:description\" content=\"Servi\u00e7os de injec\u00e7\u00e3o adaptados para tratar diversas patologias encontradas em estruturas de bet\u00e3o e garantir a estanquidade.\" \/>\n<meta property=\"og:url\" content=\"https:\/\/www.ecofirma.ci\/en\/pt\/servicos\/sistemas-de-reparacao-e-estanquidade-por-injeccao\/\" \/>\n<meta property=\"og:site_name\" content=\"ECOFIRMA C\u00f4te D&#039;Ivoire\" \/>\n<meta property=\"article:publisher\" content=\"https:\/\/www.facebook.com\/EcoEcofirma\" \/>\n<meta property=\"article:modified_time\" content=\"2026-04-24T15:49:04+00:00\" \/>\n<meta property=\"og:image\" content=\"https:\/\/www.ecofirma.ci\/wp-content\/uploads\/2023\/08\/psd1-5.jpg?_t=1777045745\" \/>\n\t<meta property=\"og:image:width\" content=\"1920\" \/>\n\t<meta property=\"og:image:height\" content=\"1440\" \/>\n\t<meta property=\"og:image:type\" content=\"image\/jpeg\" \/>\n<meta name=\"twitter:card\" content=\"summary_large_image\" \/>\n<meta name=\"twitter:label1\" content=\"Estimated reading time\" \/>\n\t<meta name=\"twitter:data1\" content=\"2 minutes\" \/>\n<script type=\"application\/ld+json\" class=\"yoast-schema-graph\">{\"@context\":\"https:\\\/\\\/schema.org\",\"@graph\":[{\"@type\":\"WebPage\",\"@id\":\"https:\\\/\\\/www.ecofirma.ci\\\/pt\\\/servicos\\\/sistemas-de-reparacao-e-estanquidade-por-injeccao\\\/\",\"url\":\"https:\\\/\\\/www.ecofirma.ci\\\/pt\\\/servicos\\\/sistemas-de-reparacao-e-estanquidade-por-injeccao\\\/\",\"name\":\"Sistemas de repara\u00e7\u00e3o e estanquidade por injec\u00e7\u00e3o\",\"isPartOf\":{\"@id\":\"https:\\\/\\\/www.ecofirma.ci\\\/#website\"},\"primaryImageOfPage\":{\"@id\":\"https:\\\/\\\/www.ecofirma.ci\\\/pt\\\/servicos\\\/sistemas-de-reparacao-e-estanquidade-por-injeccao\\\/#primaryimage\"},\"image\":{\"@id\":\"https:\\\/\\\/www.ecofirma.ci\\\/pt\\\/servicos\\\/sistemas-de-reparacao-e-estanquidade-por-injeccao\\\/#primaryimage\"},\"thumbnailUrl\":\"https:\\\/\\\/www.ecofirma.ci\\\/wp-content\\\/uploads\\\/2023\\\/08\\\/psd1-5.jpg\",\"datePublished\":\"2023-06-17T15:32:49+00:00\",\"dateModified\":\"2026-04-24T15:49:04+00:00\",\"description\":\"Servi\u00e7os de injec\u00e7\u00e3o adaptados para tratar diversas patologias encontradas em estruturas de bet\u00e3o e garantir a estanquidade.\",\"breadcrumb\":{\"@id\":\"https:\\\/\\\/www.ecofirma.ci\\\/pt\\\/servicos\\\/sistemas-de-reparacao-e-estanquidade-por-injeccao\\\/#breadcrumb\"},\"inLanguage\":\"en-GB\",\"potentialAction\":[{\"@type\":\"ReadAction\",\"target\":[\"https:\\\/\\\/www.ecofirma.ci\\\/pt\\\/servicos\\\/sistemas-de-reparacao-e-estanquidade-por-injeccao\\\/\"]}]},{\"@type\":\"ImageObject\",\"inLanguage\":\"en-GB\",\"@id\":\"https:\\\/\\\/www.ecofirma.ci\\\/pt\\\/servicos\\\/sistemas-de-reparacao-e-estanquidade-por-injeccao\\\/#primaryimage\",\"url\":\"https:\\\/\\\/www.ecofirma.ci\\\/wp-content\\\/uploads\\\/2023\\\/08\\\/psd1-5.jpg\",\"contentUrl\":\"https:\\\/\\\/www.ecofirma.ci\\\/wp-content\\\/uploads\\\/2023\\\/08\\\/psd1-5.jpg\",\"width\":1920,\"height\":1440},{\"@type\":\"BreadcrumbList\",\"@id\":\"https:\\\/\\\/www.ecofirma.ci\\\/pt\\\/servicos\\\/sistemas-de-reparacao-e-estanquidade-por-injeccao\\\/#breadcrumb\",\"itemListElement\":[{\"@type\":\"ListItem\",\"position\":1,\"name\":\"In\u00edcio\",\"item\":\"https:\\\/\\\/www.ecofirma.ci\\\/\"},{\"@type\":\"ListItem\",\"position\":2,\"name\":\"Notres services\",\"item\":\"https:\\\/\\\/www.ecofirma.ci\\\/servicos\\\/\"},{\"@type\":\"ListItem\",\"position\":3,\"name\":\"Syst\u00e8mes de r\u00e9paration et d\u2019\u00e9tanch\u00e9it\u00e9 par injection\"}]},{\"@type\":\"WebSite\",\"@id\":\"https:\\\/\\\/www.ecofirma.ci\\\/#website\",\"url\":\"https:\\\/\\\/www.ecofirma.ci\\\/\",\"name\":\"ECOFIRMA C\u00f4te D&#039;Ivoire\",\"description\":\"Avec nous, c&#039;est l&#039;Assurance !\",\"publisher\":{\"@id\":\"https:\\\/\\\/www.ecofirma.ci\\\/#organization\"},\"potentialAction\":[{\"@type\":\"SearchAction\",\"target\":{\"@type\":\"EntryPoint\",\"urlTemplate\":\"https:\\\/\\\/www.ecofirma.ci\\\/?s={search_term_string}\"},\"query-input\":{\"@type\":\"PropertyValueSpecification\",\"valueRequired\":true,\"valueName\":\"search_term_string\"}}],\"inLanguage\":\"en-GB\"},{\"@type\":\"Organization\",\"@id\":\"https:\\\/\\\/www.ecofirma.ci\\\/#organization\",\"name\":\"ECOFIRMA C\u00f4te D&#039;Ivoire\",\"url\":\"https:\\\/\\\/www.ecofirma.ci\\\/\",\"logo\":{\"@type\":\"ImageObject\",\"inLanguage\":\"en-GB\",\"@id\":\"https:\\\/\\\/www.ecofirma.ci\\\/#\\\/schema\\\/logo\\\/image\\\/\",\"url\":\"https:\\\/\\\/www.ecofirma.ci\\\/wp-content\\\/uploads\\\/2023\\\/04\\\/ECOFIRMA-Cote-divoire-logo-scaled.png\",\"contentUrl\":\"https:\\\/\\\/www.ecofirma.ci\\\/wp-content\\\/uploads\\\/2023\\\/04\\\/ECOFIRMA-Cote-divoire-logo-scaled.png\",\"width\":2560,\"height\":1079,\"caption\":\"ECOFIRMA C\u00f4te D&#039;Ivoire\"},\"image\":{\"@id\":\"https:\\\/\\\/www.ecofirma.ci\\\/#\\\/schema\\\/logo\\\/image\\\/\"},\"sameAs\":[\"https:\\\/\\\/www.facebook.com\\\/EcoEcofirma\",\"https:\\\/\\\/www.linkedin.com\\\/company\\\/grupoecofirma\"]}]}<\/script>\n<!-- \/ Yoast SEO plugin. -->","yoast_head_json":{"title":"Sistemas de repara\u00e7\u00e3o e estanquidade por injec\u00e7\u00e3o","description":"Servi\u00e7os de injec\u00e7\u00e3o adaptados para tratar diversas patologias encontradas em estruturas de bet\u00e3o e garantir a estanquidade.","robots":{"index":"index","follow":"follow","max-snippet":"max-snippet:-1","max-image-preview":"max-image-preview:large","max-video-preview":"max-video-preview:-1"},"canonical":"https:\/\/www.ecofirma.ci\/en\/pt\/servicos\/sistemas-de-reparacao-e-estanquidade-por-injeccao\/","og_locale":"en_GB","og_type":"article","og_title":"Sistemas de repara\u00e7\u00e3o e estanquidade por injec\u00e7\u00e3o","og_description":"Servi\u00e7os de injec\u00e7\u00e3o adaptados para tratar diversas patologias encontradas em estruturas de bet\u00e3o e garantir a estanquidade.","og_url":"https:\/\/www.ecofirma.ci\/en\/pt\/servicos\/sistemas-de-reparacao-e-estanquidade-por-injeccao\/","og_site_name":"ECOFIRMA C\u00f4te D&#039;Ivoire","article_publisher":"https:\/\/www.facebook.com\/EcoEcofirma","article_modified_time":"2026-04-24T15:49:04+00:00","og_image":[{"width":1920,"height":1440,"url":"https:\/\/www.ecofirma.ci\/wp-content\/uploads\/2023\/08\/psd1-5.jpg?_t=1777045745","type":"image\/jpeg"}],"twitter_card":"summary_large_image","twitter_misc":{"Estimated reading time":"2 minutes"},"schema":{"@context":"https:\/\/schema.org","@graph":[{"@type":"WebPage","@id":"https:\/\/www.ecofirma.ci\/pt\/servicos\/sistemas-de-reparacao-e-estanquidade-por-injeccao\/","url":"https:\/\/www.ecofirma.ci\/pt\/servicos\/sistemas-de-reparacao-e-estanquidade-por-injeccao\/","name":"Sistemas de repara\u00e7\u00e3o e estanquidade por injec\u00e7\u00e3o","isPartOf":{"@id":"https:\/\/www.ecofirma.ci\/#website"},"primaryImageOfPage":{"@id":"https:\/\/www.ecofirma.ci\/pt\/servicos\/sistemas-de-reparacao-e-estanquidade-por-injeccao\/#primaryimage"},"image":{"@id":"https:\/\/www.ecofirma.ci\/pt\/servicos\/sistemas-de-reparacao-e-estanquidade-por-injeccao\/#primaryimage"},"thumbnailUrl":"https:\/\/www.ecofirma.ci\/wp-content\/uploads\/2023\/08\/psd1-5.jpg","datePublished":"2023-06-17T15:32:49+00:00","dateModified":"2026-04-24T15:49:04+00:00","description":"Servi\u00e7os de injec\u00e7\u00e3o adaptados para tratar diversas patologias encontradas em estruturas de bet\u00e3o e garantir a estanquidade.","breadcrumb":{"@id":"https:\/\/www.ecofirma.ci\/pt\/servicos\/sistemas-de-reparacao-e-estanquidade-por-injeccao\/#breadcrumb"},"inLanguage":"en-GB","potentialAction":[{"@type":"ReadAction","target":["https:\/\/www.ecofirma.ci\/pt\/servicos\/sistemas-de-reparacao-e-estanquidade-por-injeccao\/"]}]},{"@type":"ImageObject","inLanguage":"en-GB","@id":"https:\/\/www.ecofirma.ci\/pt\/servicos\/sistemas-de-reparacao-e-estanquidade-por-injeccao\/#primaryimage","url":"https:\/\/www.ecofirma.ci\/wp-content\/uploads\/2023\/08\/psd1-5.jpg","contentUrl":"https:\/\/www.ecofirma.ci\/wp-content\/uploads\/2023\/08\/psd1-5.jpg","width":1920,"height":1440},{"@type":"BreadcrumbList","@id":"https:\/\/www.ecofirma.ci\/pt\/servicos\/sistemas-de-reparacao-e-estanquidade-por-injeccao\/#breadcrumb","itemListElement":[{"@type":"ListItem","position":1,"name":"In\u00edcio","item":"https:\/\/www.ecofirma.ci\/"},{"@type":"ListItem","position":2,"name":"Notres services","item":"https:\/\/www.ecofirma.ci\/servicos\/"},{"@type":"ListItem","position":3,"name":"Syst\u00e8mes de r\u00e9paration et d\u2019\u00e9tanch\u00e9it\u00e9 par injection"}]},{"@type":"WebSite","@id":"https:\/\/www.ecofirma.ci\/#website","url":"https:\/\/www.ecofirma.ci\/","name":"ECOFIRMA C\u00f4te D&#039;Ivoire","description":"Avec nous, c&#039;est l&#039;Assurance !","publisher":{"@id":"https:\/\/www.ecofirma.ci\/#organization"},"potentialAction":[{"@type":"SearchAction","target":{"@type":"EntryPoint","urlTemplate":"https:\/\/www.ecofirma.ci\/?s={search_term_string}"},"query-input":{"@type":"PropertyValueSpecification","valueRequired":true,"valueName":"search_term_string"}}],"inLanguage":"en-GB"},{"@type":"Organization","@id":"https:\/\/www.ecofirma.ci\/#organization","name":"ECOFIRMA C\u00f4te D&#039;Ivoire","url":"https:\/\/www.ecofirma.ci\/","logo":{"@type":"ImageObject","inLanguage":"en-GB","@id":"https:\/\/www.ecofirma.ci\/#\/schema\/logo\/image\/","url":"https:\/\/www.ecofirma.ci\/wp-content\/uploads\/2023\/04\/ECOFIRMA-Cote-divoire-logo-scaled.png","contentUrl":"https:\/\/www.ecofirma.ci\/wp-content\/uploads\/2023\/04\/ECOFIRMA-Cote-divoire-logo-scaled.png","width":2560,"height":1079,"caption":"ECOFIRMA C\u00f4te D&#039;Ivoire"},"image":{"@id":"https:\/\/www.ecofirma.ci\/#\/schema\/logo\/image\/"},"sameAs":["https:\/\/www.facebook.com\/EcoEcofirma","https:\/\/www.linkedin.com\/company\/grupoecofirma"]}]}},"_links":{"self":[{"href":"https:\/\/www.ecofirma.ci\/en\/wp-json\/wp\/v2\/pages\/7771","targetHints":{"allow":["GET"]}}],"collection":[{"href":"https:\/\/www.ecofirma.ci\/en\/wp-json\/wp\/v2\/pages"}],"about":[{"href":"https:\/\/www.ecofirma.ci\/en\/wp-json\/wp\/v2\/types\/page"}],"author":[{"embeddable":true,"href":"https:\/\/www.ecofirma.ci\/en\/wp-json\/wp\/v2\/users\/5"}],"replies":[{"embeddable":true,"href":"https:\/\/www.ecofirma.ci\/en\/wp-json\/wp\/v2\/comments?post=7771"}],"version-history":[{"count":18,"href":"https:\/\/www.ecofirma.ci\/en\/wp-json\/wp\/v2\/pages\/7771\/revisions"}],"predecessor-version":[{"id":10089,"href":"https:\/\/www.ecofirma.ci\/en\/wp-json\/wp\/v2\/pages\/7771\/revisions\/10089"}],"up":[{"embeddable":true,"href":"https:\/\/www.ecofirma.ci\/en\/wp-json\/wp\/v2\/pages\/1255"}],"wp:featuredmedia":[{"embeddable":true,"href":"https:\/\/www.ecofirma.ci\/en\/wp-json\/wp\/v2\/media\/8662"}],"wp:attachment":[{"href":"https:\/\/www.ecofirma.ci\/en\/wp-json\/wp\/v2\/media?parent=7771"}],"curies":[{"name":"wp","href":"https:\/\/api.w.org\/{rel}","templated":true}]}}